{"id":29310,"date":"2024-04-29T13:21:22","date_gmt":"2024-04-29T13:21:22","guid":{"rendered":"https:\/\/chemsxpress.com\/?post_type=product&#038;p=29310"},"modified":"2025-05-29T13:39:19","modified_gmt":"2025-05-29T13:39:19","slug":"acquistare-4-ho-dpt","status":"publish","type":"product","link":"https:\/\/chemsxpress.com\/it\/prodotto\/acquistare-4-ho-dpt\/","title":{"rendered":"4-HO-DPT"},"content":{"rendered":"<h2><strong>ACQUISTA 4-HO-DPT<\/strong><\/h2>\n<p>Acquistare 4-HO-DPT \u00e8 ufficialmente noto come 4-idrossi-dipropiltriptamina e occasionalmente indicato come Procin. Il 4-HO-DPT \u00e8 una sostanza psichedelica della classe delle triptamine. Il 4-HO-DPT \u00e8 stato sintetizzato per la prima volta da Alexander Shulgin e documentato nel suo libro TiHKAL (<em>Le triptamine che ho conosciuto e amato<\/em>). I ricercatori la utilizzano come composto entheogenico. Rispetto ad altre triptamine come la 4-HO-DMT e la 4-AcO-DMT, la 4-idrossi-dipropiltriptamina ha risultati molto simili.<\/p>\n<p>&nbsp;<\/p>\n<h2><strong>COME UTILIZZARE LA POLVERE DI 4-HO-DPT?<\/strong><\/h2>\n<p>A <a href=\"https:\/\/chemsxpress.com\/it\/\">chemsxpress<\/a> \u00e8 possibile acquistare 4-HO-DPT in polvere della massima qualit\u00e0 (purezza &gt;97%). Abbiamo 4-HO-DPT in vendita nelle quantit\u00e0 di 0,25gr, 0,5gr e 1gr. Assicurarsi di conservare la polvere di 4-HO-DPT in un luogo asciutto e fresco per la massima durata di conservazione. Quando si maneggiano sostanze chimiche per la ricerca, assicurarsi di prendere sempre le dovute precauzioni in laboratorio, come pulire le superfici e indossare guanti, maschera e indumenti protettivi. Si consiglia vivamente di utilizzare le pratiche di riduzione del danno quando si utilizzano le sostanze chimiche per la ricerca.<\/p>\n<p>&nbsp;<\/p>\n<h2><strong>DEFINIZIONE 4-HO-DPT<\/strong><\/h2>\n<p>La definizione di Buy 4-HO-DPT \u00e8 ufficialmente nota come 4-idrossi-dipropiltriptamina e occasionalmente indicata come Procin. \u00c8 una sostanza psichedelica della classe delle triptamine, correlata alla sua spina dorsale DPT, nota anche come Dipropiltriptamina \"La Luce\".<\/p>\n<p>&nbsp;<\/p>\n<h2><strong>INFORMAZIONI DI BASE SULLA CHIMICA 4-HO-DPT<\/strong><\/h2>\n<p>Come la maggior parte delle triptamine psichedeliche, si ritiene che il 4-HO-DPT agisca principalmente come agonista parziale 5-HT2A. Si ritiene che le propriet\u00e0 psichedeliche derivino dai risultati del 4-HO-DPT sui recettori 5-HT2A. Tuttavia, il ruolo e gli esiti di queste interazioni rimangono elusivi e richiederanno ulteriori indagini scientifiche. Le sostanze della classe delle triptamine condividono una struttura centrale costituita da un eterociclo indolico biciclico legato a R3 a un gruppo amminico. Il 4-HO-DPT \u00e8 sostituito sul R4 del suo eterociclo indolico con un gruppo funzionale idrossile OH-. Contiene inoltre due catene propiliche legate all'ammina terminale RN della sua spina dorsale triptaminica (DPT).<\/p>\n<p>&nbsp;<\/p>\n<h2><strong>DOVE ACQUISTARE 4-HO-DPT<\/strong><\/h2>\n<p>\u00c8 possibile acquistare 4-HO-DPT qui sul sito web di Chemsxpress. Vendiamo 4-HO-DPT di qualit\u00e0 superiore, in genere in polvere. Tuttavia, spesso abbiamo a disposizione altre forme di sostanze, quindi non esitate a contattarci per vedere se abbiamo la forma di sostanza che preferite in magazzino. Per acquistare 4-HO-DPT da noi \u00e8 necessario avere almeno 18 anni.<\/p>","protected":false},"excerpt":{"rendered":"<p><strong>Nome IUPAC: <\/strong>4-idrossi-N,N-dipropiltriptamina<\/p>\n<p><strong>Aspetto: <\/strong>polvere<\/p>\n<p><strong>Analisi NMR: <\/strong>N\/D<\/p>","protected":false},"featured_media":29339,"comment_status":"open","ping_status":"closed","template":"","meta":[],"product_brand":[],"product_cat":[92],"product_tag":[],"class_list":{"0":"post-29310","1":"product","2":"type-product","3":"status-publish","4":"has-post-thumbnail","6":"product_cat-tryptamines","8":"first","9":"instock","10":"shipping-taxable","11":"purchasable","12":"product-type-variable"},"yoast_head":"<!-- This site is optimized with the Yoast SEO Premium plugin v24.1 (Yoast SEO v27.6) - https:\/\/yoast.com\/product\/yoast-seo-premium-wordpress\/ -->\n<title>Buy 4-HO-DPT Online: Best Research Chemicals [chemsxpress]<\/title>\n<meta name=\"description\" content=\"Elevate your research with buy 4-HO-DPT. Explore our selection of premium-grade research chemicals. Trusted source, discreet packaging, fast shipping.\" \/>\n<meta name=\"robots\" content=\"index, follow, max-snippet:-1, max-image-preview:large, max-video-preview:-1\" \/>\n<link rel=\"canonical\" href=\"https:\/\/chemsxpress.com\/it\/prodotto\/acquistare-4-ho-dpt\/\" \/>\n<meta property=\"og:locale\" content=\"it_IT\" \/>\n<meta property=\"og:type\" content=\"article\" \/>\n<meta property=\"og:title\" content=\"4-HO-DPT\" \/>\n<meta property=\"og:description\" content=\"Elevate your research with buy 4-HO-DPT. Explore our selection of premium-grade research chemicals. Trusted source, discreet packaging, fast shipping.\" \/>\n<meta property=\"og:url\" content=\"https:\/\/chemsxpress.com\/it\/prodotto\/acquistare-4-ho-dpt\/\" \/>\n<meta property=\"og:site_name\" content=\"SHOP MDPHP\" \/>\n<meta property=\"article:modified_time\" content=\"2025-05-29T13:39:19+00:00\" \/>\n<meta property=\"og:image\" content=\"https:\/\/chemsxpress.com\/wp-content\/uploads\/2024\/04\/4-HO-DPT.jpg\" \/>\n\t<meta property=\"og:image:width\" content=\"600\" \/>\n\t<meta property=\"og:image:height\" content=\"600\" \/>\n\t<meta property=\"og:image:type\" content=\"image\/jpeg\" \/>\n<meta name=\"twitter:card\" content=\"summary_large_image\" \/>\n<meta name=\"twitter:label1\" content=\"Tempo di lettura stimato\" \/>\n\t<meta name=\"twitter:data1\" content=\"2 minuti\" \/>\n<script type=\"application\/ld+json\" class=\"yoast-schema-graph\">{\"@context\":\"https:\\\/\\\/schema.org\",\"@graph\":[{\"@type\":\"WebPage\",\"@id\":\"https:\\\/\\\/chemsxpress.com\\\/product\\\/buy-4-ho-dpt\\\/\",\"url\":\"https:\\\/\\\/chemsxpress.com\\\/product\\\/buy-4-ho-dpt\\\/\",\"name\":\"Buy 4-HO-DPT Online: Best Research Chemicals [chemsxpress]\",\"isPartOf\":{\"@id\":\"https:\\\/\\\/chemsxpress.com\\\/#website\"},\"primaryImageOfPage\":{\"@id\":\"https:\\\/\\\/chemsxpress.com\\\/product\\\/buy-4-ho-dpt\\\/#primaryimage\"},\"image\":{\"@id\":\"https:\\\/\\\/chemsxpress.com\\\/product\\\/buy-4-ho-dpt\\\/#primaryimage\"},\"thumbnailUrl\":\"https:\\\/\\\/chemsxpress.com\\\/wp-content\\\/uploads\\\/2024\\\/04\\\/4-HO-DPT.jpg\",\"datePublished\":\"2024-04-29T13:21:22+00:00\",\"dateModified\":\"2025-05-29T13:39:19+00:00\",\"description\":\"Elevate your research with buy 4-HO-DPT. Explore our selection of premium-grade research chemicals. Trusted source, discreet packaging, fast shipping.\",\"breadcrumb\":{\"@id\":\"https:\\\/\\\/chemsxpress.com\\\/product\\\/buy-4-ho-dpt\\\/#breadcrumb\"},\"inLanguage\":\"it-IT\",\"potentialAction\":[{\"@type\":\"ReadAction\",\"target\":[\"https:\\\/\\\/chemsxpress.com\\\/product\\\/buy-4-ho-dpt\\\/\"]}]},{\"@type\":\"ImageObject\",\"inLanguage\":\"it-IT\",\"@id\":\"https:\\\/\\\/chemsxpress.com\\\/product\\\/buy-4-ho-dpt\\\/#primaryimage\",\"url\":\"https:\\\/\\\/chemsxpress.com\\\/wp-content\\\/uploads\\\/2024\\\/04\\\/4-HO-DPT.jpg\",\"contentUrl\":\"https:\\\/\\\/chemsxpress.com\\\/wp-content\\\/uploads\\\/2024\\\/04\\\/4-HO-DPT.jpg\",\"width\":600,\"height\":600,\"caption\":\"Buy 4-HO-DPT\"},{\"@type\":\"BreadcrumbList\",\"@id\":\"https:\\\/\\\/chemsxpress.com\\\/product\\\/buy-4-ho-dpt\\\/#breadcrumb\",\"itemListElement\":[{\"@type\":\"ListItem\",\"position\":1,\"name\":\"Home\",\"item\":\"https:\\\/\\\/chemsxpress.com\\\/\"},{\"@type\":\"ListItem\",\"position\":2,\"name\":\"Shop\",\"item\":\"https:\\\/\\\/chemsxpress.com\\\/shop\\\/\"},{\"@type\":\"ListItem\",\"position\":3,\"name\":\"4-HO-DPT\"}]},{\"@type\":\"WebSite\",\"@id\":\"https:\\\/\\\/chemsxpress.com\\\/#website\",\"url\":\"https:\\\/\\\/chemsxpress.com\\\/\",\"name\":\"SHOP MDPHP\",\"description\":\"Buy MDPHP freebase from reliable supplier\",\"potentialAction\":[{\"@type\":\"SearchAction\",\"target\":{\"@type\":\"EntryPoint\",\"urlTemplate\":\"https:\\\/\\\/chemsxpress.com\\\/?s={search_term_string}\"},\"query-input\":{\"@type\":\"PropertyValueSpecification\",\"valueRequired\":true,\"valueName\":\"search_term_string\"}}],\"inLanguage\":\"it-IT\"}]}<\/script>\n<!-- \/ Yoast SEO Premium plugin. -->","yoast_head_json":{"title":"Buy 4-HO-DPT Online: Best Research Chemicals [chemsxpress]","description":"Acquista 4-ACO-MET Migliora la tua ricerca con 4-ACO-MET. Esplora la nostra selezione di prodotti chimici di ricerca di grado A. Fonte affidabile, imballaggio discreto, spedizione veloce","robots":{"index":"index","follow":"follow","max-snippet":"max-snippet:-1","max-image-preview":"max-image-preview:large","max-video-preview":"max-video-preview:-1"},"canonical":"https:\/\/chemsxpress.com\/it\/prodotto\/acquistare-4-ho-dpt\/","og_locale":"it_IT","og_type":"article","og_title":"4-HO-DPT","og_description":"Elevate your research with buy 4-HO-DPT. Explore our selection of premium-grade research chemicals. Trusted source, discreet packaging, fast shipping.","og_url":"https:\/\/chemsxpress.com\/it\/prodotto\/acquistare-4-ho-dpt\/","og_site_name":"SHOP MDPHP","article_modified_time":"2025-05-29T13:39:19+00:00","og_image":[{"width":600,"height":600,"url":"https:\/\/chemsxpress.com\/wp-content\/uploads\/2024\/04\/4-HO-DPT.jpg","type":"image\/jpeg"}],"twitter_card":"summary_large_image","twitter_misc":{"Tempo di lettura stimato":"2 minuti"},"schema":{"@context":"https:\/\/schema.org","@graph":[{"@type":"WebPage","@id":"https:\/\/chemsxpress.com\/product\/buy-4-ho-dpt\/","url":"https:\/\/chemsxpress.com\/product\/buy-4-ho-dpt\/","name":"Buy 4-HO-DPT Online: Best Research Chemicals [chemsxpress]","isPartOf":{"@id":"https:\/\/chemsxpress.com\/#website"},"primaryImageOfPage":{"@id":"https:\/\/chemsxpress.com\/product\/buy-4-ho-dpt\/#primaryimage"},"image":{"@id":"https:\/\/chemsxpress.com\/product\/buy-4-ho-dpt\/#primaryimage"},"thumbnailUrl":"https:\/\/chemsxpress.com\/wp-content\/uploads\/2024\/04\/4-HO-DPT.jpg","datePublished":"2024-04-29T13:21:22+00:00","dateModified":"2025-05-29T13:39:19+00:00","description":"Acquista 4-ACO-MET Migliora la tua ricerca con 4-ACO-MET. Esplora la nostra selezione di prodotti chimici di ricerca di grado A. Fonte affidabile, imballaggio discreto, spedizione veloce","breadcrumb":{"@id":"https:\/\/chemsxpress.com\/product\/buy-4-ho-dpt\/#breadcrumb"},"inLanguage":"it-IT","potentialAction":[{"@type":"ReadAction","target":["https:\/\/chemsxpress.com\/product\/buy-4-ho-dpt\/"]}]},{"@type":"ImageObject","inLanguage":"it-IT","@id":"https:\/\/chemsxpress.com\/product\/buy-4-ho-dpt\/#primaryimage","url":"https:\/\/chemsxpress.com\/wp-content\/uploads\/2024\/04\/4-HO-DPT.jpg","contentUrl":"https:\/\/chemsxpress.com\/wp-content\/uploads\/2024\/04\/4-HO-DPT.jpg","width":600,"height":600,"caption":"Buy 4-HO-DPT"},{"@type":"BreadcrumbList","@id":"https:\/\/chemsxpress.com\/product\/buy-4-ho-dpt\/#breadcrumb","itemListElement":[{"@type":"ListItem","position":1,"name":"Home","item":"https:\/\/chemsxpress.com\/"},{"@type":"ListItem","position":2,"name":"Shop","item":"https:\/\/chemsxpress.com\/shop\/"},{"@type":"ListItem","position":3,"name":"4-HO-DPT"}]},{"@type":"WebSite","@id":"https:\/\/chemsxpress.com\/#website","url":"https:\/\/chemsxpress.com\/","name":"NEGOZIO MDP","description":"Acquistare MDPHP freebase da un fornitore affidabile","potentialAction":[{"@type":"SearchAction","target":{"@type":"EntryPoint","urlTemplate":"https:\/\/chemsxpress.com\/?s={search_term_string}"},"query-input":{"@type":"PropertyValueSpecification","valueRequired":true,"valueName":"search_term_string"}}],"inLanguage":"it-IT"}]}},"jetpack_sharing_enabled":true,"_links":{"self":[{"href":"https:\/\/chemsxpress.com\/it\/wp-json\/wp\/v2\/product\/29310","targetHints":{"allow":["GET"]}}],"collection":[{"href":"https:\/\/chemsxpress.com\/it\/wp-json\/wp\/v2\/product"}],"about":[{"href":"https:\/\/chemsxpress.com\/it\/wp-json\/wp\/v2\/types\/product"}],"replies":[{"embeddable":true,"href":"https:\/\/chemsxpress.com\/it\/wp-json\/wp\/v2\/comments?post=29310"}],"version-history":[{"count":3,"href":"https:\/\/chemsxpress.com\/it\/wp-json\/wp\/v2\/product\/29310\/revisions"}],"predecessor-version":[{"id":29550,"href":"https:\/\/chemsxpress.com\/it\/wp-json\/wp\/v2\/product\/29310\/revisions\/29550"}],"wp:featuredmedia":[{"embeddable":true,"href":"https:\/\/chemsxpress.com\/it\/wp-json\/wp\/v2\/media\/29339"}],"wp:attachment":[{"href":"https:\/\/chemsxpress.com\/it\/wp-json\/wp\/v2\/media?parent=29310"}],"wp:term":[{"taxonomy":"product_brand","embeddable":true,"href":"https:\/\/chemsxpress.com\/it\/wp-json\/wp\/v2\/product_brand?post=29310"},{"taxonomy":"product_cat","embeddable":true,"href":"https:\/\/chemsxpress.com\/it\/wp-json\/wp\/v2\/product_cat?post=29310"},{"taxonomy":"product_tag","embeddable":true,"href":"https:\/\/chemsxpress.com\/it\/wp-json\/wp\/v2\/product_tag?post=29310"}],"curies":[{"name":"wp","href":"https:\/\/api.w.org\/{rel}","templated":true}]}}