{"id":29312,"date":"2024-04-29T13:21:22","date_gmt":"2024-04-29T13:21:22","guid":{"rendered":"https:\/\/chemsxpress.com\/?post_type=product&#038;p=29312"},"modified":"2024-07-04T21:46:46","modified_gmt":"2024-07-04T21:46:46","slug":"acquistare-4-ho-det","status":"publish","type":"product","link":"https:\/\/chemsxpress.com\/it\/prodotto\/acquistare-4-ho-det\/","title":{"rendered":"4-HO-DET"},"content":{"rendered":"<h1><strong>ACQUISTA 4-HO-DET<\/strong><\/h1>\n<p>Il 4-HO-DET \u00e8 uno psichedelico meno conosciuto della classe delle triptamine, noto anche come 4-idrossi-N, N-dietil-triptamina, CZ-74 o Etocina. Il 4-HO-DET \u00e8 stato sintetizzato per la prima volta alla fine degli anni '50 da Albert Hofmann e Franz Troxler. I due scienziati esaminarono i diversi composti psichedelici strutturalmente e chimicamente correlati ai principali componenti attivi isolati dai funghi magici, la psilocibina (4-PO-DMT) e la psilocina (4-HO-DMT).<\/p>\n<p>I funghi psilocibinici, meglio conosciuti come funghi magici, funghi psichedelici e funghi magici, sono una famiglia di funghi psicoattivi che contengono psilocibina, una classe psichedelica di triptamine. I funghi psilocibinici sono presenti in tutti i continenti e sono classificati in oltre 200 specie.<\/p>\n<p>&nbsp;<\/p>\n<h2><strong>COME UTILIZZARE LA POLVERE DI 4-HO-DET?<\/strong><\/h2>\n<p>A <a href=\"https:\/\/chemsxpress.com\/it\/\">ChemsXpress<\/a> \u00e8 possibile acquistare il 4-HO-DET in polvere di altissima qualit\u00e0. Abbiamo 4-HO-DET in vendita nelle quantit\u00e0 di 0,25gr, 0,5gr, 1gr e 2gr. 4-HO-DET \u00e8 uno psichedelico meno conosciuto della classe delle triptamine, noto anche come 4-idrossi-N, N-dietil-triptamina, CZ-74 o Ethocin.<\/p>\n<p>Assicurarsi di conservare la polvere di 4-HO-DET in un luogo asciutto e fresco per ottenere la massima durata di conservazione. Quando si maneggiano sostanze chimiche per la ricerca, assicurarsi di prendere sempre le dovute precauzioni in laboratorio, come pulire le superfici e indossare guanti, maschera e indumenti protettivi. Si consiglia vivamente di utilizzare le pratiche di riduzione del danno quando si utilizzano le sostanze chimiche per la ricerca.<\/p>\n<p>&nbsp;<\/p>\n<h2><strong>DEFINIZIONE 4-HO-DET<\/strong><\/h2>\n<p>La definizione di 4-HO-DET \u00e8 ufficialmente nota come 4-idrossi-N o N-dietil-triptamina. \u00c8 uno psichedelico meno conosciuto della classe delle triptamine e fu sintetizzato per la prima volta alla fine degli anni '50 da Albert Hofmann e Franz Troxler. Il 4-HO-DET \u00e8 una struttura strettamente correlata alla psilocina (4-HO-DMT), il componente psicoattivo principale della <a href=\"https:\/\/chemsxpress.com\/it\/categoria-di-prodotto\/ricerca-chimica\/\">funghi magici<\/a>.<\/p>\n<p>&nbsp;<\/p>\n<h2><strong>INFORMAZIONI DI BASE SULLA CHIMICA 4-HO-DET<\/strong><\/h2>\n<p>La 4-HO-DET, o 4-idrossi-N,N-dietil-triptamina, \u00e8 una molecola sintetica della classe chimica delle triptamine. Le sostanze della classe delle triptamine condividono una struttura centrale costituita da un eterociclo indolico biciclico legato a R3 a un gruppo amminico. Si ritiene che le propriet\u00e0 psichedeliche derivino dagli effetti del 4-HO-DPT sui recettori 5-HT2A. Tuttavia, il ruolo e gli esiti di queste interazioni rimangono elusivi e richiederanno ulteriori indagini scientifiche. Il 4-HO-DET \u00e8 un parente strutturale stretto della psilocina (4-HO-DMT), il principale componente psicoattivo dei funghi magici. Si distingue perch\u00e9 ne condivide molte delle caratteristiche principali.<\/p>\n<p>&nbsp;<\/p>\n<h2><strong>DOVE ACQUISTARE 4-HO-DET<\/strong><\/h2>\n<p>Il 4-HO-DET pu\u00f2 essere acquistato qui sul sito web di Rchemshop. Vendiamo 4-HO-DET di qualit\u00e0 superiore, in genere in polvere. Tuttavia, spesso abbiamo a disposizione altre forme di sostanza, quindi non esitate a contattarci per vedere se abbiamo la forma di sostanza che preferite in magazzino. Devi avere almeno 18 anni per acquistare 4-HO-DET da noi.<\/p>","protected":false},"excerpt":{"rendered":"<p>panaceachems.com offre prodotti non destinati al consumo umano. Il consumo (involontario) di questo prodotto pu\u00f2 avere gravi conseguenze mediche.<\/p>","protected":false},"featured_media":29343,"comment_status":"open","ping_status":"closed","template":"","meta":[],"product_brand":[],"product_cat":[92],"product_tag":[],"class_list":{"0":"post-29312","1":"product","2":"type-product","3":"status-publish","4":"has-post-thumbnail","6":"product_cat-tryptamines","8":"first","9":"instock","10":"shipping-taxable","11":"purchasable","12":"product-type-variable"},"yoast_head":"<!-- This site is optimized with the Yoast SEO Premium plugin v24.1 (Yoast SEO v27.4) - https:\/\/yoast.com\/product\/yoast-seo-premium-wordpress\/ -->\n<title>Buy 4-HO-DET Online: Premium Quality, Fast Shipping<\/title>\n<meta name=\"description\" content=\"Buy 4-HO-DET. Explore our selection of high-quality RC available for purchase online. Trust in our reliable source and fast shipping for all your needs.\" \/>\n<meta name=\"robots\" content=\"index, follow, max-snippet:-1, max-image-preview:large, max-video-preview:-1\" \/>\n<link rel=\"canonical\" href=\"https:\/\/chemsxpress.com\/it\/prodotto\/acquistare-4-ho-det\/\" \/>\n<meta property=\"og:locale\" content=\"it_IT\" \/>\n<meta property=\"og:type\" content=\"article\" \/>\n<meta property=\"og:title\" content=\"4-HO-DET\" \/>\n<meta property=\"og:description\" content=\"Buy 4-HO-DET. Explore our selection of high-quality RC available for purchase online. Trust in our reliable source and fast shipping for all your needs.\" \/>\n<meta property=\"og:url\" content=\"https:\/\/chemsxpress.com\/it\/prodotto\/acquistare-4-ho-det\/\" \/>\n<meta property=\"og:site_name\" content=\"SHOP MDPHP\" \/>\n<meta property=\"article:modified_time\" content=\"2024-07-04T21:46:46+00:00\" \/>\n<meta property=\"og:image\" content=\"https:\/\/chemsxpress.com\/wp-content\/uploads\/2024\/04\/4-HO-DET.jpg\" \/>\n\t<meta property=\"og:image:width\" content=\"600\" \/>\n\t<meta property=\"og:image:height\" content=\"600\" \/>\n\t<meta property=\"og:image:type\" content=\"image\/jpeg\" \/>\n<meta name=\"twitter:card\" content=\"summary_large_image\" \/>\n<meta name=\"twitter:label1\" content=\"Tempo di lettura stimato\" \/>\n\t<meta name=\"twitter:data1\" content=\"3 minuti\" \/>\n<script type=\"application\/ld+json\" class=\"yoast-schema-graph\">{\"@context\":\"https:\\\/\\\/schema.org\",\"@graph\":[{\"@type\":\"WebPage\",\"@id\":\"https:\\\/\\\/chemsxpress.com\\\/product\\\/buy-4-ho-det\\\/\",\"url\":\"https:\\\/\\\/chemsxpress.com\\\/product\\\/buy-4-ho-det\\\/\",\"name\":\"Buy 4-HO-DET Online: Premium Quality, Fast Shipping\",\"isPartOf\":{\"@id\":\"https:\\\/\\\/chemsxpress.com\\\/#website\"},\"primaryImageOfPage\":{\"@id\":\"https:\\\/\\\/chemsxpress.com\\\/product\\\/buy-4-ho-det\\\/#primaryimage\"},\"image\":{\"@id\":\"https:\\\/\\\/chemsxpress.com\\\/product\\\/buy-4-ho-det\\\/#primaryimage\"},\"thumbnailUrl\":\"https:\\\/\\\/chemsxpress.com\\\/wp-content\\\/uploads\\\/2024\\\/04\\\/4-HO-DET.jpg\",\"datePublished\":\"2024-04-29T13:21:22+00:00\",\"dateModified\":\"2024-07-04T21:46:46+00:00\",\"description\":\"Buy 4-HO-DET. Explore our selection of high-quality RC available for purchase online. Trust in our reliable source and fast shipping for all your needs.\",\"breadcrumb\":{\"@id\":\"https:\\\/\\\/chemsxpress.com\\\/product\\\/buy-4-ho-det\\\/#breadcrumb\"},\"inLanguage\":\"it-IT\",\"potentialAction\":[{\"@type\":\"ReadAction\",\"target\":[\"https:\\\/\\\/chemsxpress.com\\\/product\\\/buy-4-ho-det\\\/\"]}]},{\"@type\":\"ImageObject\",\"inLanguage\":\"it-IT\",\"@id\":\"https:\\\/\\\/chemsxpress.com\\\/product\\\/buy-4-ho-det\\\/#primaryimage\",\"url\":\"https:\\\/\\\/chemsxpress.com\\\/wp-content\\\/uploads\\\/2024\\\/04\\\/4-HO-DET.jpg\",\"contentUrl\":\"https:\\\/\\\/chemsxpress.com\\\/wp-content\\\/uploads\\\/2024\\\/04\\\/4-HO-DET.jpg\",\"width\":600,\"height\":600,\"caption\":\"Buy 4-HO-DET\"},{\"@type\":\"BreadcrumbList\",\"@id\":\"https:\\\/\\\/chemsxpress.com\\\/product\\\/buy-4-ho-det\\\/#breadcrumb\",\"itemListElement\":[{\"@type\":\"ListItem\",\"position\":1,\"name\":\"Home\",\"item\":\"https:\\\/\\\/chemsxpress.com\\\/\"},{\"@type\":\"ListItem\",\"position\":2,\"name\":\"Shop\",\"item\":\"https:\\\/\\\/chemsxpress.com\\\/shop\\\/\"},{\"@type\":\"ListItem\",\"position\":3,\"name\":\"4-HO-DET\"}]},{\"@type\":\"WebSite\",\"@id\":\"https:\\\/\\\/chemsxpress.com\\\/#website\",\"url\":\"https:\\\/\\\/chemsxpress.com\\\/\",\"name\":\"SHOP MDPHP\",\"description\":\"Buy MDPHP freebase from reliable supplier\",\"potentialAction\":[{\"@type\":\"SearchAction\",\"target\":{\"@type\":\"EntryPoint\",\"urlTemplate\":\"https:\\\/\\\/chemsxpress.com\\\/?s={search_term_string}\"},\"query-input\":{\"@type\":\"PropertyValueSpecification\",\"valueRequired\":true,\"valueName\":\"search_term_string\"}}],\"inLanguage\":\"it-IT\"}]}<\/script>\n<!-- \/ Yoast SEO Premium plugin. -->","yoast_head_json":{"title":"Acquista 4-HO-DET online: qualit\u00e0 premium, spedizione veloce","description":"Acquista 4-HO-DET. Esplora la nostra selezione di RC di alta qualit\u00e0 disponibili per l'acquisto online. Affidati alla nostra fonte affidabile e alla spedizione veloce per tutte le tue esigenze.","robots":{"index":"index","follow":"follow","max-snippet":"max-snippet:-1","max-image-preview":"max-image-preview:large","max-video-preview":"max-video-preview:-1"},"canonical":"https:\/\/chemsxpress.com\/it\/prodotto\/acquistare-4-ho-det\/","og_locale":"it_IT","og_type":"article","og_title":"4-HO-DET","og_description":"Buy 4-HO-DET. Explore our selection of high-quality RC available for purchase online. Trust in our reliable source and fast shipping for all your needs.","og_url":"https:\/\/chemsxpress.com\/it\/prodotto\/acquistare-4-ho-det\/","og_site_name":"SHOP MDPHP","article_modified_time":"2024-07-04T21:46:46+00:00","og_image":[{"width":600,"height":600,"url":"https:\/\/chemsxpress.com\/wp-content\/uploads\/2024\/04\/4-HO-DET.jpg","type":"image\/jpeg"}],"twitter_card":"summary_large_image","twitter_misc":{"Tempo di lettura stimato":"3 minuti"},"schema":{"@context":"https:\/\/schema.org","@graph":[{"@type":"WebPage","@id":"https:\/\/chemsxpress.com\/product\/buy-4-ho-det\/","url":"https:\/\/chemsxpress.com\/product\/buy-4-ho-det\/","name":"Acquista 4-HO-DET online: qualit\u00e0 premium, spedizione veloce","isPartOf":{"@id":"https:\/\/chemsxpress.com\/#website"},"primaryImageOfPage":{"@id":"https:\/\/chemsxpress.com\/product\/buy-4-ho-det\/#primaryimage"},"image":{"@id":"https:\/\/chemsxpress.com\/product\/buy-4-ho-det\/#primaryimage"},"thumbnailUrl":"https:\/\/chemsxpress.com\/wp-content\/uploads\/2024\/04\/4-HO-DET.jpg","datePublished":"2024-04-29T13:21:22+00:00","dateModified":"2024-07-04T21:46:46+00:00","description":"Acquista 4-HO-DET. Esplora la nostra selezione di RC di alta qualit\u00e0 disponibili per l'acquisto online. Affidati alla nostra fonte affidabile e alla spedizione veloce per tutte le tue esigenze.","breadcrumb":{"@id":"https:\/\/chemsxpress.com\/product\/buy-4-ho-det\/#breadcrumb"},"inLanguage":"it-IT","potentialAction":[{"@type":"ReadAction","target":["https:\/\/chemsxpress.com\/product\/buy-4-ho-det\/"]}]},{"@type":"ImageObject","inLanguage":"it-IT","@id":"https:\/\/chemsxpress.com\/product\/buy-4-ho-det\/#primaryimage","url":"https:\/\/chemsxpress.com\/wp-content\/uploads\/2024\/04\/4-HO-DET.jpg","contentUrl":"https:\/\/chemsxpress.com\/wp-content\/uploads\/2024\/04\/4-HO-DET.jpg","width":600,"height":600,"caption":"Buy 4-HO-DET"},{"@type":"BreadcrumbList","@id":"https:\/\/chemsxpress.com\/product\/buy-4-ho-det\/#breadcrumb","itemListElement":[{"@type":"ListItem","position":1,"name":"Home","item":"https:\/\/chemsxpress.com\/"},{"@type":"ListItem","position":2,"name":"Shop","item":"https:\/\/chemsxpress.com\/shop\/"},{"@type":"ListItem","position":3,"name":"4-HO-DET"}]},{"@type":"WebSite","@id":"https:\/\/chemsxpress.com\/#website","url":"https:\/\/chemsxpress.com\/","name":"NEGOZIO MDP","description":"Acquistare MDPHP freebase da un fornitore affidabile","potentialAction":[{"@type":"SearchAction","target":{"@type":"EntryPoint","urlTemplate":"https:\/\/chemsxpress.com\/?s={search_term_string}"},"query-input":{"@type":"PropertyValueSpecification","valueRequired":true,"valueName":"search_term_string"}}],"inLanguage":"it-IT"}]}},"jetpack_sharing_enabled":true,"_links":{"self":[{"href":"https:\/\/chemsxpress.com\/it\/wp-json\/wp\/v2\/product\/29312","targetHints":{"allow":["GET"]}}],"collection":[{"href":"https:\/\/chemsxpress.com\/it\/wp-json\/wp\/v2\/product"}],"about":[{"href":"https:\/\/chemsxpress.com\/it\/wp-json\/wp\/v2\/types\/product"}],"replies":[{"embeddable":true,"href":"https:\/\/chemsxpress.com\/it\/wp-json\/wp\/v2\/comments?post=29312"}],"version-history":[{"count":4,"href":"https:\/\/chemsxpress.com\/it\/wp-json\/wp\/v2\/product\/29312\/revisions"}],"predecessor-version":[{"id":29986,"href":"https:\/\/chemsxpress.com\/it\/wp-json\/wp\/v2\/product\/29312\/revisions\/29986"}],"wp:featuredmedia":[{"embeddable":true,"href":"https:\/\/chemsxpress.com\/it\/wp-json\/wp\/v2\/media\/29343"}],"wp:attachment":[{"href":"https:\/\/chemsxpress.com\/it\/wp-json\/wp\/v2\/media?parent=29312"}],"wp:term":[{"taxonomy":"product_brand","embeddable":true,"href":"https:\/\/chemsxpress.com\/it\/wp-json\/wp\/v2\/product_brand?post=29312"},{"taxonomy":"product_cat","embeddable":true,"href":"https:\/\/chemsxpress.com\/it\/wp-json\/wp\/v2\/product_cat?post=29312"},{"taxonomy":"product_tag","embeddable":true,"href":"https:\/\/chemsxpress.com\/it\/wp-json\/wp\/v2\/product_tag?post=29312"}],"curies":[{"name":"wp","href":"https:\/\/api.w.org\/{rel}","templated":true}]}}