{"id":29313,"date":"2024-04-29T13:21:22","date_gmt":"2024-04-29T13:21:22","guid":{"rendered":"https:\/\/chemsxpress.com\/?post_type=product&#038;p=29313"},"modified":"2024-07-04T21:46:08","modified_gmt":"2024-07-04T21:46:08","slug":"acquistare-4-aco-mipt","status":"publish","type":"product","link":"https:\/\/chemsxpress.com\/it\/prodotto\/acquistare-4-aco-mipt\/","title":{"rendered":"4-ACO-MIPT"},"content":{"rendered":"<h2><strong>ACQUISTA 4-ACO-MIPT\u00a0<\/strong><\/h2>\n<p>Acquistare 4-ACO-MIPT, o 4-Acetoxy-MiPT, noto anche come mipracetina, \u00e8 una triptamina psichedelica. Su RealChems \u00e8 possibile acquistare 4-AcO-MiPT in polvere di altissima qualit\u00e0, disponibile nelle quantit\u00e0 di 0,25 grammi, 0,5 grammi, 1 grammo. <a href=\"https:\/\/chemsxpress.com\/it\/categoria-di-prodotto\/ricerca-chimica\/\">grammi e 2 grammi<\/a>.<\/p>\n<p>Poich\u00e9 il composto \u00e8 relativamente nuovo e poco studiato, non sono disponibili molti dati farmacologici. Tuttavia, la maggior parte dei composti 4-AcO, e le triptamine in generale, sono spesso sicure a meno che non vengano utilizzate in eccesso o producano effetti collaterali evidenti, come un forte carico corporeo.<\/p>\n<p>&nbsp;<\/p>\n<h2><strong>COME UTILIZZARE LA POLVERE DI 4-ACO-MIPT\u00a0<\/strong><\/h2>\n<p>Realchems ha in vendita 4-AcO-MiPT in polvere di altissima qualit\u00e0. \u00c8 possibile acquistare la polvere di 4-AcO-MiPT in quantit\u00e0 di 0,25 grammi, 0,5 grammi, 1 grammo o 2 grammi. Assicurarsi di conservare il 4-AcO-MiPT in un luogo asciutto e fresco per ottenere la massima durata di conservazione. Quando si maneggiano sostanze chimiche per la ricerca, assicurarsi di prendere sempre le dovute precauzioni in laboratorio, come pulire le superfici e indossare guanti, maschera e indumenti protettivi.<\/p>\n<p>Per molti, il 4-AcO-MiPT in polvere \u00e8 il modo migliore per sperimentare questa sostanza. La polvere pu\u00f2 essere usata sperimentalmente da sola, ma pu\u00f2 anche essere diluita in un liquido e mescolata con un flacone contagocce. In genere, acquistando la polvere di 4-AcO-MiPT si fa un affare migliore rispetto ad altre forme, perch\u00e9 non si paga il costo della preparazione del prodotto.<\/p>\n<p>&nbsp;<\/p>\n<h2><strong>DEFINIZIONE 4-ACO-MIPT<\/strong><\/h2>\n<p>La definizione di droga 4-AcO-MiPT \u00e8 ufficialmente nota come 4-Acetoxy-MiPT, indicata anche come mipracetina, \u00e8 un composto psichedelico che viene pi\u00f9 comunemente paragonato alla psilocina, o 4-AcO MiPT.<\/p>\n<h2><strong>INFORMAZIONI DI BASE SULLA CHIMICA 4-ACO-MIPT<\/strong><\/h2>\n<p>A causa delle somiglianze condivise tra il 4-AcO-MiPT e il 4-HO-MiPT, i ricercatori hanno ipotizzato che il 4-Acetoxy-MiPT non si trasformi facilmente in 4-HO-MiPT. Ci\u00f2 \u00e8 simile alla conversione della psilocibina, che si trasforma facilmente in psilocina.<\/p>\n<p>Per questo motivo, gli effetti del 4-AcO-MiPT e del 4-HO-MiPT sono estremamente simili, anche se ci si potrebbe aspettare che la quantit\u00e0 di 4-AcO-MiPT necessaria per la ricerca sia leggermente superiore. Se la sostanza viene infatti facilmente convertita in 4-HO-MiPT, \u00e8 probabile che una parte vada persa nel processo di conversione e che quindi sia necessaria una dose maggiore.<\/p>\n<p>&nbsp;<\/p>\n<h2><strong>DOVE ACQUISTARE 4-ACO-MIPT<\/strong><\/h2>\n<p>4-AcO-MiPT pu\u00f2 essere acquistato qui, sul sito <a href=\"https:\/\/chemsxpress.com\/it\/\">ChemsXpress<\/a> Vendiamo 4-AcO-MiPT di prima qualit\u00e0, generalmente in polvere. Tuttavia, spesso abbiamo a disposizione altre forme di sostanze, quindi non esitate a contattarci per vedere se abbiamo la forma di sostanza che preferite in magazzino. Devi avere almeno 18 anni per acquistare 4-AcO-MiPT da noi.<\/p>","protected":false},"excerpt":{"rendered":"<p><strong>IUPAC-Name: <\/strong>[3-[2-[Isopropyl(methyl)amino]ethyl]-1H-indol-4-yl] acetate<\/p>\n<p><strong>Other name: <\/strong>4-Acetoxy-N-isopropyl-N-methyltryptamine<\/p>\n<p><strong>Appearance: <\/strong>powder<\/p>\n<p><strong>Form: <\/strong>fumarate<\/p>\n<p><strong>NMR Analysis: <\/strong>N\/A<\/p>\n","protected":false},"featured_media":29345,"comment_status":"open","ping_status":"closed","template":"","meta":[],"product_brand":[],"product_cat":[92],"product_tag":[],"class_list":{"0":"post-29313","1":"product","2":"type-product","3":"status-publish","4":"has-post-thumbnail","6":"product_cat-tryptamines","8":"first","9":"instock","10":"shipping-taxable","11":"purchasable","12":"product-type-variable"},"yoast_head":"<!-- This site is optimized with the Yoast SEO Premium plugin v24.1 (Yoast SEO v27.3) - https:\/\/yoast.com\/product\/yoast-seo-premium-wordpress\/ -->\n<title>Buy 4-ACO-MIPT at ChemSxpress: Premium Research Chemicals<\/title>\n<meta name=\"description\" content=\"Buy 4-ACO-MIPT &quot;Discover premium 4-ACO-MIPT at ChemsXpress. A trusted source, discreet shipping. Elevate your research today.&quot;\" \/>\n<meta name=\"robots\" content=\"index, follow, max-snippet:-1, max-image-preview:large, max-video-preview:-1\" \/>\n<link rel=\"canonical\" href=\"https:\/\/chemsxpress.com\/it\/prodotto\/acquistare-4-aco-mipt\/\" \/>\n<meta property=\"og:locale\" content=\"it_IT\" \/>\n<meta property=\"og:type\" content=\"article\" \/>\n<meta property=\"og:title\" content=\"4-ACO-MIPT\" \/>\n<meta property=\"og:description\" content=\"Buy 4-ACO-MIPT &quot;Discover premium 4-ACO-MIPT at ChemsXpress. A trusted source, discreet shipping. Elevate your research today.&quot;\" \/>\n<meta property=\"og:url\" content=\"https:\/\/chemsxpress.com\/it\/prodotto\/acquistare-4-aco-mipt\/\" \/>\n<meta property=\"og:site_name\" content=\"SHOP MDPHP\" \/>\n<meta property=\"article:modified_time\" content=\"2024-07-04T21:46:08+00:00\" \/>\n<meta property=\"og:image\" content=\"https:\/\/chemsxpress.com\/wp-content\/uploads\/2024\/04\/4-ACO-MIPT.jpg\" \/>\n\t<meta property=\"og:image:width\" content=\"600\" \/>\n\t<meta property=\"og:image:height\" content=\"600\" \/>\n\t<meta property=\"og:image:type\" content=\"image\/jpeg\" \/>\n<meta name=\"twitter:card\" content=\"summary_large_image\" \/>\n<meta name=\"twitter:label1\" content=\"Tempo di lettura stimato\" \/>\n\t<meta name=\"twitter:data1\" content=\"2 minuti\" \/>\n<script type=\"application\/ld+json\" class=\"yoast-schema-graph\">{\"@context\":\"https:\\\/\\\/schema.org\",\"@graph\":[{\"@type\":\"WebPage\",\"@id\":\"https:\\\/\\\/chemsxpress.com\\\/product\\\/buy-4-aco-mipt\\\/\",\"url\":\"https:\\\/\\\/chemsxpress.com\\\/product\\\/buy-4-aco-mipt\\\/\",\"name\":\"Buy 4-ACO-MIPT at ChemSxpress: Premium Research Chemicals\",\"isPartOf\":{\"@id\":\"https:\\\/\\\/chemsxpress.com\\\/#website\"},\"primaryImageOfPage\":{\"@id\":\"https:\\\/\\\/chemsxpress.com\\\/product\\\/buy-4-aco-mipt\\\/#primaryimage\"},\"image\":{\"@id\":\"https:\\\/\\\/chemsxpress.com\\\/product\\\/buy-4-aco-mipt\\\/#primaryimage\"},\"thumbnailUrl\":\"https:\\\/\\\/chemsxpress.com\\\/wp-content\\\/uploads\\\/2024\\\/04\\\/4-ACO-MIPT.jpg\",\"datePublished\":\"2024-04-29T13:21:22+00:00\",\"dateModified\":\"2024-07-04T21:46:08+00:00\",\"description\":\"Buy 4-ACO-MIPT \\\"Discover premium 4-ACO-MIPT at ChemsXpress. A trusted source, discreet shipping. Elevate your research today.\\\"\",\"breadcrumb\":{\"@id\":\"https:\\\/\\\/chemsxpress.com\\\/product\\\/buy-4-aco-mipt\\\/#breadcrumb\"},\"inLanguage\":\"it-IT\",\"potentialAction\":[{\"@type\":\"ReadAction\",\"target\":[\"https:\\\/\\\/chemsxpress.com\\\/product\\\/buy-4-aco-mipt\\\/\"]}]},{\"@type\":\"ImageObject\",\"inLanguage\":\"it-IT\",\"@id\":\"https:\\\/\\\/chemsxpress.com\\\/product\\\/buy-4-aco-mipt\\\/#primaryimage\",\"url\":\"https:\\\/\\\/chemsxpress.com\\\/wp-content\\\/uploads\\\/2024\\\/04\\\/4-ACO-MIPT.jpg\",\"contentUrl\":\"https:\\\/\\\/chemsxpress.com\\\/wp-content\\\/uploads\\\/2024\\\/04\\\/4-ACO-MIPT.jpg\",\"width\":600,\"height\":600,\"caption\":\"Buy 4-ACO-MIPT\"},{\"@type\":\"BreadcrumbList\",\"@id\":\"https:\\\/\\\/chemsxpress.com\\\/product\\\/buy-4-aco-mipt\\\/#breadcrumb\",\"itemListElement\":[{\"@type\":\"ListItem\",\"position\":1,\"name\":\"Home\",\"item\":\"https:\\\/\\\/chemsxpress.com\\\/\"},{\"@type\":\"ListItem\",\"position\":2,\"name\":\"Shop\",\"item\":\"https:\\\/\\\/chemsxpress.com\\\/shop\\\/\"},{\"@type\":\"ListItem\",\"position\":3,\"name\":\"4-ACO-MIPT\"}]},{\"@type\":\"WebSite\",\"@id\":\"https:\\\/\\\/chemsxpress.com\\\/#website\",\"url\":\"https:\\\/\\\/chemsxpress.com\\\/\",\"name\":\"SHOP MDPHP\",\"description\":\"Buy MDPHP freebase from reliable supplier\",\"potentialAction\":[{\"@type\":\"SearchAction\",\"target\":{\"@type\":\"EntryPoint\",\"urlTemplate\":\"https:\\\/\\\/chemsxpress.com\\\/?s={search_term_string}\"},\"query-input\":{\"@type\":\"PropertyValueSpecification\",\"valueRequired\":true,\"valueName\":\"search_term_string\"}}],\"inLanguage\":\"it-IT\"}]}<\/script>\n<!-- \/ Yoast SEO Premium plugin. -->","yoast_head_json":{"title":"Acquista 4-ACO-MIPT su ChemSxpress: prodotti chimici di ricerca premium","description":"Acquista 4-ACO-MIPT \"Scopri 4-ACO-MIPT premium su ChemsXpress. Una fonte affidabile, spedizione discreta. Migliora la tua ricerca oggi.\"","robots":{"index":"index","follow":"follow","max-snippet":"max-snippet:-1","max-image-preview":"max-image-preview:large","max-video-preview":"max-video-preview:-1"},"canonical":"https:\/\/chemsxpress.com\/it\/prodotto\/acquistare-4-aco-mipt\/","og_locale":"it_IT","og_type":"article","og_title":"4-ACO-MIPT","og_description":"Buy 4-ACO-MIPT \"Discover premium 4-ACO-MIPT at ChemsXpress. A trusted source, discreet shipping. Elevate your research today.\"","og_url":"https:\/\/chemsxpress.com\/it\/prodotto\/acquistare-4-aco-mipt\/","og_site_name":"SHOP MDPHP","article_modified_time":"2024-07-04T21:46:08+00:00","og_image":[{"width":600,"height":600,"url":"https:\/\/chemsxpress.com\/wp-content\/uploads\/2024\/04\/4-ACO-MIPT.jpg","type":"image\/jpeg"}],"twitter_card":"summary_large_image","twitter_misc":{"Tempo di lettura stimato":"2 minuti"},"schema":{"@context":"https:\/\/schema.org","@graph":[{"@type":"WebPage","@id":"https:\/\/chemsxpress.com\/product\/buy-4-aco-mipt\/","url":"https:\/\/chemsxpress.com\/product\/buy-4-aco-mipt\/","name":"Acquista 4-ACO-MIPT su ChemSxpress: prodotti chimici di ricerca premium","isPartOf":{"@id":"https:\/\/chemsxpress.com\/#website"},"primaryImageOfPage":{"@id":"https:\/\/chemsxpress.com\/product\/buy-4-aco-mipt\/#primaryimage"},"image":{"@id":"https:\/\/chemsxpress.com\/product\/buy-4-aco-mipt\/#primaryimage"},"thumbnailUrl":"https:\/\/chemsxpress.com\/wp-content\/uploads\/2024\/04\/4-ACO-MIPT.jpg","datePublished":"2024-04-29T13:21:22+00:00","dateModified":"2024-07-04T21:46:08+00:00","description":"Acquista 4-ACO-MIPT \"Scopri 4-ACO-MIPT premium su ChemsXpress. Una fonte affidabile, spedizione discreta. Migliora la tua ricerca oggi.\"","breadcrumb":{"@id":"https:\/\/chemsxpress.com\/product\/buy-4-aco-mipt\/#breadcrumb"},"inLanguage":"it-IT","potentialAction":[{"@type":"ReadAction","target":["https:\/\/chemsxpress.com\/product\/buy-4-aco-mipt\/"]}]},{"@type":"ImageObject","inLanguage":"it-IT","@id":"https:\/\/chemsxpress.com\/product\/buy-4-aco-mipt\/#primaryimage","url":"https:\/\/chemsxpress.com\/wp-content\/uploads\/2024\/04\/4-ACO-MIPT.jpg","contentUrl":"https:\/\/chemsxpress.com\/wp-content\/uploads\/2024\/04\/4-ACO-MIPT.jpg","width":600,"height":600,"caption":"Buy 4-ACO-MIPT"},{"@type":"BreadcrumbList","@id":"https:\/\/chemsxpress.com\/product\/buy-4-aco-mipt\/#breadcrumb","itemListElement":[{"@type":"ListItem","position":1,"name":"Home","item":"https:\/\/chemsxpress.com\/"},{"@type":"ListItem","position":2,"name":"Shop","item":"https:\/\/chemsxpress.com\/shop\/"},{"@type":"ListItem","position":3,"name":"4-ACO-MIPT"}]},{"@type":"WebSite","@id":"https:\/\/chemsxpress.com\/#website","url":"https:\/\/chemsxpress.com\/","name":"NEGOZIO MDP","description":"Acquistare MDPHP freebase da un fornitore affidabile","potentialAction":[{"@type":"SearchAction","target":{"@type":"EntryPoint","urlTemplate":"https:\/\/chemsxpress.com\/?s={search_term_string}"},"query-input":{"@type":"PropertyValueSpecification","valueRequired":true,"valueName":"search_term_string"}}],"inLanguage":"it-IT"}]}},"jetpack_sharing_enabled":true,"_links":{"self":[{"href":"https:\/\/chemsxpress.com\/it\/wp-json\/wp\/v2\/product\/29313","targetHints":{"allow":["GET"]}}],"collection":[{"href":"https:\/\/chemsxpress.com\/it\/wp-json\/wp\/v2\/product"}],"about":[{"href":"https:\/\/chemsxpress.com\/it\/wp-json\/wp\/v2\/types\/product"}],"replies":[{"embeddable":true,"href":"https:\/\/chemsxpress.com\/it\/wp-json\/wp\/v2\/comments?post=29313"}],"version-history":[{"count":4,"href":"https:\/\/chemsxpress.com\/it\/wp-json\/wp\/v2\/product\/29313\/revisions"}],"predecessor-version":[{"id":29985,"href":"https:\/\/chemsxpress.com\/it\/wp-json\/wp\/v2\/product\/29313\/revisions\/29985"}],"wp:featuredmedia":[{"embeddable":true,"href":"https:\/\/chemsxpress.com\/it\/wp-json\/wp\/v2\/media\/29345"}],"wp:attachment":[{"href":"https:\/\/chemsxpress.com\/it\/wp-json\/wp\/v2\/media?parent=29313"}],"wp:term":[{"taxonomy":"product_brand","embeddable":true,"href":"https:\/\/chemsxpress.com\/it\/wp-json\/wp\/v2\/product_brand?post=29313"},{"taxonomy":"product_cat","embeddable":true,"href":"https:\/\/chemsxpress.com\/it\/wp-json\/wp\/v2\/product_cat?post=29313"},{"taxonomy":"product_tag","embeddable":true,"href":"https:\/\/chemsxpress.com\/it\/wp-json\/wp\/v2\/product_tag?post=29313"}],"curies":[{"name":"wp","href":"https:\/\/api.w.org\/{rel}","templated":true}]}}