{"id":29314,"date":"2024-04-29T13:21:22","date_gmt":"2024-04-29T13:21:22","guid":{"rendered":"https:\/\/chemsxpress.com\/?post_type=product&#038;p=29314"},"modified":"2024-07-04T21:52:36","modified_gmt":"2024-07-04T21:52:36","slug":"acquistare-pellet-4f-mph","status":"publish","type":"product","link":"https:\/\/chemsxpress.com\/it\/prodotto\/acquistare-pellet-4f-mph\/","title":{"rendered":"4f-Pihp"},"content":{"rendered":"<h2><strong>ACQUISTARE PELLET 4F-MPH<\/strong><\/h2>\n<p>Il 4F-MPH Pellet, noto anche come 4-FMPH e 4-Fluorometilfenidato, \u00e8 un nuovo stimolante sintetico della classe dei fenidati che produce risultati euforizzanti e stimolanti di lunga durata. Il 4-Fluorometilfenidato \u00e8 uno stimolante che agisce come inibitore della ricaptazione della dopamina di maggiore potenza rispetto al metilfenidato, strettamente correlato. Il 4F-MPH \u00e8 strutturalmente simile all'anfetamina. Ogni <a href=\"https:\/\/chemsxpress.com\/it\/prodotto\/acquistare-5-pellet-meo-mipt\/\">Il pellet contiene esattamente 15 mg<\/a> di qualit\u00e0 superiore 4F-MPH.<\/p>\n<p>Il 4F-MPH ha una storia di ricerca concisa ed \u00e8 stato inizialmente sviluppato dagli scienziati come sostituto dell'etilfenidato. Poco dopo la sintesi, \u00e8 diventato disponibile per la vendita sul mercato chimico di ricerca online. A causa dei suoi potenti e duraturi studi sugli stimolanti, si raccomanda vivamente ai ricercatori di adottare pratiche corrette di riduzione dei danni se utilizzano questa sostanza nel loro laboratorio.<\/p>\n<p>&nbsp;<\/p>\n<h2><strong>COME UTILIZZARE I PELLET 4F-MPH?<\/strong><\/h2>\n<p>A ChemsXpress<a href=\"https:\/\/chemsxpress.com\/it\/\">https:\/\/chemsxpress.com\/<\/a> potete acquistare solo 4F-MPH di qualit\u00e0 superiore, pressato in pellet da 15 mg di alta qualit\u00e0 per tutte le vostre esigenze di ricerca. Conservare i pellet in un luogo asciutto e fresco per una durata massima. Conservare in un luogo asciutto e fresco per una durata massima. Quando si maneggiano sostanze chimiche per la ricerca, assicurarsi di prendere sempre le dovute precauzioni in laboratorio, come pulire le superfici e indossare guanti, maschera e indumenti protettivi.<\/p>\n<p>&nbsp;<\/p>\n<h2><strong>DEFINIZIONE 4F-MPH<\/strong><\/h2>\n<p>La definizione di pellet 4F-MPH \u00e8 ufficialmente nota come 4-Fluorometilfenidato, un nuovo stimolante sintetico della classe dei fenidati strutturalmente simile all'anfetamina e strettamente correlato al metilfenidato. Si ritiene che il 4F-MPH agisca principalmente come inibitore della ricaptazione della dopamina e della norepinefrina, il che significa che aumenta efficacemente i livelli dei neurotrasmettitori dopamina e norepinefrina.<\/p>\n<p>&nbsp;<\/p>\n<h2><strong>INFORMAZIONI DI BASE SULLA CHIMICA 4F-MPH<\/strong><\/h2>\n<p>Il 4F-MPH \u00e8 una molecola sintetica delle classi delle fenetilamine e dei fenidati. Il 4-Fluorometilfenidato contiene un nucleo di fenetilammina con un anello fenilico legato a un gruppo amminico -NH2 attraverso una catena etilica. Il 4F-MPH \u00e8 strutturalmente simile all'anfetamina ed \u00e8 strutturalmente identico al metilfenidato, tranne che per un singolo atomo di fluoro legato al nucleo di fenetilammina.<\/p>\n<p>La ricerca scientifica ha scoperto che le anfetamine contenenti gruppi fluoro, cloro, bromo e metile sono tipicamente pi\u00f9 forti di quelle che ne sono prive. Secondo un recente studio, il 4-fluorometilfenidato \u00e8 efficace quanto il metilfenidato come inibitore della ricaptazione della noradrenalina (NRI). Il 4F-MPH \u00e8 circa tre volte pi\u00f9 efficace nell'inibire la ricaptazione della dopamina rispetto al suo composto progenitore. A causa dei suoi potenti e duraturi studi sugli stimolanti, si raccomanda vivamente ai ricercatori di adottare pratiche corrette di riduzione dei danni se utilizzano questa sostanza nel loro laboratorio.<\/p>\n<p>&nbsp;<\/p>\n<h2><strong>DOVE ACQUISTARE 4F-MPH<\/strong><\/h2>\n<p>\u00c8 possibile acquistare il 4F-MPH proprio qui, sul sito web di RChemshop. Abbiamo in vendita solo 4F-MPH di qualit\u00e0 superiore, in genere sotto forma di pellet. Tuttavia, abbiamo spesso altre forme di sostanza disponibili, quindi non esitate a contattarci per vedere se abbiamo la forma di sostanza che preferite in magazzino. Devi avere almeno 18 anni per acquistare 4F-MPH da noi.<\/p>","protected":false},"excerpt":{"rendered":"<p><strong>Nome IUPAC: <\/strong>1-(4-fluorofenil)-4-metil-2-(pirrolidin-1-il)pentan-1-one, monocloruro<\/p>\n<p><strong>Altro nome: <\/strong>4-fluoro-\u03b1-PiHP<\/p>\n<p><strong>Forma: <\/strong>solido cristallino<\/p>\n<p><strong>Analisi NMR: <\/strong>C16H22FNO - HCl<\/p>","protected":false},"featured_media":29347,"comment_status":"open","ping_status":"closed","template":"","meta":[],"product_brand":[],"product_cat":[79],"product_tag":[],"class_list":{"0":"post-29314","1":"product","2":"type-product","3":"status-publish","4":"has-post-thumbnail","6":"product_cat-cathinone","8":"first","9":"instock","10":"shipping-taxable","11":"purchasable","12":"product-type-variable"},"yoast_head":"<!-- This site is optimized with the Yoast SEO Premium plugin v24.1 (Yoast SEO v27.4) - https:\/\/yoast.com\/product\/yoast-seo-premium-wordpress\/ -->\n<title>Buy 4F-MPH Pellets: Premium Quality RC&#039;s | ChemsXpress<\/title>\n<meta name=\"description\" content=\"Elevate your research with Buy 4F-MPH pellets from ChemsXpress. Explore our premium selection of research chemicals, with fast and discreet shipping.\" \/>\n<meta name=\"robots\" content=\"index, follow, max-snippet:-1, max-image-preview:large, max-video-preview:-1\" \/>\n<link rel=\"canonical\" href=\"https:\/\/chemsxpress.com\/it\/prodotto\/acquistare-pellet-4f-mph\/\" \/>\n<meta property=\"og:locale\" content=\"it_IT\" \/>\n<meta property=\"og:type\" content=\"article\" \/>\n<meta property=\"og:title\" content=\"4f-Pihp\" \/>\n<meta property=\"og:description\" content=\"Elevate your research with Buy 4F-MPH pellets from ChemsXpress. Explore our premium selection of research chemicals, with fast and discreet shipping.\" \/>\n<meta property=\"og:url\" content=\"https:\/\/chemsxpress.com\/it\/prodotto\/acquistare-pellet-4f-mph\/\" \/>\n<meta property=\"og:site_name\" content=\"SHOP MDPHP\" \/>\n<meta property=\"article:modified_time\" content=\"2024-07-04T21:52:36+00:00\" \/>\n<meta property=\"og:image\" content=\"https:\/\/chemsxpress.com\/wp-content\/uploads\/2024\/04\/4f-Pihp-1.jpg\" \/>\n\t<meta property=\"og:image:width\" content=\"600\" \/>\n\t<meta property=\"og:image:height\" content=\"600\" \/>\n\t<meta property=\"og:image:type\" content=\"image\/jpeg\" \/>\n<meta name=\"twitter:card\" content=\"summary_large_image\" \/>\n<meta name=\"twitter:label1\" content=\"Tempo di lettura stimato\" \/>\n\t<meta name=\"twitter:data1\" content=\"3 minuti\" \/>\n<script type=\"application\/ld+json\" class=\"yoast-schema-graph\">{\"@context\":\"https:\\\/\\\/schema.org\",\"@graph\":[{\"@type\":\"WebPage\",\"@id\":\"https:\\\/\\\/chemsxpress.com\\\/product\\\/buy-4f-mph-pellets\\\/\",\"url\":\"https:\\\/\\\/chemsxpress.com\\\/product\\\/buy-4f-mph-pellets\\\/\",\"name\":\"Buy 4F-MPH Pellets: Premium Quality RC's | ChemsXpress\",\"isPartOf\":{\"@id\":\"https:\\\/\\\/chemsxpress.com\\\/#website\"},\"primaryImageOfPage\":{\"@id\":\"https:\\\/\\\/chemsxpress.com\\\/product\\\/buy-4f-mph-pellets\\\/#primaryimage\"},\"image\":{\"@id\":\"https:\\\/\\\/chemsxpress.com\\\/product\\\/buy-4f-mph-pellets\\\/#primaryimage\"},\"thumbnailUrl\":\"https:\\\/\\\/chemsxpress.com\\\/wp-content\\\/uploads\\\/2024\\\/04\\\/4f-Pihp-1.jpg\",\"datePublished\":\"2024-04-29T13:21:22+00:00\",\"dateModified\":\"2024-07-04T21:52:36+00:00\",\"description\":\"Elevate your research with Buy 4F-MPH pellets from ChemsXpress. Explore our premium selection of research chemicals, with fast and discreet shipping.\",\"breadcrumb\":{\"@id\":\"https:\\\/\\\/chemsxpress.com\\\/product\\\/buy-4f-mph-pellets\\\/#breadcrumb\"},\"inLanguage\":\"it-IT\",\"potentialAction\":[{\"@type\":\"ReadAction\",\"target\":[\"https:\\\/\\\/chemsxpress.com\\\/product\\\/buy-4f-mph-pellets\\\/\"]}]},{\"@type\":\"ImageObject\",\"inLanguage\":\"it-IT\",\"@id\":\"https:\\\/\\\/chemsxpress.com\\\/product\\\/buy-4f-mph-pellets\\\/#primaryimage\",\"url\":\"https:\\\/\\\/chemsxpress.com\\\/wp-content\\\/uploads\\\/2024\\\/04\\\/4f-Pihp-1.jpg\",\"contentUrl\":\"https:\\\/\\\/chemsxpress.com\\\/wp-content\\\/uploads\\\/2024\\\/04\\\/4f-Pihp-1.jpg\",\"width\":600,\"height\":600,\"caption\":\"BUY 4F-MPH PELLETS\"},{\"@type\":\"BreadcrumbList\",\"@id\":\"https:\\\/\\\/chemsxpress.com\\\/product\\\/buy-4f-mph-pellets\\\/#breadcrumb\",\"itemListElement\":[{\"@type\":\"ListItem\",\"position\":1,\"name\":\"Home\",\"item\":\"https:\\\/\\\/chemsxpress.com\\\/\"},{\"@type\":\"ListItem\",\"position\":2,\"name\":\"Shop\",\"item\":\"https:\\\/\\\/chemsxpress.com\\\/shop\\\/\"},{\"@type\":\"ListItem\",\"position\":3,\"name\":\"4f-Pihp\"}]},{\"@type\":\"WebSite\",\"@id\":\"https:\\\/\\\/chemsxpress.com\\\/#website\",\"url\":\"https:\\\/\\\/chemsxpress.com\\\/\",\"name\":\"SHOP MDPHP\",\"description\":\"Buy MDPHP freebase from reliable supplier\",\"potentialAction\":[{\"@type\":\"SearchAction\",\"target\":{\"@type\":\"EntryPoint\",\"urlTemplate\":\"https:\\\/\\\/chemsxpress.com\\\/?s={search_term_string}\"},\"query-input\":{\"@type\":\"PropertyValueSpecification\",\"valueRequired\":true,\"valueName\":\"search_term_string\"}}],\"inLanguage\":\"it-IT\"}]}<\/script>\n<!-- \/ Yoast SEO Premium plugin. -->","yoast_head_json":{"title":"Acquista pellet 4F-MPH: RC di qualit\u00e0 premium | ChemsXpress","description":"Migliora la tua ricerca con l'acquisto di pellet 4F-MPH da ChemsXpress. Esplora la nostra selezione premium di prodotti chimici di ricerca, con spedizione rapida e discreta.","robots":{"index":"index","follow":"follow","max-snippet":"max-snippet:-1","max-image-preview":"max-image-preview:large","max-video-preview":"max-video-preview:-1"},"canonical":"https:\/\/chemsxpress.com\/it\/prodotto\/acquistare-pellet-4f-mph\/","og_locale":"it_IT","og_type":"article","og_title":"4f-Pihp","og_description":"Elevate your research with Buy 4F-MPH pellets from ChemsXpress. Explore our premium selection of research chemicals, with fast and discreet shipping.","og_url":"https:\/\/chemsxpress.com\/it\/prodotto\/acquistare-pellet-4f-mph\/","og_site_name":"SHOP MDPHP","article_modified_time":"2024-07-04T21:52:36+00:00","og_image":[{"width":600,"height":600,"url":"https:\/\/chemsxpress.com\/wp-content\/uploads\/2024\/04\/4f-Pihp-1.jpg","type":"image\/jpeg"}],"twitter_card":"summary_large_image","twitter_misc":{"Tempo di lettura stimato":"3 minuti"},"schema":{"@context":"https:\/\/schema.org","@graph":[{"@type":"WebPage","@id":"https:\/\/chemsxpress.com\/product\/buy-4f-mph-pellets\/","url":"https:\/\/chemsxpress.com\/product\/buy-4f-mph-pellets\/","name":"Acquista pellet 4F-MPH: RC di qualit\u00e0 premium | ChemsXpress","isPartOf":{"@id":"https:\/\/chemsxpress.com\/#website"},"primaryImageOfPage":{"@id":"https:\/\/chemsxpress.com\/product\/buy-4f-mph-pellets\/#primaryimage"},"image":{"@id":"https:\/\/chemsxpress.com\/product\/buy-4f-mph-pellets\/#primaryimage"},"thumbnailUrl":"https:\/\/chemsxpress.com\/wp-content\/uploads\/2024\/04\/4f-Pihp-1.jpg","datePublished":"2024-04-29T13:21:22+00:00","dateModified":"2024-07-04T21:52:36+00:00","description":"Migliora la tua ricerca con l'acquisto di pellet 4F-MPH da ChemsXpress. Esplora la nostra selezione premium di prodotti chimici di ricerca, con spedizione rapida e discreta.","breadcrumb":{"@id":"https:\/\/chemsxpress.com\/product\/buy-4f-mph-pellets\/#breadcrumb"},"inLanguage":"it-IT","potentialAction":[{"@type":"ReadAction","target":["https:\/\/chemsxpress.com\/product\/buy-4f-mph-pellets\/"]}]},{"@type":"ImageObject","inLanguage":"it-IT","@id":"https:\/\/chemsxpress.com\/product\/buy-4f-mph-pellets\/#primaryimage","url":"https:\/\/chemsxpress.com\/wp-content\/uploads\/2024\/04\/4f-Pihp-1.jpg","contentUrl":"https:\/\/chemsxpress.com\/wp-content\/uploads\/2024\/04\/4f-Pihp-1.jpg","width":600,"height":600,"caption":"BUY 4F-MPH PELLETS"},{"@type":"BreadcrumbList","@id":"https:\/\/chemsxpress.com\/product\/buy-4f-mph-pellets\/#breadcrumb","itemListElement":[{"@type":"ListItem","position":1,"name":"Home","item":"https:\/\/chemsxpress.com\/"},{"@type":"ListItem","position":2,"name":"Shop","item":"https:\/\/chemsxpress.com\/shop\/"},{"@type":"ListItem","position":3,"name":"4f-Pihp"}]},{"@type":"WebSite","@id":"https:\/\/chemsxpress.com\/#website","url":"https:\/\/chemsxpress.com\/","name":"NEGOZIO MDP","description":"Acquistare MDPHP freebase da un fornitore affidabile","potentialAction":[{"@type":"SearchAction","target":{"@type":"EntryPoint","urlTemplate":"https:\/\/chemsxpress.com\/?s={search_term_string}"},"query-input":{"@type":"PropertyValueSpecification","valueRequired":true,"valueName":"search_term_string"}}],"inLanguage":"it-IT"}]}},"jetpack_sharing_enabled":true,"_links":{"self":[{"href":"https:\/\/chemsxpress.com\/it\/wp-json\/wp\/v2\/product\/29314","targetHints":{"allow":["GET"]}}],"collection":[{"href":"https:\/\/chemsxpress.com\/it\/wp-json\/wp\/v2\/product"}],"about":[{"href":"https:\/\/chemsxpress.com\/it\/wp-json\/wp\/v2\/types\/product"}],"replies":[{"embeddable":true,"href":"https:\/\/chemsxpress.com\/it\/wp-json\/wp\/v2\/comments?post=29314"}],"version-history":[{"count":4,"href":"https:\/\/chemsxpress.com\/it\/wp-json\/wp\/v2\/product\/29314\/revisions"}],"predecessor-version":[{"id":29989,"href":"https:\/\/chemsxpress.com\/it\/wp-json\/wp\/v2\/product\/29314\/revisions\/29989"}],"wp:featuredmedia":[{"embeddable":true,"href":"https:\/\/chemsxpress.com\/it\/wp-json\/wp\/v2\/media\/29347"}],"wp:attachment":[{"href":"https:\/\/chemsxpress.com\/it\/wp-json\/wp\/v2\/media?parent=29314"}],"wp:term":[{"taxonomy":"product_brand","embeddable":true,"href":"https:\/\/chemsxpress.com\/it\/wp-json\/wp\/v2\/product_brand?post=29314"},{"taxonomy":"product_cat","embeddable":true,"href":"https:\/\/chemsxpress.com\/it\/wp-json\/wp\/v2\/product_cat?post=29314"},{"taxonomy":"product_tag","embeddable":true,"href":"https:\/\/chemsxpress.com\/it\/wp-json\/wp\/v2\/product_tag?post=29314"}],"curies":[{"name":"wp","href":"https:\/\/api.w.org\/{rel}","templated":true}]}}