{"id":29315,"date":"2024-04-29T13:21:22","date_gmt":"2024-04-29T13:21:22","guid":{"rendered":"https:\/\/chemsxpress.com\/?post_type=product&#038;p=29315"},"modified":"2025-05-24T02:54:35","modified_gmt":"2025-05-24T02:54:35","slug":"acquistare-3-fma-online","status":"publish","type":"product","link":"https:\/\/chemsxpress.com\/it\/prodotto\/acquistare-3-fma-online\/","title":{"rendered":"3-FMA"},"content":{"rendered":"<h2><strong>ACQUISTARE 3-FMA ONLINE<\/strong><\/h2>\n<p>L'acquisto di 3-FMA online \u00e8 un nuovo composto anfetaminico sintetico che produce risultati di ricerca entactogenici e stimolanti. Dopo l'introduzione del 3-FEA, il 3-FMA \u00e8 entrato successivamente nel mercato dei prodotti chimici per la ricerca come composto strutturalmente correlato a una serie di anfetamine sostituite fluorurate, che originariamente comprendeva composti come 2-FMA, 3-FA, 4-FMA, 4-FA.<\/p>\n<p>&nbsp;<\/p>\n<h2><strong>COME UTILIZZARE LA POLVERE 3-FMA?<\/strong><\/h2>\n<p>Acquistare 3-FMA online in polvere di altissima qualit\u00e0. Acquistare 3-FMA nelle quantit\u00e0 di 0,5gr, 1gr, 2gr, 5gr o 10gr. Assicurarsi di conservare la polvere di 3-FMA in un luogo asciutto e fresco per la massima durata di conservazione. Conservare la polvere di 3-FMA in un luogo asciutto e fresco per la massima durata di conservazione. Quando si maneggiano sostanze chimiche per la ricerca, assicurarsi di prendere sempre le dovute precauzioni in laboratorio, come pulire le superfici e indossare guanti, maschera e indumenti protettivi.<\/p>\n<p>&nbsp;<\/p>\n<h2><strong>DEFINIZIONE 3-FMA<\/strong><\/h2>\n<p>La definizione di 3-FMA \u00e8 ufficialmente nota come <a href=\"https:\/\/chemsxpress.com\/it\/categoria-di-prodotto\/ricerca-chimica\/\">3-Fluorometamfetamina<\/a>e \u00e8 un composto anfetaminico sintetico. Il 3-FMA \u00e8 strutturalmente correlato a una serie di anfetamine che originariamente comprendeva composti come 2-FMA, 3-FA, 4-FMA, 4-FA.<\/p>\n<p>&nbsp;<\/p>\n<h2><strong>INFORMAZIONI DI BASE SULLA CHIMICA 3-FEA<\/strong><\/h2>\n<p>La 3-fluorometamfetamina \u00e8 una molecola della classe delle anfetamine. Le molecole della classe delle anfetamine contengono un gruppo metile legato all'ammina terminale RN del nucleo dell'anfetamina, una sostituzione condivisa con la metanfetamina. La 3-FMA \u00e8 l'analogo fluorurato a 3 posizioni della metamfetamina. Attualmente si ipotizza che abbia risultati di ricerca stimolanti pi\u00f9 entactogenici. Inoltre, il 3-FMA \u00e8 strutturalmente simile al 2-FMA e al 4-FMA. La 3-FMA non \u00e8 stata studiata allo stesso livello delle anfetamine tradizionali, pertanto si consiglia vivamente di adottare misure di sicurezza per la riduzione del danno se si utilizza questa sostanza.<\/p>\n<p>&nbsp;<\/p>\n<h2><strong>DOVE ACQUISTARE 3-FMA ONLINE?<\/strong><\/h2>\n<p>3-FMA pu\u00f2 essere acquistato qui sul sito <a href=\"https:\/\/chemsxpress.com\/it\/\">ChemsXpress<\/a> sito web. Vendiamo 3-FMA di qualit\u00e0 superiore, in genere in polvere. Tuttavia, spesso abbiamo a disposizione altre forme di sostanze, quindi non esitate a contattarci per vedere se abbiamo in magazzino la forma di sostanza che preferite. Per acquistare 3-FMA da noi \u00e8 necessario avere almeno 18 anni.<\/p>","protected":false},"excerpt":{"rendered":"<p><strong>Nome IUPAC: <\/strong>1-(3-fluorofenil)-N-metilpropan-2-amina<\/p>\n<p><strong>CAS # <\/strong>13415-59-3<\/p>\n<p><strong>Forma: <\/strong>polvere<\/p>","protected":false},"featured_media":29349,"comment_status":"open","ping_status":"closed","template":"","meta":[],"product_brand":[],"product_cat":[83],"product_tag":[],"class_list":{"0":"post-29315","1":"product","2":"type-product","3":"status-publish","4":"has-post-thumbnail","6":"product_cat-pellets","8":"first","9":"instock","10":"shipping-taxable","11":"purchasable","12":"product-type-variable"},"yoast_head":"<!-- This site is optimized with the Yoast SEO Premium plugin v24.1 (Yoast SEO v27.4) - https:\/\/yoast.com\/product\/yoast-seo-premium-wordpress\/ -->\n<title>Buy 3-FMA Online: Premium Research Chemicals | ChemsXpress<\/title>\n<meta name=\"description\" content=\"Buy 3-FMA online from ChemsXpress. Explore ourselection of RC&#039;s, with fast and discreet shipping. Trust in our quality assurance for all your needs.&quot;\" \/>\n<meta name=\"robots\" content=\"index, follow, max-snippet:-1, max-image-preview:large, max-video-preview:-1\" \/>\n<link rel=\"canonical\" href=\"https:\/\/chemsxpress.com\/it\/prodotto\/acquistare-3-fma-online\/\" \/>\n<meta property=\"og:locale\" content=\"it_IT\" \/>\n<meta property=\"og:type\" content=\"article\" \/>\n<meta property=\"og:title\" content=\"3-FMA\" \/>\n<meta property=\"og:description\" content=\"Buy 3-FMA online from ChemsXpress. Explore ourselection of RC&#039;s, with fast and discreet shipping. Trust in our quality assurance for all your needs.&quot;\" \/>\n<meta property=\"og:url\" content=\"https:\/\/chemsxpress.com\/it\/prodotto\/acquistare-3-fma-online\/\" \/>\n<meta property=\"og:site_name\" content=\"SHOP MDPHP\" \/>\n<meta property=\"article:modified_time\" content=\"2025-05-24T02:54:35+00:00\" \/>\n<meta property=\"og:image\" content=\"https:\/\/chemsxpress.com\/wp-content\/uploads\/2024\/04\/3-FMA.jpg\" \/>\n\t<meta property=\"og:image:width\" content=\"600\" \/>\n\t<meta property=\"og:image:height\" content=\"600\" \/>\n\t<meta property=\"og:image:type\" content=\"image\/jpeg\" \/>\n<meta name=\"twitter:card\" content=\"summary_large_image\" \/>\n<meta name=\"twitter:label1\" content=\"Tempo di lettura stimato\" \/>\n\t<meta name=\"twitter:data1\" content=\"2 minuti\" \/>\n<script type=\"application\/ld+json\" class=\"yoast-schema-graph\">{\"@context\":\"https:\\\/\\\/schema.org\",\"@graph\":[{\"@type\":\"WebPage\",\"@id\":\"https:\\\/\\\/chemsxpress.com\\\/product\\\/buy-3-fma-online\\\/\",\"url\":\"https:\\\/\\\/chemsxpress.com\\\/product\\\/buy-3-fma-online\\\/\",\"name\":\"Buy 3-FMA Online: Premium Research Chemicals | ChemsXpress\",\"isPartOf\":{\"@id\":\"https:\\\/\\\/chemsxpress.com\\\/#website\"},\"primaryImageOfPage\":{\"@id\":\"https:\\\/\\\/chemsxpress.com\\\/product\\\/buy-3-fma-online\\\/#primaryimage\"},\"image\":{\"@id\":\"https:\\\/\\\/chemsxpress.com\\\/product\\\/buy-3-fma-online\\\/#primaryimage\"},\"thumbnailUrl\":\"https:\\\/\\\/chemsxpress.com\\\/wp-content\\\/uploads\\\/2024\\\/04\\\/3-FMA.jpg\",\"datePublished\":\"2024-04-29T13:21:22+00:00\",\"dateModified\":\"2025-05-24T02:54:35+00:00\",\"description\":\"Buy 3-FMA online from ChemsXpress. Explore ourselection of RC's, with fast and discreet shipping. Trust in our quality assurance for all your needs.\\\"\",\"breadcrumb\":{\"@id\":\"https:\\\/\\\/chemsxpress.com\\\/product\\\/buy-3-fma-online\\\/#breadcrumb\"},\"inLanguage\":\"it-IT\",\"potentialAction\":[{\"@type\":\"ReadAction\",\"target\":[\"https:\\\/\\\/chemsxpress.com\\\/product\\\/buy-3-fma-online\\\/\"]}]},{\"@type\":\"ImageObject\",\"inLanguage\":\"it-IT\",\"@id\":\"https:\\\/\\\/chemsxpress.com\\\/product\\\/buy-3-fma-online\\\/#primaryimage\",\"url\":\"https:\\\/\\\/chemsxpress.com\\\/wp-content\\\/uploads\\\/2024\\\/04\\\/3-FMA.jpg\",\"contentUrl\":\"https:\\\/\\\/chemsxpress.com\\\/wp-content\\\/uploads\\\/2024\\\/04\\\/3-FMA.jpg\",\"width\":600,\"height\":600,\"caption\":\"Buy 3-FMA Online\"},{\"@type\":\"BreadcrumbList\",\"@id\":\"https:\\\/\\\/chemsxpress.com\\\/product\\\/buy-3-fma-online\\\/#breadcrumb\",\"itemListElement\":[{\"@type\":\"ListItem\",\"position\":1,\"name\":\"Home\",\"item\":\"https:\\\/\\\/chemsxpress.com\\\/\"},{\"@type\":\"ListItem\",\"position\":2,\"name\":\"Shop\",\"item\":\"https:\\\/\\\/chemsxpress.com\\\/shop\\\/\"},{\"@type\":\"ListItem\",\"position\":3,\"name\":\"3-FMA\"}]},{\"@type\":\"WebSite\",\"@id\":\"https:\\\/\\\/chemsxpress.com\\\/#website\",\"url\":\"https:\\\/\\\/chemsxpress.com\\\/\",\"name\":\"SHOP MDPHP\",\"description\":\"Buy MDPHP freebase from reliable supplier\",\"potentialAction\":[{\"@type\":\"SearchAction\",\"target\":{\"@type\":\"EntryPoint\",\"urlTemplate\":\"https:\\\/\\\/chemsxpress.com\\\/?s={search_term_string}\"},\"query-input\":{\"@type\":\"PropertyValueSpecification\",\"valueRequired\":true,\"valueName\":\"search_term_string\"}}],\"inLanguage\":\"it-IT\"}]}<\/script>\n<!-- \/ Yoast SEO Premium plugin. -->","yoast_head_json":{"title":"Acquista 3-FMA online: prodotti chimici di ricerca premium | ChemsXpress","description":"Acquista 3-FMA online da ChemsXpress. Esplora la nostra selezione di RC, con spedizione veloce e discreta. Affidati alla nostra garanzia di qualit\u00e0 per tutte le tue esigenze.\"","robots":{"index":"index","follow":"follow","max-snippet":"max-snippet:-1","max-image-preview":"max-image-preview:large","max-video-preview":"max-video-preview:-1"},"canonical":"https:\/\/chemsxpress.com\/it\/prodotto\/acquistare-3-fma-online\/","og_locale":"it_IT","og_type":"article","og_title":"3-FMA","og_description":"Buy 3-FMA online from ChemsXpress. Explore ourselection of RC's, with fast and discreet shipping. Trust in our quality assurance for all your needs.\"","og_url":"https:\/\/chemsxpress.com\/it\/prodotto\/acquistare-3-fma-online\/","og_site_name":"SHOP MDPHP","article_modified_time":"2025-05-24T02:54:35+00:00","og_image":[{"width":600,"height":600,"url":"https:\/\/chemsxpress.com\/wp-content\/uploads\/2024\/04\/3-FMA.jpg","type":"image\/jpeg"}],"twitter_card":"summary_large_image","twitter_misc":{"Tempo di lettura stimato":"2 minuti"},"schema":{"@context":"https:\/\/schema.org","@graph":[{"@type":"WebPage","@id":"https:\/\/chemsxpress.com\/product\/buy-3-fma-online\/","url":"https:\/\/chemsxpress.com\/product\/buy-3-fma-online\/","name":"Acquista 3-FMA online: prodotti chimici di ricerca premium | ChemsXpress","isPartOf":{"@id":"https:\/\/chemsxpress.com\/#website"},"primaryImageOfPage":{"@id":"https:\/\/chemsxpress.com\/product\/buy-3-fma-online\/#primaryimage"},"image":{"@id":"https:\/\/chemsxpress.com\/product\/buy-3-fma-online\/#primaryimage"},"thumbnailUrl":"https:\/\/chemsxpress.com\/wp-content\/uploads\/2024\/04\/3-FMA.jpg","datePublished":"2024-04-29T13:21:22+00:00","dateModified":"2025-05-24T02:54:35+00:00","description":"Acquista 3-FMA online da ChemsXpress. Esplora la nostra selezione di RC, con spedizione veloce e discreta. Affidati alla nostra garanzia di qualit\u00e0 per tutte le tue esigenze.\"","breadcrumb":{"@id":"https:\/\/chemsxpress.com\/product\/buy-3-fma-online\/#breadcrumb"},"inLanguage":"it-IT","potentialAction":[{"@type":"ReadAction","target":["https:\/\/chemsxpress.com\/product\/buy-3-fma-online\/"]}]},{"@type":"ImageObject","inLanguage":"it-IT","@id":"https:\/\/chemsxpress.com\/product\/buy-3-fma-online\/#primaryimage","url":"https:\/\/chemsxpress.com\/wp-content\/uploads\/2024\/04\/3-FMA.jpg","contentUrl":"https:\/\/chemsxpress.com\/wp-content\/uploads\/2024\/04\/3-FMA.jpg","width":600,"height":600,"caption":"Buy 3-FMA Online"},{"@type":"BreadcrumbList","@id":"https:\/\/chemsxpress.com\/product\/buy-3-fma-online\/#breadcrumb","itemListElement":[{"@type":"ListItem","position":1,"name":"Home","item":"https:\/\/chemsxpress.com\/"},{"@type":"ListItem","position":2,"name":"Shop","item":"https:\/\/chemsxpress.com\/shop\/"},{"@type":"ListItem","position":3,"name":"3-FMA"}]},{"@type":"WebSite","@id":"https:\/\/chemsxpress.com\/#website","url":"https:\/\/chemsxpress.com\/","name":"NEGOZIO MDP","description":"Acquistare MDPHP freebase da un fornitore affidabile","potentialAction":[{"@type":"SearchAction","target":{"@type":"EntryPoint","urlTemplate":"https:\/\/chemsxpress.com\/?s={search_term_string}"},"query-input":{"@type":"PropertyValueSpecification","valueRequired":true,"valueName":"search_term_string"}}],"inLanguage":"it-IT"}]}},"jetpack_sharing_enabled":true,"_links":{"self":[{"href":"https:\/\/chemsxpress.com\/it\/wp-json\/wp\/v2\/product\/29315","targetHints":{"allow":["GET"]}}],"collection":[{"href":"https:\/\/chemsxpress.com\/it\/wp-json\/wp\/v2\/product"}],"about":[{"href":"https:\/\/chemsxpress.com\/it\/wp-json\/wp\/v2\/types\/product"}],"replies":[{"embeddable":true,"href":"https:\/\/chemsxpress.com\/it\/wp-json\/wp\/v2\/comments?post=29315"}],"version-history":[{"count":4,"href":"https:\/\/chemsxpress.com\/it\/wp-json\/wp\/v2\/product\/29315\/revisions"}],"predecessor-version":[{"id":29991,"href":"https:\/\/chemsxpress.com\/it\/wp-json\/wp\/v2\/product\/29315\/revisions\/29991"}],"wp:featuredmedia":[{"embeddable":true,"href":"https:\/\/chemsxpress.com\/it\/wp-json\/wp\/v2\/media\/29349"}],"wp:attachment":[{"href":"https:\/\/chemsxpress.com\/it\/wp-json\/wp\/v2\/media?parent=29315"}],"wp:term":[{"taxonomy":"product_brand","embeddable":true,"href":"https:\/\/chemsxpress.com\/it\/wp-json\/wp\/v2\/product_brand?post=29315"},{"taxonomy":"product_cat","embeddable":true,"href":"https:\/\/chemsxpress.com\/it\/wp-json\/wp\/v2\/product_cat?post=29315"},{"taxonomy":"product_tag","embeddable":true,"href":"https:\/\/chemsxpress.com\/it\/wp-json\/wp\/v2\/product_tag?post=29315"}],"curies":[{"name":"wp","href":"https:\/\/api.w.org\/{rel}","templated":true}]}}