{"id":29316,"date":"2024-04-29T13:21:22","date_gmt":"2024-04-29T13:21:22","guid":{"rendered":"https:\/\/chemsxpress.com\/?post_type=product&#038;p=29316"},"modified":"2025-05-19T02:40:17","modified_gmt":"2025-05-19T02:40:17","slug":"acquistare-4-cl-pvp","status":"publish","type":"product","link":"https:\/\/chemsxpress.com\/it\/prodotto\/acquistare-4-cl-pvp\/","title":{"rendered":"4-CL-PVP"},"content":{"rendered":"<h2><b>Che cos'\u00e8 il 4-CL-PVP?<\/b><\/h2>\n<p>Comprare 4-CL-PVP, \u00e8 un analogo cristallino dell'a-PVP. \u00c8 uno stimolante da manuale. Gli esperimenti di ricerca con il 4-CL-PVP tendono a produrre risultati di loquacit\u00e0, maggiore allerta, alta energia e altri risultati stimolanti. I risultati del 4-CL-PVP tendono a durare meno di tre ore. La sostanza chimica \u00e8 anche nota per produrre risultati euforici da moderati a estremi. I ricercatori che sono alla ricerca di un'alternativa all'a-PVP troveranno che il 4-CL-PVP \u00e8 un'alternativa adatta. Il 4-CL-PVP \u00e8 un inibitore della ricaptazione della noradrenalina e della dopamina. I risultati stimolanti di questa sostanza chimica sono in gran parte dovuti a questo fatto.<\/p>\n<p>&nbsp;<\/p>\n<h2><b>Dove acquistare il 4-CL-PVP?<\/b><\/h2>\n<p>Qui a Chemical Planet abbiamo a disposizione 4-CL-PVP di altissima qualit\u00e0 in vendita a <a href=\"https:\/\/chemsxpress.com\/it\/\">ChemsXpress<\/a>. Il nostro 4-CL-PVP \u00e8 solitamente disponibile in forma di cristallo. Se non vedete la forma desiderata, non esitate a contattarci per sapere quando sar\u00e0 disponibile.<\/p>\n<p>Se avete intenzione di acquistare 4-Cl-PVP da Chemical Planet, dovete avere almeno 18 anni ed essere in piena conformit\u00e0 con tutti i requisiti di legge. <a href=\"https:\/\/chemsxpress.com\/it\/categoria-di-prodotto\/ricerca-chimica\/\">ricerca chimica<\/a> leggi del vostro paese. I nostri prodotti chimici sono concepiti esclusivamente per la ricerca e non sono destinati all'uso umano o animale.<\/p>\n<p>&nbsp;<\/p>\n<h2><b>4-CL-PVP Legalit\u00e0<\/b><\/h2>\n<p>La maggior parte dei governi del mondo non ha proclamato il 4-CL-PVP come sostanza chimica illegale. Ci\u00f2 significa che nella maggior parte dei luoghi non \u00e8 stato classificato. Se avete bisogno di ulteriori informazioni, contattate il vostro governo federale per avere chiarimenti sullo stato legale del 4-CL-PVP.<\/p>","protected":false},"excerpt":{"rendered":"<p>Nome IUPAC: 1-(4-clorofenile)-2-(pirrolidina-1-il)pentan-1-one<\/p>\n<p>CAS # 902324-25-5<\/p>\n<p>Aspetto: cristalli<\/p>\n<p>Analisi NMR: C15H20CINO<\/p>","protected":false},"featured_media":29351,"comment_status":"open","ping_status":"closed","template":"","meta":[],"product_brand":[],"product_cat":[79],"product_tag":[],"class_list":{"0":"post-29316","1":"product","2":"type-product","3":"status-publish","4":"has-post-thumbnail","6":"product_cat-cathinone","8":"first","9":"instock","10":"shipping-taxable","11":"purchasable","12":"product-type-variable"},"yoast_head":"<!-- This site is optimized with the Yoast SEO Premium plugin v24.1 (Yoast SEO v27.4) - https:\/\/yoast.com\/product\/yoast-seo-premium-wordpress\/ -->\n<title>Buy 4-CL-PVP Online: Premium Quality RC&#039;s | ChemsXpress<\/title>\n<meta name=\"description\" content=\"Buy 4-CL-PVP Online. Explore premium 4-CL-PVP at ChemsXpress. Fast, discreet shipping 4-CL-PVP. rust in our quality assurance for all your research needs\" \/>\n<meta name=\"robots\" content=\"index, follow, max-snippet:-1, max-image-preview:large, max-video-preview:-1\" \/>\n<link rel=\"canonical\" href=\"https:\/\/chemsxpress.com\/it\/prodotto\/acquistare-4-cl-pvp\/\" \/>\n<meta property=\"og:locale\" content=\"it_IT\" \/>\n<meta property=\"og:type\" content=\"article\" \/>\n<meta property=\"og:title\" content=\"4-CL-PVP\" \/>\n<meta property=\"og:description\" content=\"Buy 4-CL-PVP Online. Explore premium 4-CL-PVP at ChemsXpress. Fast, discreet shipping 4-CL-PVP. rust in our quality assurance for all your research needs\" \/>\n<meta property=\"og:url\" content=\"https:\/\/chemsxpress.com\/it\/prodotto\/acquistare-4-cl-pvp\/\" \/>\n<meta property=\"og:site_name\" content=\"SHOP MDPHP\" \/>\n<meta property=\"article:modified_time\" content=\"2025-05-19T02:40:17+00:00\" \/>\n<meta property=\"og:image\" content=\"https:\/\/chemsxpress.com\/wp-content\/uploads\/2024\/04\/4-CL-PVP-1.jpg\" \/>\n\t<meta property=\"og:image:width\" content=\"600\" \/>\n\t<meta property=\"og:image:height\" content=\"600\" \/>\n\t<meta property=\"og:image:type\" content=\"image\/jpeg\" \/>\n<meta name=\"twitter:card\" content=\"summary_large_image\" \/>\n<meta name=\"twitter:label1\" content=\"Tempo di lettura stimato\" \/>\n\t<meta name=\"twitter:data1\" content=\"2 minuti\" \/>\n<script type=\"application\/ld+json\" class=\"yoast-schema-graph\">{\"@context\":\"https:\\\/\\\/schema.org\",\"@graph\":[{\"@type\":\"WebPage\",\"@id\":\"https:\\\/\\\/chemsxpress.com\\\/product\\\/buy-4-cl-pvp\\\/\",\"url\":\"https:\\\/\\\/chemsxpress.com\\\/product\\\/buy-4-cl-pvp\\\/\",\"name\":\"Buy 4-CL-PVP Online: Premium Quality RC's | ChemsXpress\",\"isPartOf\":{\"@id\":\"https:\\\/\\\/chemsxpress.com\\\/#website\"},\"primaryImageOfPage\":{\"@id\":\"https:\\\/\\\/chemsxpress.com\\\/product\\\/buy-4-cl-pvp\\\/#primaryimage\"},\"image\":{\"@id\":\"https:\\\/\\\/chemsxpress.com\\\/product\\\/buy-4-cl-pvp\\\/#primaryimage\"},\"thumbnailUrl\":\"https:\\\/\\\/chemsxpress.com\\\/wp-content\\\/uploads\\\/2024\\\/04\\\/4-CL-PVP-1.jpg\",\"datePublished\":\"2024-04-29T13:21:22+00:00\",\"dateModified\":\"2025-05-19T02:40:17+00:00\",\"description\":\"Buy 4-CL-PVP Online. Explore premium 4-CL-PVP at ChemsXpress. Fast, discreet shipping 4-CL-PVP. rust in our quality assurance for all your research needs\",\"breadcrumb\":{\"@id\":\"https:\\\/\\\/chemsxpress.com\\\/product\\\/buy-4-cl-pvp\\\/#breadcrumb\"},\"inLanguage\":\"it-IT\",\"potentialAction\":[{\"@type\":\"ReadAction\",\"target\":[\"https:\\\/\\\/chemsxpress.com\\\/product\\\/buy-4-cl-pvp\\\/\"]}]},{\"@type\":\"ImageObject\",\"inLanguage\":\"it-IT\",\"@id\":\"https:\\\/\\\/chemsxpress.com\\\/product\\\/buy-4-cl-pvp\\\/#primaryimage\",\"url\":\"https:\\\/\\\/chemsxpress.com\\\/wp-content\\\/uploads\\\/2024\\\/04\\\/4-CL-PVP-1.jpg\",\"contentUrl\":\"https:\\\/\\\/chemsxpress.com\\\/wp-content\\\/uploads\\\/2024\\\/04\\\/4-CL-PVP-1.jpg\",\"width\":600,\"height\":600,\"caption\":\"Buy 4-CL-PVP\"},{\"@type\":\"BreadcrumbList\",\"@id\":\"https:\\\/\\\/chemsxpress.com\\\/product\\\/buy-4-cl-pvp\\\/#breadcrumb\",\"itemListElement\":[{\"@type\":\"ListItem\",\"position\":1,\"name\":\"Home\",\"item\":\"https:\\\/\\\/chemsxpress.com\\\/\"},{\"@type\":\"ListItem\",\"position\":2,\"name\":\"Shop\",\"item\":\"https:\\\/\\\/chemsxpress.com\\\/shop\\\/\"},{\"@type\":\"ListItem\",\"position\":3,\"name\":\"4-CL-PVP\"}]},{\"@type\":\"WebSite\",\"@id\":\"https:\\\/\\\/chemsxpress.com\\\/#website\",\"url\":\"https:\\\/\\\/chemsxpress.com\\\/\",\"name\":\"SHOP MDPHP\",\"description\":\"Buy MDPHP freebase from reliable supplier\",\"potentialAction\":[{\"@type\":\"SearchAction\",\"target\":{\"@type\":\"EntryPoint\",\"urlTemplate\":\"https:\\\/\\\/chemsxpress.com\\\/?s={search_term_string}\"},\"query-input\":{\"@type\":\"PropertyValueSpecification\",\"valueRequired\":true,\"valueName\":\"search_term_string\"}}],\"inLanguage\":\"it-IT\"}]}<\/script>\n<!-- \/ Yoast SEO Premium plugin. -->","yoast_head_json":{"title":"Acquista 4-CL-PVP online: RC di qualit\u00e0 premium | ChemsXpress","description":"Acquista 4-CL-PVP online. Esplora il 4-CL-PVP premium su ChemsXpress. Spedizione veloce e discreta 4-CL-PVP. ruggine nella nostra garanzia di qualit\u00e0 per tutte le vostre esigenze di ricerca","robots":{"index":"index","follow":"follow","max-snippet":"max-snippet:-1","max-image-preview":"max-image-preview:large","max-video-preview":"max-video-preview:-1"},"canonical":"https:\/\/chemsxpress.com\/it\/prodotto\/acquistare-4-cl-pvp\/","og_locale":"it_IT","og_type":"article","og_title":"4-CL-PVP","og_description":"Buy 4-CL-PVP Online. Explore premium 4-CL-PVP at ChemsXpress. Fast, discreet shipping 4-CL-PVP. rust in our quality assurance for all your research needs","og_url":"https:\/\/chemsxpress.com\/it\/prodotto\/acquistare-4-cl-pvp\/","og_site_name":"SHOP MDPHP","article_modified_time":"2025-05-19T02:40:17+00:00","og_image":[{"width":600,"height":600,"url":"https:\/\/chemsxpress.com\/wp-content\/uploads\/2024\/04\/4-CL-PVP-1.jpg","type":"image\/jpeg"}],"twitter_card":"summary_large_image","twitter_misc":{"Tempo di lettura stimato":"2 minuti"},"schema":{"@context":"https:\/\/schema.org","@graph":[{"@type":"WebPage","@id":"https:\/\/chemsxpress.com\/product\/buy-4-cl-pvp\/","url":"https:\/\/chemsxpress.com\/product\/buy-4-cl-pvp\/","name":"Acquista 4-CL-PVP online: RC di qualit\u00e0 premium | ChemsXpress","isPartOf":{"@id":"https:\/\/chemsxpress.com\/#website"},"primaryImageOfPage":{"@id":"https:\/\/chemsxpress.com\/product\/buy-4-cl-pvp\/#primaryimage"},"image":{"@id":"https:\/\/chemsxpress.com\/product\/buy-4-cl-pvp\/#primaryimage"},"thumbnailUrl":"https:\/\/chemsxpress.com\/wp-content\/uploads\/2024\/04\/4-CL-PVP-1.jpg","datePublished":"2024-04-29T13:21:22+00:00","dateModified":"2025-05-19T02:40:17+00:00","description":"Acquista 4-CL-PVP online. Esplora il 4-CL-PVP premium su ChemsXpress. Spedizione veloce e discreta 4-CL-PVP. ruggine nella nostra garanzia di qualit\u00e0 per tutte le vostre esigenze di ricerca","breadcrumb":{"@id":"https:\/\/chemsxpress.com\/product\/buy-4-cl-pvp\/#breadcrumb"},"inLanguage":"it-IT","potentialAction":[{"@type":"ReadAction","target":["https:\/\/chemsxpress.com\/product\/buy-4-cl-pvp\/"]}]},{"@type":"ImageObject","inLanguage":"it-IT","@id":"https:\/\/chemsxpress.com\/product\/buy-4-cl-pvp\/#primaryimage","url":"https:\/\/chemsxpress.com\/wp-content\/uploads\/2024\/04\/4-CL-PVP-1.jpg","contentUrl":"https:\/\/chemsxpress.com\/wp-content\/uploads\/2024\/04\/4-CL-PVP-1.jpg","width":600,"height":600,"caption":"Buy 4-CL-PVP"},{"@type":"BreadcrumbList","@id":"https:\/\/chemsxpress.com\/product\/buy-4-cl-pvp\/#breadcrumb","itemListElement":[{"@type":"ListItem","position":1,"name":"Home","item":"https:\/\/chemsxpress.com\/"},{"@type":"ListItem","position":2,"name":"Shop","item":"https:\/\/chemsxpress.com\/shop\/"},{"@type":"ListItem","position":3,"name":"4-CL-PVP"}]},{"@type":"WebSite","@id":"https:\/\/chemsxpress.com\/#website","url":"https:\/\/chemsxpress.com\/","name":"NEGOZIO MDP","description":"Acquistare MDPHP freebase da un fornitore affidabile","potentialAction":[{"@type":"SearchAction","target":{"@type":"EntryPoint","urlTemplate":"https:\/\/chemsxpress.com\/?s={search_term_string}"},"query-input":{"@type":"PropertyValueSpecification","valueRequired":true,"valueName":"search_term_string"}}],"inLanguage":"it-IT"}]}},"jetpack_sharing_enabled":true,"_links":{"self":[{"href":"https:\/\/chemsxpress.com\/it\/wp-json\/wp\/v2\/product\/29316","targetHints":{"allow":["GET"]}}],"collection":[{"href":"https:\/\/chemsxpress.com\/it\/wp-json\/wp\/v2\/product"}],"about":[{"href":"https:\/\/chemsxpress.com\/it\/wp-json\/wp\/v2\/types\/product"}],"replies":[{"embeddable":true,"href":"https:\/\/chemsxpress.com\/it\/wp-json\/wp\/v2\/comments?post=29316"}],"version-history":[{"count":4,"href":"https:\/\/chemsxpress.com\/it\/wp-json\/wp\/v2\/product\/29316\/revisions"}],"predecessor-version":[{"id":29990,"href":"https:\/\/chemsxpress.com\/it\/wp-json\/wp\/v2\/product\/29316\/revisions\/29990"}],"wp:featuredmedia":[{"embeddable":true,"href":"https:\/\/chemsxpress.com\/it\/wp-json\/wp\/v2\/media\/29351"}],"wp:attachment":[{"href":"https:\/\/chemsxpress.com\/it\/wp-json\/wp\/v2\/media?parent=29316"}],"wp:term":[{"taxonomy":"product_brand","embeddable":true,"href":"https:\/\/chemsxpress.com\/it\/wp-json\/wp\/v2\/product_brand?post=29316"},{"taxonomy":"product_cat","embeddable":true,"href":"https:\/\/chemsxpress.com\/it\/wp-json\/wp\/v2\/product_cat?post=29316"},{"taxonomy":"product_tag","embeddable":true,"href":"https:\/\/chemsxpress.com\/it\/wp-json\/wp\/v2\/product_tag?post=29316"}],"curies":[{"name":"wp","href":"https:\/\/api.w.org\/{rel}","templated":true}]}}