{"id":29317,"date":"2024-04-29T13:21:22","date_gmt":"2024-04-29T13:21:22","guid":{"rendered":"https:\/\/chemsxpress.com\/?post_type=product&#038;p=29317"},"modified":"2024-05-02T04:30:19","modified_gmt":"2024-05-02T04:30:19","slug":"acquistare-il-kratom-sumatra-bianco","status":"publish","type":"product","link":"https:\/\/chemsxpress.com\/it\/prodotto\/acquistare-il-kratom-sumatra-bianco\/","title":{"rendered":"Sumatra bianco"},"content":{"rendered":"<h1>Comprare il Kratom Sumatra Bianco<\/h1>\n<p>Comprare White Sumatra Kratom (mitragyna Speciosa) - White Sumatra \u00e8 una variet\u00e0 molto popolare che cresce nei ricchi terreni indonesiani. \u00c8 nota per le sue grandi e vibranti foglie \"bianche\" che vengono raccolte con cura e macinate in una polvere fine. Questa variet\u00e0 \u00e8 una testimonianza della biodiversit\u00e0 dell'Indonesia ed \u00e8 disponibile in diverse quantit\u00e0.<\/p>\n<p>Il Kratom Sumatra bianco viene subito dopo il Maeng Da bianco in termini di popolarit\u00e0.<\/p>\n<div class=\"tab-content\">\n<h2><strong>Kratom in polvere Europa<\/strong><\/h2>\n<p>Abbiamo solo il kratom sumatra bianco pi\u00f9 fresco per voi. Tutte le nostre foglie di Kratom sono raccolte a mano. I nostri agricoltori lavorano molto per offrire a tutti i migliori prodotti 100% di Kratom naturale di alta qualit\u00e0. Abbiamo il nostro essiccatoio e il nostro impianto di produzione in Indonesia. In questo modo abbiamo il pieno controllo della qualit\u00e0. Diverse volte all'anno visitiamo la nostra fabbrica per controllare la qualit\u00e0 e (se necessario) migliorarla. Lavoriamo insieme a buoni amici che lavorano il nostro Kratom con le migliori macchine ad alta igiene. Ogni lotto della nostra fabbrica viene testato in un laboratorio di prova.<\/p>\n<p>A <a href=\"https:\/\/chemsxpress.com\/it\/\">ChemsXpress<\/a> Manteniamo i prezzi bassi perch\u00e9 abbiamo una produzione propria di Kratom. La popolazione locale riceve un sostegno finanziario quando si acquista il nostro Kratom.<\/p>\n<\/div>\n<p>Il kratom non fa parte dell'elenco dei Novel food e dei nuovi ingredienti alimentari approvati. Pertanto non pu\u00f2 essere venduto per il consumo umano.<\/p>","protected":false},"excerpt":{"rendered":"<p><strong>Nome IUPAC:<\/strong><\/p>\n<p><strong>Forma: <\/strong>polvere<\/p>\n<p><strong>Analisi NMR: <\/strong>N\/D<\/p>","protected":false},"featured_media":29353,"comment_status":"open","ping_status":"closed","template":"","meta":[],"product_brand":[],"product_cat":[81],"product_tag":[],"class_list":{"0":"post-29317","1":"product","2":"type-product","3":"status-publish","4":"has-post-thumbnail","6":"product_cat-kratom","8":"first","9":"instock","10":"shipping-taxable","11":"purchasable","12":"product-type-variable"},"yoast_head":"<!-- This site is optimized with the Yoast SEO Premium plugin v24.1 (Yoast SEO v27.4) - https:\/\/yoast.com\/product\/yoast-seo-premium-wordpress\/ -->\n<title>Buy White Sumatra Kratom: Premium Quality, Fast Shipping<\/title>\n<meta name=\"description\" content=\"Buy White Sumatra Kratom. Shop our premium selection for quality assurance and fast, discreet shipping. Discover the difference with our trusted source\" \/>\n<meta name=\"robots\" content=\"index, follow, max-snippet:-1, max-image-preview:large, max-video-preview:-1\" \/>\n<link rel=\"canonical\" href=\"https:\/\/chemsxpress.com\/it\/prodotto\/acquistare-il-kratom-sumatra-bianco\/\" \/>\n<meta property=\"og:locale\" content=\"it_IT\" \/>\n<meta property=\"og:type\" content=\"article\" \/>\n<meta property=\"og:title\" content=\"White Sumatra\" \/>\n<meta property=\"og:description\" content=\"Buy White Sumatra Kratom. Shop our premium selection for quality assurance and fast, discreet shipping. Discover the difference with our trusted source\" \/>\n<meta property=\"og:url\" content=\"https:\/\/chemsxpress.com\/it\/prodotto\/acquistare-il-kratom-sumatra-bianco\/\" \/>\n<meta property=\"og:site_name\" content=\"SHOP MDPHP\" \/>\n<meta property=\"article:modified_time\" content=\"2024-05-02T04:30:19+00:00\" \/>\n<meta property=\"og:image\" content=\"https:\/\/chemsxpress.com\/wp-content\/uploads\/2024\/04\/white-sumatra-1.jpg\" \/>\n\t<meta property=\"og:image:width\" content=\"600\" \/>\n\t<meta property=\"og:image:height\" content=\"600\" \/>\n\t<meta property=\"og:image:type\" content=\"image\/jpeg\" \/>\n<meta name=\"twitter:card\" content=\"summary_large_image\" \/>\n<meta name=\"twitter:label1\" content=\"Tempo di lettura stimato\" \/>\n\t<meta name=\"twitter:data1\" content=\"2 minuti\" \/>\n<script type=\"application\/ld+json\" class=\"yoast-schema-graph\">{\"@context\":\"https:\\\/\\\/schema.org\",\"@graph\":[{\"@type\":\"WebPage\",\"@id\":\"https:\\\/\\\/chemsxpress.com\\\/product\\\/buy-white-sumatra-kratom\\\/\",\"url\":\"https:\\\/\\\/chemsxpress.com\\\/product\\\/buy-white-sumatra-kratom\\\/\",\"name\":\"Buy White Sumatra Kratom: Premium Quality, Fast Shipping\",\"isPartOf\":{\"@id\":\"https:\\\/\\\/chemsxpress.com\\\/#website\"},\"primaryImageOfPage\":{\"@id\":\"https:\\\/\\\/chemsxpress.com\\\/product\\\/buy-white-sumatra-kratom\\\/#primaryimage\"},\"image\":{\"@id\":\"https:\\\/\\\/chemsxpress.com\\\/product\\\/buy-white-sumatra-kratom\\\/#primaryimage\"},\"thumbnailUrl\":\"https:\\\/\\\/chemsxpress.com\\\/wp-content\\\/uploads\\\/2024\\\/04\\\/white-sumatra-1.jpg\",\"datePublished\":\"2024-04-29T13:21:22+00:00\",\"dateModified\":\"2024-05-02T04:30:19+00:00\",\"description\":\"Buy White Sumatra Kratom. Shop our premium selection for quality assurance and fast, discreet shipping. Discover the difference with our trusted source\",\"breadcrumb\":{\"@id\":\"https:\\\/\\\/chemsxpress.com\\\/product\\\/buy-white-sumatra-kratom\\\/#breadcrumb\"},\"inLanguage\":\"it-IT\",\"potentialAction\":[{\"@type\":\"ReadAction\",\"target\":[\"https:\\\/\\\/chemsxpress.com\\\/product\\\/buy-white-sumatra-kratom\\\/\"]}]},{\"@type\":\"ImageObject\",\"inLanguage\":\"it-IT\",\"@id\":\"https:\\\/\\\/chemsxpress.com\\\/product\\\/buy-white-sumatra-kratom\\\/#primaryimage\",\"url\":\"https:\\\/\\\/chemsxpress.com\\\/wp-content\\\/uploads\\\/2024\\\/04\\\/white-sumatra-1.jpg\",\"contentUrl\":\"https:\\\/\\\/chemsxpress.com\\\/wp-content\\\/uploads\\\/2024\\\/04\\\/white-sumatra-1.jpg\",\"width\":600,\"height\":600,\"caption\":\"Buy White Sumatra Kratom\"},{\"@type\":\"BreadcrumbList\",\"@id\":\"https:\\\/\\\/chemsxpress.com\\\/product\\\/buy-white-sumatra-kratom\\\/#breadcrumb\",\"itemListElement\":[{\"@type\":\"ListItem\",\"position\":1,\"name\":\"Home\",\"item\":\"https:\\\/\\\/chemsxpress.com\\\/\"},{\"@type\":\"ListItem\",\"position\":2,\"name\":\"Shop\",\"item\":\"https:\\\/\\\/chemsxpress.com\\\/shop\\\/\"},{\"@type\":\"ListItem\",\"position\":3,\"name\":\"White Sumatra\"}]},{\"@type\":\"WebSite\",\"@id\":\"https:\\\/\\\/chemsxpress.com\\\/#website\",\"url\":\"https:\\\/\\\/chemsxpress.com\\\/\",\"name\":\"SHOP MDPHP\",\"description\":\"Buy MDPHP freebase from reliable supplier\",\"potentialAction\":[{\"@type\":\"SearchAction\",\"target\":{\"@type\":\"EntryPoint\",\"urlTemplate\":\"https:\\\/\\\/chemsxpress.com\\\/?s={search_term_string}\"},\"query-input\":{\"@type\":\"PropertyValueSpecification\",\"valueRequired\":true,\"valueName\":\"search_term_string\"}}],\"inLanguage\":\"it-IT\"}]}<\/script>\n<!-- \/ Yoast SEO Premium plugin. -->","yoast_head_json":{"title":"Acquista Kratom di Sumatra bianco: qualit\u00e0 premium, spedizione veloce","description":"Acquista Kratom di Sumatra bianco. Acquista la nostra selezione premium per la garanzia della qualit\u00e0 e una spedizione veloce e discreta. Scopri la differenza con la nostra fonte attendibile","robots":{"index":"index","follow":"follow","max-snippet":"max-snippet:-1","max-image-preview":"max-image-preview:large","max-video-preview":"max-video-preview:-1"},"canonical":"https:\/\/chemsxpress.com\/it\/prodotto\/acquistare-il-kratom-sumatra-bianco\/","og_locale":"it_IT","og_type":"article","og_title":"White Sumatra","og_description":"Buy White Sumatra Kratom. Shop our premium selection for quality assurance and fast, discreet shipping. Discover the difference with our trusted source","og_url":"https:\/\/chemsxpress.com\/it\/prodotto\/acquistare-il-kratom-sumatra-bianco\/","og_site_name":"SHOP MDPHP","article_modified_time":"2024-05-02T04:30:19+00:00","og_image":[{"width":600,"height":600,"url":"https:\/\/chemsxpress.com\/wp-content\/uploads\/2024\/04\/white-sumatra-1.jpg","type":"image\/jpeg"}],"twitter_card":"summary_large_image","twitter_misc":{"Tempo di lettura stimato":"2 minuti"},"schema":{"@context":"https:\/\/schema.org","@graph":[{"@type":"WebPage","@id":"https:\/\/chemsxpress.com\/product\/buy-white-sumatra-kratom\/","url":"https:\/\/chemsxpress.com\/product\/buy-white-sumatra-kratom\/","name":"Acquista Kratom di Sumatra bianco: qualit\u00e0 premium, spedizione veloce","isPartOf":{"@id":"https:\/\/chemsxpress.com\/#website"},"primaryImageOfPage":{"@id":"https:\/\/chemsxpress.com\/product\/buy-white-sumatra-kratom\/#primaryimage"},"image":{"@id":"https:\/\/chemsxpress.com\/product\/buy-white-sumatra-kratom\/#primaryimage"},"thumbnailUrl":"https:\/\/chemsxpress.com\/wp-content\/uploads\/2024\/04\/white-sumatra-1.jpg","datePublished":"2024-04-29T13:21:22+00:00","dateModified":"2024-05-02T04:30:19+00:00","description":"Acquista Kratom di Sumatra bianco. Acquista la nostra selezione premium per la garanzia della qualit\u00e0 e una spedizione veloce e discreta. Scopri la differenza con la nostra fonte attendibile","breadcrumb":{"@id":"https:\/\/chemsxpress.com\/product\/buy-white-sumatra-kratom\/#breadcrumb"},"inLanguage":"it-IT","potentialAction":[{"@type":"ReadAction","target":["https:\/\/chemsxpress.com\/product\/buy-white-sumatra-kratom\/"]}]},{"@type":"ImageObject","inLanguage":"it-IT","@id":"https:\/\/chemsxpress.com\/product\/buy-white-sumatra-kratom\/#primaryimage","url":"https:\/\/chemsxpress.com\/wp-content\/uploads\/2024\/04\/white-sumatra-1.jpg","contentUrl":"https:\/\/chemsxpress.com\/wp-content\/uploads\/2024\/04\/white-sumatra-1.jpg","width":600,"height":600,"caption":"Buy White Sumatra Kratom"},{"@type":"BreadcrumbList","@id":"https:\/\/chemsxpress.com\/product\/buy-white-sumatra-kratom\/#breadcrumb","itemListElement":[{"@type":"ListItem","position":1,"name":"Home","item":"https:\/\/chemsxpress.com\/"},{"@type":"ListItem","position":2,"name":"Shop","item":"https:\/\/chemsxpress.com\/shop\/"},{"@type":"ListItem","position":3,"name":"White Sumatra"}]},{"@type":"WebSite","@id":"https:\/\/chemsxpress.com\/#website","url":"https:\/\/chemsxpress.com\/","name":"NEGOZIO MDP","description":"Acquistare MDPHP freebase da un fornitore affidabile","potentialAction":[{"@type":"SearchAction","target":{"@type":"EntryPoint","urlTemplate":"https:\/\/chemsxpress.com\/?s={search_term_string}"},"query-input":{"@type":"PropertyValueSpecification","valueRequired":true,"valueName":"search_term_string"}}],"inLanguage":"it-IT"}]}},"jetpack_sharing_enabled":true,"_links":{"self":[{"href":"https:\/\/chemsxpress.com\/it\/wp-json\/wp\/v2\/product\/29317","targetHints":{"allow":["GET"]}}],"collection":[{"href":"https:\/\/chemsxpress.com\/it\/wp-json\/wp\/v2\/product"}],"about":[{"href":"https:\/\/chemsxpress.com\/it\/wp-json\/wp\/v2\/types\/product"}],"replies":[{"embeddable":true,"href":"https:\/\/chemsxpress.com\/it\/wp-json\/wp\/v2\/comments?post=29317"}],"version-history":[{"count":3,"href":"https:\/\/chemsxpress.com\/it\/wp-json\/wp\/v2\/product\/29317\/revisions"}],"predecessor-version":[{"id":29561,"href":"https:\/\/chemsxpress.com\/it\/wp-json\/wp\/v2\/product\/29317\/revisions\/29561"}],"wp:featuredmedia":[{"embeddable":true,"href":"https:\/\/chemsxpress.com\/it\/wp-json\/wp\/v2\/media\/29353"}],"wp:attachment":[{"href":"https:\/\/chemsxpress.com\/it\/wp-json\/wp\/v2\/media?parent=29317"}],"wp:term":[{"taxonomy":"product_brand","embeddable":true,"href":"https:\/\/chemsxpress.com\/it\/wp-json\/wp\/v2\/product_brand?post=29317"},{"taxonomy":"product_cat","embeddable":true,"href":"https:\/\/chemsxpress.com\/it\/wp-json\/wp\/v2\/product_cat?post=29317"},{"taxonomy":"product_tag","embeddable":true,"href":"https:\/\/chemsxpress.com\/it\/wp-json\/wp\/v2\/product_tag?post=29317"}],"curies":[{"name":"wp","href":"https:\/\/api.w.org\/{rel}","templated":true}]}}