{"id":29318,"date":"2024-04-29T13:21:22","date_gmt":"2024-04-29T13:21:22","guid":{"rendered":"https:\/\/chemsxpress.com\/?post_type=product&#038;p=29318"},"modified":"2025-05-17T10:09:22","modified_gmt":"2025-05-17T10:09:22","slug":"acquistare-il-kratom-bianco-del-vietnam","status":"publish","type":"product","link":"https:\/\/chemsxpress.com\/it\/prodotto\/acquistare-il-kratom-bianco-del-vietnam\/","title":{"rendered":"Vietnam bianco"},"content":{"rendered":"<h2>ACQUISTARE IL KRATOM BIANCO DEL VIETNAM<\/h2>\n<p>Sebbene i ceppi di Kratom del Vietnam crescano da tempo nelle fertili foreste vietnamite, questi ceppi hanno iniziato solo di recente ad attirare l'attenzione della comunit\u00e0 del kratom. Questo \u00e8 in particolare il caso del Kratom del Vietnam bianco.<\/p>\n<p>Come tutte le altre variet\u00e0 di Kratom, anche il White Vietnam Kratom \u00e8 disponibile in diversi negozi online, come Krabot. Se volete saperne di pi\u00f9 su questa variante efficace e potente, siete arrivati nel posto giusto. <a href=\"https:\/\/chemsxpress.com\/it\/\">posto giusto<\/a>. Continuate a leggere per saperne di pi\u00f9 sul White Vietnam Kratom.<\/p>\n<h2>COS'\u00c8 IL KRATOM BIANCO DEL VIETNAM?<\/h2>\n<p>Il White Vietnam Kratom viene coltivato e raccolto lungo il fiume Mekong, in Vietnam. Il fiume Mekong \u00e8 ricco di minerali e terreni fertili, adatti alla crescita del Kratom bianco del Vietnam. Inoltre, gli agricoltori sono altamente qualificati e dispongono degli strumenti necessari per coltivare ceppi di Kratom del Vietnam di alta qualit\u00e0. Tuttavia, questa variet\u00e0 \u00e8 molto elusiva perch\u00e9 viene coltivata in piccole quantit\u00e0.<\/p>\n<h2>EFFETTI E BENEFICI DEL KRATOM BIANCO DEL VIETNAM<\/h2>\n<p>Come nel caso di tutte le variet\u00e0 di Kratom, gli effetti e i benefici del White Vietnam Kratom sono influenzati da vari fattori, come la potenza, l'esperienza dell'utente e il dosaggio. Gli utilizzatori fedeli del White Vietnam Kratom affermano che gli effetti di questa variet\u00e0 sfuggente si sentono meglio a basse dosi e possono durare fino a sei ore. Molti utenti riferiscono che questa variet\u00e0 non ha gli effetti collaterali solitamente associati al caff\u00e8.<\/p>\n<p>Il Vietnam bianco \u00e8 un <a href=\"https:\/\/chemsxpress.com\/it\/prodotto\/acquistare-il-kratom-corno-di-vena-bianca\/\">bianco venato<\/a> ceppo. Originaria del Vietnam, viene coltivata lungo il fiume Mekong. La Yellow Vietnam \u00e8 una delle variet\u00e0 pi\u00f9 popolari disponibili, provate la versione bianca prima che finisca.<\/p>\n<h2>DOSAGGIO DEL KRATOM BIANCO DEL VIETNAM<\/h2>\n<p>Il segreto per ottenere il massimo dal White Vietnam Kratom \u00e8 fare attenzione al dosaggio. Poich\u00e9 il White Vietnam Kratom \u00e8 immensamente potente, si consiglia ai clienti di fare molta attenzione quando assumono questa variet\u00e0. I nuovi consumatori dovrebbero iniziare con pochi grammi al giorno per dare al corpo il tempo necessario per abituarsi agli effetti.<\/p>\n<p>Dopo qualche tempo, in genere, gli utenti possono aumentare il dosaggio giornaliero per godere di effetti pi\u00f9 potenti. Una volta che il cliente acquisisce un'elevata tolleranza corporea, pu\u00f2 aumentare l'assunzione giornaliera per godere del massimo potenziale. Si noti che il sovradosaggio pu\u00f2 portare a numerosi effetti collaterali, come mal di stomaco e nausea. Si consiglia di consultare il proprio medico prima di iniziare il viaggio nel kratom.<\/p>\n<h3>DOVE ACQUISTARE IL KRATOM BIANCO DEL VIETNAM<\/h3>\n<p>Trovare il Kratom bianco del Vietnam puro e di alta qualit\u00e0 pu\u00f2 essere un compito piuttosto arduo. \u00c8 saggio cercare un fornitore che offra Kratom bianco del Vietnam di alta qualit\u00e0, come Krabot. Krabot offre qualit\u00e0 e affidabilit\u00e0<\/p>","protected":false},"excerpt":{"rendered":"<p><strong>Nome IUPAC:<\/strong><\/p>\n<p><strong>Forma: <\/strong>polvere<\/p>\n<p><strong>Analisi NMR: <\/strong>N\/D<\/p>","protected":false},"featured_media":29381,"comment_status":"open","ping_status":"closed","template":"","meta":[],"product_brand":[],"product_cat":[81],"product_tag":[],"class_list":{"0":"post-29318","1":"product","2":"type-product","3":"status-publish","4":"has-post-thumbnail","6":"product_cat-kratom","8":"first","9":"instock","10":"shipping-taxable","11":"purchasable","12":"product-type-variable"},"yoast_head":"<!-- This site is optimized with the Yoast SEO Premium plugin v24.1 (Yoast SEO v27.4) - https:\/\/yoast.com\/product\/yoast-seo-premium-wordpress\/ -->\n<title>Buy White Vietnam Kratom: Fast Shipping, Trusted Source<\/title>\n<meta name=\"description\" content=\"Buy % White Vietnam Kratom strains. Explore our premium selection and elevate your botanical experience. Trusted source, fast shipping\" \/>\n<meta name=\"robots\" content=\"index, follow, max-snippet:-1, max-image-preview:large, max-video-preview:-1\" \/>\n<link rel=\"canonical\" href=\"https:\/\/chemsxpress.com\/it\/prodotto\/acquistare-il-kratom-bianco-del-vietnam\/\" \/>\n<meta property=\"og:locale\" content=\"it_IT\" \/>\n<meta property=\"og:type\" content=\"article\" \/>\n<meta property=\"og:title\" content=\"White Vietnam\" \/>\n<meta property=\"og:description\" content=\"Buy % White Vietnam Kratom strains. Explore our premium selection and elevate your botanical experience. Trusted source, fast shipping\" \/>\n<meta property=\"og:url\" content=\"https:\/\/chemsxpress.com\/it\/prodotto\/acquistare-il-kratom-bianco-del-vietnam\/\" \/>\n<meta property=\"og:site_name\" content=\"SHOP MDPHP\" \/>\n<meta property=\"article:modified_time\" content=\"2025-05-17T10:09:22+00:00\" \/>\n<meta property=\"og:image\" content=\"https:\/\/chemsxpress.com\/wp-content\/uploads\/2024\/04\/white-veitnam.jpg\" \/>\n\t<meta property=\"og:image:width\" content=\"600\" \/>\n\t<meta property=\"og:image:height\" content=\"600\" \/>\n\t<meta property=\"og:image:type\" content=\"image\/jpeg\" \/>\n<meta name=\"twitter:card\" content=\"summary_large_image\" \/>\n<meta name=\"twitter:label1\" content=\"Tempo di lettura stimato\" \/>\n\t<meta name=\"twitter:data1\" content=\"3 minuti\" \/>\n<script type=\"application\/ld+json\" class=\"yoast-schema-graph\">{\"@context\":\"https:\\\/\\\/schema.org\",\"@graph\":[{\"@type\":\"WebPage\",\"@id\":\"https:\\\/\\\/chemsxpress.com\\\/product\\\/buy-white-vietnam-kratom\\\/\",\"url\":\"https:\\\/\\\/chemsxpress.com\\\/product\\\/buy-white-vietnam-kratom\\\/\",\"name\":\"Buy White Vietnam Kratom: Fast Shipping, Trusted Source\",\"isPartOf\":{\"@id\":\"https:\\\/\\\/chemsxpress.com\\\/#website\"},\"primaryImageOfPage\":{\"@id\":\"https:\\\/\\\/chemsxpress.com\\\/product\\\/buy-white-vietnam-kratom\\\/#primaryimage\"},\"image\":{\"@id\":\"https:\\\/\\\/chemsxpress.com\\\/product\\\/buy-white-vietnam-kratom\\\/#primaryimage\"},\"thumbnailUrl\":\"https:\\\/\\\/chemsxpress.com\\\/wp-content\\\/uploads\\\/2024\\\/04\\\/white-veitnam.jpg\",\"datePublished\":\"2024-04-29T13:21:22+00:00\",\"dateModified\":\"2025-05-17T10:09:22+00:00\",\"description\":\"Buy % White Vietnam Kratom strains. Explore our premium selection and elevate your botanical experience. Trusted source, fast shipping\",\"breadcrumb\":{\"@id\":\"https:\\\/\\\/chemsxpress.com\\\/product\\\/buy-white-vietnam-kratom\\\/#breadcrumb\"},\"inLanguage\":\"it-IT\",\"potentialAction\":[{\"@type\":\"ReadAction\",\"target\":[\"https:\\\/\\\/chemsxpress.com\\\/product\\\/buy-white-vietnam-kratom\\\/\"]}]},{\"@type\":\"ImageObject\",\"inLanguage\":\"it-IT\",\"@id\":\"https:\\\/\\\/chemsxpress.com\\\/product\\\/buy-white-vietnam-kratom\\\/#primaryimage\",\"url\":\"https:\\\/\\\/chemsxpress.com\\\/wp-content\\\/uploads\\\/2024\\\/04\\\/white-veitnam.jpg\",\"contentUrl\":\"https:\\\/\\\/chemsxpress.com\\\/wp-content\\\/uploads\\\/2024\\\/04\\\/white-veitnam.jpg\",\"width\":600,\"height\":600,\"caption\":\"BUY WHITE VIETNAM KRATOM\"},{\"@type\":\"BreadcrumbList\",\"@id\":\"https:\\\/\\\/chemsxpress.com\\\/product\\\/buy-white-vietnam-kratom\\\/#breadcrumb\",\"itemListElement\":[{\"@type\":\"ListItem\",\"position\":1,\"name\":\"Home\",\"item\":\"https:\\\/\\\/chemsxpress.com\\\/\"},{\"@type\":\"ListItem\",\"position\":2,\"name\":\"Shop\",\"item\":\"https:\\\/\\\/chemsxpress.com\\\/shop\\\/\"},{\"@type\":\"ListItem\",\"position\":3,\"name\":\"White Vietnam\"}]},{\"@type\":\"WebSite\",\"@id\":\"https:\\\/\\\/chemsxpress.com\\\/#website\",\"url\":\"https:\\\/\\\/chemsxpress.com\\\/\",\"name\":\"SHOP MDPHP\",\"description\":\"Buy MDPHP freebase from reliable supplier\",\"potentialAction\":[{\"@type\":\"SearchAction\",\"target\":{\"@type\":\"EntryPoint\",\"urlTemplate\":\"https:\\\/\\\/chemsxpress.com\\\/?s={search_term_string}\"},\"query-input\":{\"@type\":\"PropertyValueSpecification\",\"valueRequired\":true,\"valueName\":\"search_term_string\"}}],\"inLanguage\":\"it-IT\"}]}<\/script>\n<!-- \/ Yoast SEO Premium plugin. -->","yoast_head_json":{"title":"Acquista White Vietnam Kratom: spedizione veloce, fonte attendibile","description":"Acquista variet\u00e0 di Kratom Vietnam bianco al 100c%. Esplora la nostra selezione premium e migliora la tua esperienza botanica. Fonte attendibile, spedizione veloce","robots":{"index":"index","follow":"follow","max-snippet":"max-snippet:-1","max-image-preview":"max-image-preview:large","max-video-preview":"max-video-preview:-1"},"canonical":"https:\/\/chemsxpress.com\/it\/prodotto\/acquistare-il-kratom-bianco-del-vietnam\/","og_locale":"it_IT","og_type":"article","og_title":"White Vietnam","og_description":"Buy % White Vietnam Kratom strains. Explore our premium selection and elevate your botanical experience. Trusted source, fast shipping","og_url":"https:\/\/chemsxpress.com\/it\/prodotto\/acquistare-il-kratom-bianco-del-vietnam\/","og_site_name":"SHOP MDPHP","article_modified_time":"2025-05-17T10:09:22+00:00","og_image":[{"width":600,"height":600,"url":"https:\/\/chemsxpress.com\/wp-content\/uploads\/2024\/04\/white-veitnam.jpg","type":"image\/jpeg"}],"twitter_card":"summary_large_image","twitter_misc":{"Tempo di lettura stimato":"3 minuti"},"schema":{"@context":"https:\/\/schema.org","@graph":[{"@type":"WebPage","@id":"https:\/\/chemsxpress.com\/product\/buy-white-vietnam-kratom\/","url":"https:\/\/chemsxpress.com\/product\/buy-white-vietnam-kratom\/","name":"Acquista White Vietnam Kratom: spedizione veloce, fonte attendibile","isPartOf":{"@id":"https:\/\/chemsxpress.com\/#website"},"primaryImageOfPage":{"@id":"https:\/\/chemsxpress.com\/product\/buy-white-vietnam-kratom\/#primaryimage"},"image":{"@id":"https:\/\/chemsxpress.com\/product\/buy-white-vietnam-kratom\/#primaryimage"},"thumbnailUrl":"https:\/\/chemsxpress.com\/wp-content\/uploads\/2024\/04\/white-veitnam.jpg","datePublished":"2024-04-29T13:21:22+00:00","dateModified":"2025-05-17T10:09:22+00:00","description":"Acquista variet\u00e0 di Kratom Vietnam bianco al 100c%. Esplora la nostra selezione premium e migliora la tua esperienza botanica. Fonte attendibile, spedizione veloce","breadcrumb":{"@id":"https:\/\/chemsxpress.com\/product\/buy-white-vietnam-kratom\/#breadcrumb"},"inLanguage":"it-IT","potentialAction":[{"@type":"ReadAction","target":["https:\/\/chemsxpress.com\/product\/buy-white-vietnam-kratom\/"]}]},{"@type":"ImageObject","inLanguage":"it-IT","@id":"https:\/\/chemsxpress.com\/product\/buy-white-vietnam-kratom\/#primaryimage","url":"https:\/\/chemsxpress.com\/wp-content\/uploads\/2024\/04\/white-veitnam.jpg","contentUrl":"https:\/\/chemsxpress.com\/wp-content\/uploads\/2024\/04\/white-veitnam.jpg","width":600,"height":600,"caption":"BUY WHITE VIETNAM KRATOM"},{"@type":"BreadcrumbList","@id":"https:\/\/chemsxpress.com\/product\/buy-white-vietnam-kratom\/#breadcrumb","itemListElement":[{"@type":"ListItem","position":1,"name":"Home","item":"https:\/\/chemsxpress.com\/"},{"@type":"ListItem","position":2,"name":"Shop","item":"https:\/\/chemsxpress.com\/shop\/"},{"@type":"ListItem","position":3,"name":"White Vietnam"}]},{"@type":"WebSite","@id":"https:\/\/chemsxpress.com\/#website","url":"https:\/\/chemsxpress.com\/","name":"NEGOZIO MDP","description":"Acquistare MDPHP freebase da un fornitore affidabile","potentialAction":[{"@type":"SearchAction","target":{"@type":"EntryPoint","urlTemplate":"https:\/\/chemsxpress.com\/?s={search_term_string}"},"query-input":{"@type":"PropertyValueSpecification","valueRequired":true,"valueName":"search_term_string"}}],"inLanguage":"it-IT"}]}},"jetpack_sharing_enabled":true,"_links":{"self":[{"href":"https:\/\/chemsxpress.com\/it\/wp-json\/wp\/v2\/product\/29318","targetHints":{"allow":["GET"]}}],"collection":[{"href":"https:\/\/chemsxpress.com\/it\/wp-json\/wp\/v2\/product"}],"about":[{"href":"https:\/\/chemsxpress.com\/it\/wp-json\/wp\/v2\/types\/product"}],"replies":[{"embeddable":true,"href":"https:\/\/chemsxpress.com\/it\/wp-json\/wp\/v2\/comments?post=29318"}],"version-history":[{"count":4,"href":"https:\/\/chemsxpress.com\/it\/wp-json\/wp\/v2\/product\/29318\/revisions"}],"predecessor-version":[{"id":29983,"href":"https:\/\/chemsxpress.com\/it\/wp-json\/wp\/v2\/product\/29318\/revisions\/29983"}],"wp:featuredmedia":[{"embeddable":true,"href":"https:\/\/chemsxpress.com\/it\/wp-json\/wp\/v2\/media\/29381"}],"wp:attachment":[{"href":"https:\/\/chemsxpress.com\/it\/wp-json\/wp\/v2\/media?parent=29318"}],"wp:term":[{"taxonomy":"product_brand","embeddable":true,"href":"https:\/\/chemsxpress.com\/it\/wp-json\/wp\/v2\/product_brand?post=29318"},{"taxonomy":"product_cat","embeddable":true,"href":"https:\/\/chemsxpress.com\/it\/wp-json\/wp\/v2\/product_cat?post=29318"},{"taxonomy":"product_tag","embeddable":true,"href":"https:\/\/chemsxpress.com\/it\/wp-json\/wp\/v2\/product_tag?post=29318"}],"curies":[{"name":"wp","href":"https:\/\/api.w.org\/{rel}","templated":true}]}}