{"id":29320,"date":"2024-04-29T13:21:22","date_gmt":"2024-04-29T13:21:22","guid":{"rendered":"https:\/\/chemsxpress.com\/?post_type=product&#038;p=29320"},"modified":"2024-07-04T21:52:13","modified_gmt":"2024-07-04T21:52:13","slug":"acquistare-4-aco-dp","status":"publish","type":"product","link":"https:\/\/chemsxpress.com\/it\/prodotto\/acquistare-4-aco-dp\/","title":{"rendered":"4-ACO-DPT"},"content":{"rendered":"<h2><strong>ACQUISTA 4-ACO-DPT<\/strong><\/h2>\n<p>L'acquisto di 4-AcO-DPT \u00e8 un nuovo prodotto chimico di ricerca. Non \u00e8 ancora cos\u00ec popolare come il composto da cui deriva, il 4-HO-DPT. Il 4-HO-DPT \u00e8 stato sintetizzato per la prima volta da Alexander Shulgin e reso popolare grazie alla sua pubblicazione nel libro TiHKAL.<\/p>\n<p>I composti triptaminici sono generalmente sicuri per la ricerca, anche se \u00e8 necessario prestare attenzione quando si sperimenta con qualsiasi sostanza chimica per la quale non sono disponibili dati di sicurezza a lungo termine.<\/p>\n<p>&nbsp;<\/p>\n<h2><strong>COME USARE LA POLVERE DI 4-ACO-DPT<\/strong><\/h2>\n<p>A <a href=\"https:\/\/chemsxpress.com\/it\/\">ChemsXpress.com<\/a> \u00e8 possibile acquistare 4-AcO-DPT in polvere della massima qualit\u00e0. Indipendentemente dal fatto che si scelga di acquistare 4-AcO-DPT nel formato da 0,25g, 0,5g, 1g o 2g, si pu\u00f2 essere certi di ottenere un prodotto puro almeno 97%. Noi di ChemsXpress siamo orgogliosi di essere affidabili e di alta qualit\u00e0, e questo \u00e8 il 4-AcO-DPT pi\u00f9 puro che si possa trovare online.<\/p>\n<p>Assicurarsi di conservare la polvere di 4-AcO-DPT in un luogo asciutto e fresco per ottenere la massima durata di conservazione. Quando si maneggiano sostanze chimiche per la ricerca, assicurarsi di prendere sempre le dovute precauzioni in laboratorio, come pulire le superfici e indossare guanti, maschera e indumenti protettivi.<\/p>\n<p>A parte questo, il 4-AcO-DPT pu\u00f2 essere studiato in modo simile ad altri psichedelici triptaminici. Esistono vari <a href=\"https:\/\/chemsxpress.com\/it\/categoria-di-prodotto\/ricerca-chimica\/\">metodi di ricerca<\/a> delineati da Shulgin nel suo libro TiHKAL, anche se \u00e8 evidente che ha scoperto questi metodi di ricerca da solo.<\/p>\n<p>Dal momento che Shulgin non produce ulteriori informazioni su questi composti, i ricercatori devono approfondire da soli. Siate cauti quando cercate il 4-AcO-DPT e trattatelo come qualsiasi altra triptamina. Le triptamine sono note per essere molto potenti e attive, anche con una quantit\u00e0 molto piccola.<\/p>\n<p>&nbsp;<\/p>\n<h2><strong>DEFINIZIONE 4-ACO-DPT<\/strong><\/h2>\n<p>La definizione di 4-AcO-DPT \u00e8 ufficialmente nota come 4-acetossi-N,N,-dipropiltriptamina, \u00e8 una triptamina psichedelica. \u00c8 un estere di un'altra triptamina psichedelica pi\u00f9 comune, chiamata 4-HO-DPT.<\/p>\n<p>I due composti condividono una serie di somiglianze, anche se non sono uguali, e a causa della quantit\u00e0 limitata di dati farmacologici disponibili, i ricercatori non possono concludere esattamente come funziona il 4-AcO-DPT.<\/p>\n<p>Tuttavia, c'\u00e8 ragione di credere che funzioni in modo simile ad altre triptamine. Ci\u00f2 significa che i ricercatori farebbero bene a ricordare che le triptamine sono molto potenti e possono causare interazioni anche con quantit\u00e0 relativamente minime.<\/p>\n<p>La vendita di 4-AcO-DPT \u00e8 stata registrata per la prima volta nel 2012, anche se non ha ricevuto molta attenzione e ha ricevuto rapporti contrastanti da parte di chi l'ha testata.<\/p>\n<p>&nbsp;<\/p>\n<h2><strong>INFORMAZIONI DI BASE SULLA CHIMICA 4-ACO-DPT<\/strong><\/h2>\n<p>Il 4-AcO-DPT \u00e8 un estere del 4-HO-DPT. Altri esteri del 4-HO-DPT includono la psilocibina, uno psichedelico noto per essere presente nei \"funghi magici\". La psilocibina \u00e8 l'estere fosfato del 4-HO-DPT.<\/p>\n<p>Il 4-AcO-DPT si presenta generalmente come un solido cristallino con un peso formula di 362,5. Non si scioglie facilmente nella maggior parte delle soluzioni.<\/p>\n<p>&nbsp;<\/p>\n<h2><strong>DOVE ACQUISTARE 4-ACO-DPT<\/strong><\/h2>\n<p>Il 4-AcO-DPT pu\u00f2 essere acquistato qui, sul sito\u00a0<a href=\"https:\/\/chemsxpress.com\/it\/\">Sito web di ChemxPress<\/a>. Vendiamo 4-AcO-DPT di prima qualit\u00e0, generalmente in polvere. Tuttavia, spesso abbiamo a disposizione altre forme di sostanze, quindi non esitate a contattarci per vedere se abbiamo la forma di sostanza che preferite in magazzino. Devi avere almeno 18 anni per acquistare 4-AcO-DPT da noi.<\/p>","protected":false},"excerpt":{"rendered":"<p><strong>IUPAC-Name: <\/strong>[3-[2-(dipropylamino)ethyl]-1H-indol-4-yl] acetate<\/p>\n<p><strong>CAS # <\/strong>1445751-75-6<\/p>\n<p><strong>Other name: <\/strong>4-Acetoxy-N,N-dipropyltryptamine<\/p>\n<p><strong>Form: <\/strong>fumarate<\/p>\n<p><strong>NMR Analysis: <\/strong>C18H26N2O2<\/p>\n","protected":false},"featured_media":29385,"comment_status":"open","ping_status":"closed","template":"","meta":[],"product_brand":[],"product_cat":[92],"product_tag":[],"class_list":{"0":"post-29320","1":"product","2":"type-product","3":"status-publish","4":"has-post-thumbnail","6":"product_cat-tryptamines","8":"first","9":"instock","10":"shipping-taxable","11":"purchasable","12":"product-type-variable"},"yoast_head":"<!-- This site is optimized with the Yoast SEO Premium plugin v24.1 (Yoast SEO v27.4) - https:\/\/yoast.com\/product\/yoast-seo-premium-wordpress\/ -->\n<title>Buy 4-AcO-DPT: Premium Research Chemicals | ChemsXpress<\/title>\n<meta name=\"description\" content=\"Buy 4-AcO-DPT from ChemsXpress. Explore our premium selection of RC&#039;s with fast and discreet shipping. Trust in our quality.\" \/>\n<meta name=\"robots\" content=\"index, follow, max-snippet:-1, max-image-preview:large, max-video-preview:-1\" \/>\n<link rel=\"canonical\" href=\"https:\/\/chemsxpress.com\/it\/prodotto\/acquistare-4-aco-dp\/\" \/>\n<meta property=\"og:locale\" content=\"it_IT\" \/>\n<meta property=\"og:type\" content=\"article\" \/>\n<meta property=\"og:title\" content=\"4-ACO-DPT\" \/>\n<meta property=\"og:description\" content=\"Buy 4-AcO-DPT from ChemsXpress. Explore our premium selection of RC&#039;s with fast and discreet shipping. Trust in our quality.\" \/>\n<meta property=\"og:url\" content=\"https:\/\/chemsxpress.com\/it\/prodotto\/acquistare-4-aco-dp\/\" \/>\n<meta property=\"og:site_name\" content=\"SHOP MDPHP\" \/>\n<meta property=\"article:modified_time\" content=\"2024-07-04T21:52:13+00:00\" \/>\n<meta property=\"og:image\" content=\"https:\/\/chemsxpress.com\/wp-content\/uploads\/2024\/04\/4-ACO-DPT-1.jpg\" \/>\n\t<meta property=\"og:image:width\" content=\"600\" \/>\n\t<meta property=\"og:image:height\" content=\"600\" \/>\n\t<meta property=\"og:image:type\" content=\"image\/jpeg\" \/>\n<meta name=\"twitter:card\" content=\"summary_large_image\" \/>\n<meta name=\"twitter:label1\" content=\"Tempo di lettura stimato\" \/>\n\t<meta name=\"twitter:data1\" content=\"3 minuti\" \/>\n<script type=\"application\/ld+json\" class=\"yoast-schema-graph\">{\"@context\":\"https:\\\/\\\/schema.org\",\"@graph\":[{\"@type\":\"WebPage\",\"@id\":\"https:\\\/\\\/chemsxpress.com\\\/product\\\/buy-4-aco-dp\\\/\",\"url\":\"https:\\\/\\\/chemsxpress.com\\\/product\\\/buy-4-aco-dp\\\/\",\"name\":\"Buy 4-AcO-DPT: Premium Research Chemicals | ChemsXpress\",\"isPartOf\":{\"@id\":\"https:\\\/\\\/chemsxpress.com\\\/#website\"},\"primaryImageOfPage\":{\"@id\":\"https:\\\/\\\/chemsxpress.com\\\/product\\\/buy-4-aco-dp\\\/#primaryimage\"},\"image\":{\"@id\":\"https:\\\/\\\/chemsxpress.com\\\/product\\\/buy-4-aco-dp\\\/#primaryimage\"},\"thumbnailUrl\":\"https:\\\/\\\/chemsxpress.com\\\/wp-content\\\/uploads\\\/2024\\\/04\\\/4-ACO-DPT-1.jpg\",\"datePublished\":\"2024-04-29T13:21:22+00:00\",\"dateModified\":\"2024-07-04T21:52:13+00:00\",\"description\":\"Buy 4-AcO-DPT from ChemsXpress. Explore our premium selection of RC's with fast and discreet shipping. Trust in our quality.\",\"breadcrumb\":{\"@id\":\"https:\\\/\\\/chemsxpress.com\\\/product\\\/buy-4-aco-dp\\\/#breadcrumb\"},\"inLanguage\":\"it-IT\",\"potentialAction\":[{\"@type\":\"ReadAction\",\"target\":[\"https:\\\/\\\/chemsxpress.com\\\/product\\\/buy-4-aco-dp\\\/\"]}]},{\"@type\":\"ImageObject\",\"inLanguage\":\"it-IT\",\"@id\":\"https:\\\/\\\/chemsxpress.com\\\/product\\\/buy-4-aco-dp\\\/#primaryimage\",\"url\":\"https:\\\/\\\/chemsxpress.com\\\/wp-content\\\/uploads\\\/2024\\\/04\\\/4-ACO-DPT-1.jpg\",\"contentUrl\":\"https:\\\/\\\/chemsxpress.com\\\/wp-content\\\/uploads\\\/2024\\\/04\\\/4-ACO-DPT-1.jpg\",\"width\":600,\"height\":600,\"caption\":\"Buy 4-AcO-DP\"},{\"@type\":\"BreadcrumbList\",\"@id\":\"https:\\\/\\\/chemsxpress.com\\\/product\\\/buy-4-aco-dp\\\/#breadcrumb\",\"itemListElement\":[{\"@type\":\"ListItem\",\"position\":1,\"name\":\"Home\",\"item\":\"https:\\\/\\\/chemsxpress.com\\\/\"},{\"@type\":\"ListItem\",\"position\":2,\"name\":\"Shop\",\"item\":\"https:\\\/\\\/chemsxpress.com\\\/shop\\\/\"},{\"@type\":\"ListItem\",\"position\":3,\"name\":\"4-ACO-DPT\"}]},{\"@type\":\"WebSite\",\"@id\":\"https:\\\/\\\/chemsxpress.com\\\/#website\",\"url\":\"https:\\\/\\\/chemsxpress.com\\\/\",\"name\":\"SHOP MDPHP\",\"description\":\"Buy MDPHP freebase from reliable supplier\",\"potentialAction\":[{\"@type\":\"SearchAction\",\"target\":{\"@type\":\"EntryPoint\",\"urlTemplate\":\"https:\\\/\\\/chemsxpress.com\\\/?s={search_term_string}\"},\"query-input\":{\"@type\":\"PropertyValueSpecification\",\"valueRequired\":true,\"valueName\":\"search_term_string\"}}],\"inLanguage\":\"it-IT\"}]}<\/script>\n<!-- \/ Yoast SEO Premium plugin. -->","yoast_head_json":{"title":"Comprare 4-AcO-DPT: Prodotti chimici di ricerca premium | ChemsXpress","description":"Acquistare 4-AcO-DPT da ChemsXpress. Esplora la nostra selezione premium di RC con spedizione rapida e discreta. Fidatevi della nostra qualit\u00e0.","robots":{"index":"index","follow":"follow","max-snippet":"max-snippet:-1","max-image-preview":"max-image-preview:large","max-video-preview":"max-video-preview:-1"},"canonical":"https:\/\/chemsxpress.com\/it\/prodotto\/acquistare-4-aco-dp\/","og_locale":"it_IT","og_type":"article","og_title":"4-ACO-DPT","og_description":"Buy 4-AcO-DPT from ChemsXpress. Explore our premium selection of RC's with fast and discreet shipping. Trust in our quality.","og_url":"https:\/\/chemsxpress.com\/it\/prodotto\/acquistare-4-aco-dp\/","og_site_name":"SHOP MDPHP","article_modified_time":"2024-07-04T21:52:13+00:00","og_image":[{"width":600,"height":600,"url":"https:\/\/chemsxpress.com\/wp-content\/uploads\/2024\/04\/4-ACO-DPT-1.jpg","type":"image\/jpeg"}],"twitter_card":"summary_large_image","twitter_misc":{"Tempo di lettura stimato":"3 minuti"},"schema":{"@context":"https:\/\/schema.org","@graph":[{"@type":"WebPage","@id":"https:\/\/chemsxpress.com\/product\/buy-4-aco-dp\/","url":"https:\/\/chemsxpress.com\/product\/buy-4-aco-dp\/","name":"Comprare 4-AcO-DPT: Prodotti chimici di ricerca premium | ChemsXpress","isPartOf":{"@id":"https:\/\/chemsxpress.com\/#website"},"primaryImageOfPage":{"@id":"https:\/\/chemsxpress.com\/product\/buy-4-aco-dp\/#primaryimage"},"image":{"@id":"https:\/\/chemsxpress.com\/product\/buy-4-aco-dp\/#primaryimage"},"thumbnailUrl":"https:\/\/chemsxpress.com\/wp-content\/uploads\/2024\/04\/4-ACO-DPT-1.jpg","datePublished":"2024-04-29T13:21:22+00:00","dateModified":"2024-07-04T21:52:13+00:00","description":"Acquistare 4-AcO-DPT da ChemsXpress. Esplora la nostra selezione premium di RC con spedizione rapida e discreta. Fidatevi della nostra qualit\u00e0.","breadcrumb":{"@id":"https:\/\/chemsxpress.com\/product\/buy-4-aco-dp\/#breadcrumb"},"inLanguage":"it-IT","potentialAction":[{"@type":"ReadAction","target":["https:\/\/chemsxpress.com\/product\/buy-4-aco-dp\/"]}]},{"@type":"ImageObject","inLanguage":"it-IT","@id":"https:\/\/chemsxpress.com\/product\/buy-4-aco-dp\/#primaryimage","url":"https:\/\/chemsxpress.com\/wp-content\/uploads\/2024\/04\/4-ACO-DPT-1.jpg","contentUrl":"https:\/\/chemsxpress.com\/wp-content\/uploads\/2024\/04\/4-ACO-DPT-1.jpg","width":600,"height":600,"caption":"Buy 4-AcO-DP"},{"@type":"BreadcrumbList","@id":"https:\/\/chemsxpress.com\/product\/buy-4-aco-dp\/#breadcrumb","itemListElement":[{"@type":"ListItem","position":1,"name":"Home","item":"https:\/\/chemsxpress.com\/"},{"@type":"ListItem","position":2,"name":"Shop","item":"https:\/\/chemsxpress.com\/shop\/"},{"@type":"ListItem","position":3,"name":"4-ACO-DPT"}]},{"@type":"WebSite","@id":"https:\/\/chemsxpress.com\/#website","url":"https:\/\/chemsxpress.com\/","name":"NEGOZIO MDP","description":"Acquistare MDPHP freebase da un fornitore affidabile","potentialAction":[{"@type":"SearchAction","target":{"@type":"EntryPoint","urlTemplate":"https:\/\/chemsxpress.com\/?s={search_term_string}"},"query-input":{"@type":"PropertyValueSpecification","valueRequired":true,"valueName":"search_term_string"}}],"inLanguage":"it-IT"}]}},"jetpack_sharing_enabled":true,"_links":{"self":[{"href":"https:\/\/chemsxpress.com\/it\/wp-json\/wp\/v2\/product\/29320","targetHints":{"allow":["GET"]}}],"collection":[{"href":"https:\/\/chemsxpress.com\/it\/wp-json\/wp\/v2\/product"}],"about":[{"href":"https:\/\/chemsxpress.com\/it\/wp-json\/wp\/v2\/types\/product"}],"replies":[{"embeddable":true,"href":"https:\/\/chemsxpress.com\/it\/wp-json\/wp\/v2\/comments?post=29320"}],"version-history":[{"count":4,"href":"https:\/\/chemsxpress.com\/it\/wp-json\/wp\/v2\/product\/29320\/revisions"}],"predecessor-version":[{"id":29988,"href":"https:\/\/chemsxpress.com\/it\/wp-json\/wp\/v2\/product\/29320\/revisions\/29988"}],"wp:featuredmedia":[{"embeddable":true,"href":"https:\/\/chemsxpress.com\/it\/wp-json\/wp\/v2\/media\/29385"}],"wp:attachment":[{"href":"https:\/\/chemsxpress.com\/it\/wp-json\/wp\/v2\/media?parent=29320"}],"wp:term":[{"taxonomy":"product_brand","embeddable":true,"href":"https:\/\/chemsxpress.com\/it\/wp-json\/wp\/v2\/product_brand?post=29320"},{"taxonomy":"product_cat","embeddable":true,"href":"https:\/\/chemsxpress.com\/it\/wp-json\/wp\/v2\/product_cat?post=29320"},{"taxonomy":"product_tag","embeddable":true,"href":"https:\/\/chemsxpress.com\/it\/wp-json\/wp\/v2\/product_tag?post=29320"}],"curies":[{"name":"wp","href":"https:\/\/api.w.org\/{rel}","templated":true}]}}