{"id":29355,"date":"2024-04-29T13:21:43","date_gmt":"2024-04-29T13:21:43","guid":{"rendered":"https:\/\/chemsxpress.com\/?post_type=product&#038;p=29355"},"modified":"2026-02-03T09:53:32","modified_gmt":"2026-02-03T09:53:32","slug":"4-aco-met","status":"publish","type":"product","link":"https:\/\/chemsxpress.com\/it\/prodotto\/4-aco-met\/","title":{"rendered":"4-ACO-MET"},"content":{"rendered":"<h2><strong>ACQUISTA 4-ACO-MET<\/strong><\/h2>\n<p>Acquistare 4-ACO-MET online, 4-Acetoxy-N-ethyl-N-methyltryptamine, nota anche come 4-Aco-MET, Metacetin o Azomet, \u00e8 una sostanza psichedelica meno comunemente conosciuta che rientra nella classe chimica delle triptamine. I membri di questa classe chimica hanno risultati di ricerca simili alla psilocibina e sono strutturalmente correlati a molte altre triptamine psichedeliche come 4-AcO-DMT, 4-AcO-DET e 4-AcO-MiPT. La 4-AcO-MET \u00e8 strutturalmente simile alla 4-HO-MET, nota anche come \"schleeb\" e \"colore\". Il 4-HO-MET \u00e8 chimicamente correlato alla psilocina, il principio attivo dei funghi psilocibinici (\"funghi magici\"), quindi non \u00e8 strano che il 4-AcO-MET abbia probabilmente gli stessi risultati di ricerca.<\/p>\n<p>&nbsp;<\/p>\n<h2><strong>COME USARE 4-ACO-MET POLVERE E PELLET?<\/strong><\/h2>\n<p>A <a href=\"https:\/\/chemsxpress.com\/it\/\">Chemsxpress<\/a> \u00e8 possibile acquistare online 4-AcO-MET, una delle migliori triptamine psichedeliche, in polvere e pellet della massima qualit\u00e0. La polvere di 4-AcO-MET \u00e8 disponibile nelle quantit\u00e0 di 0,25gr, 0,5gr, 1gr, 2gr, 5gr o 10gr. Il nostro <a href=\"https:\/\/chemsxpress.com\/it\/etichetta-del-prodotto\/4-aco-met-pellets-20mg\/\">4-AcO-MET Pellet<\/a> sono disponibili in quantit\u00e0 da 1 a 25. Ogni pellet contiene esattamente 20mcg (microgrammi) di 4-AcO-MET.<\/p>\n<p>Ensure to store the 4-AcO-MET powder or 4-AcO-MET pellets in a dry and cool place for maximum shelf-life. When <a href=\"https:\/\/chemsxpress.com\/it\/come-conservare-e-maneggiare-in-sicurezza-le-sostanze-chimiche-per-la-ricerca\/\">handling research chemicals<\/a> ensure to always take the proper precautions in the laboratory like wiping down surfaces and wearing gloves, a mask &amp; protective clothing. We\u00a0strongly advised using harm reduction practices when using research chemicals.<\/p>\n<p>&nbsp;<\/p>\n<h2><strong>DEFINIZIONE 4-ACO-MET<\/strong><\/h2>\n<p>La definizione di 4-AcO-MET \u00e8 ufficialmente nota come 4-Acetoxy-N-ethyl-N-methyltryptamine, ma \u00e8 spesso indicata con i nomi di Metacetin e Azomet. \u00c8 una sostanza psichedelica meno nota della classe delle triptamine, strutturalmente correlata alle triptamine psichedeliche come 4-AcO-DMT, 4-AcO-DET e 4-AcO-MiPT.<\/p>\n<p>&nbsp;<\/p>\n<h2><strong>INFORMAZIONI DI BASE SULLA CHIMICA 4-ACO-MET<\/strong><\/h2>\n<p>La 4-acetossi-N-metil-N-etil-triptamina \u00e8 una molecola sintetica della famiglia delle triptamine. Le triptamine si trovano anche naturalmente nella maggior parte delle piante e degli animali, formandosi dalla decarbossilazione dell'aminoacido triptofano. Le triptamine condividono una struttura di base costituita da un eterociclo indolico biciclico collegato a un gruppo amminico tramite una catena laterale etilica. Si prevede che la sostanza venga rapidamente idrolizzata nel fenolico libero 4-HO-DET dalle esterasi del siero. Il 4-AcO-DET contiene un gruppo metilico e una catena etilica legata all'ammina terminale RN della sua spina dorsale triptaminica (MET). Si ritiene che i risultati della ricerca sulla 4-acetossi-N-metil-N-etil-triptamina derivino dalla sua efficacia sul recettore 5-HT2A come agonista parziale.<\/p>\n<p>&nbsp;<\/p>\n<h2><strong>DOVE ACQUISTARE 4-ACO-MET<\/strong><\/h2>\n<p>4-AcO-MET can be purchased here on the chemsxpress\u00a0website. We sell premium quality 4-AcO-MET, typically in powder and pellets. However, we often have other substance forms available, so feel free to contact us to see if we have your preferred substance form in stock. You must be at least 18 years old to buy <a href=\"https:\/\/rocketchems.com\/\">4-AcO-MET Powd<\/a>er &amp; Pellets from us.<\/p>","protected":false},"excerpt":{"rendered":"<p><strong>Nome IUPAC: <\/strong>Acetato di 3-(2-etil(metil)aminoetil)-1H-indolo-4-il<\/p>\n<p><strong>CAS # <\/strong>246-87-2<\/p>\n<p><strong>Aspetto: <\/strong>polvere<\/p>\n<p><strong>Forma: <\/strong>fumarato<\/p>\n<p><strong>Analisi NMR: <\/strong>C15H20N2O2<\/p>","protected":false},"featured_media":29389,"comment_status":"open","ping_status":"closed","template":"","meta":[],"product_brand":[],"product_cat":[92],"product_tag":[],"class_list":{"0":"post-29355","1":"product","2":"type-product","3":"status-publish","4":"has-post-thumbnail","6":"product_cat-tryptamines","8":"first","9":"instock","10":"shipping-taxable","11":"purchasable","12":"product-type-variable"},"yoast_head":"<!-- This site is optimized with the Yoast SEO Premium plugin v24.1 (Yoast SEO v27.5) - https:\/\/yoast.com\/product\/yoast-seo-premium-wordpress\/ -->\n<title>Buy 4-ACO-MET Online:Best Research Chemicals at chemsxpress<\/title>\n<meta name=\"description\" content=\"Buy 4-ACO-MET Elevate your research with 4-ACO-MET. Explore our selection of A grade research chemicals. Trusted source, discreet packaging, fast shipping\" \/>\n<meta name=\"robots\" content=\"index, follow, max-snippet:-1, max-image-preview:large, max-video-preview:-1\" \/>\n<link rel=\"canonical\" href=\"https:\/\/chemsxpress.com\/it\/prodotto\/4-aco-met\/\" \/>\n<meta property=\"og:locale\" content=\"it_IT\" \/>\n<meta property=\"og:type\" content=\"article\" \/>\n<meta property=\"og:title\" content=\"4-ACO-MET\" \/>\n<meta property=\"og:description\" content=\"Buy 4-ACO-MET Elevate your research with 4-ACO-MET. Explore our selection of A grade research chemicals. Trusted source, discreet packaging, fast shipping\" \/>\n<meta property=\"og:url\" content=\"https:\/\/chemsxpress.com\/it\/prodotto\/4-aco-met\/\" \/>\n<meta property=\"og:site_name\" content=\"SHOP MDPHP\" \/>\n<meta property=\"article:modified_time\" content=\"2026-02-03T09:53:32+00:00\" \/>\n<meta property=\"og:image\" content=\"https:\/\/chemsxpress.com\/wp-content\/uploads\/2024\/04\/4-ACO-MET.jpg\" \/>\n\t<meta property=\"og:image:width\" content=\"600\" \/>\n\t<meta property=\"og:image:height\" content=\"600\" \/>\n\t<meta property=\"og:image:type\" content=\"image\/jpeg\" \/>\n<meta name=\"twitter:card\" content=\"summary_large_image\" \/>\n<meta name=\"twitter:label1\" content=\"Tempo di lettura stimato\" \/>\n\t<meta name=\"twitter:data1\" content=\"3 minuti\" \/>\n<script type=\"application\/ld+json\" class=\"yoast-schema-graph\">{\"@context\":\"https:\\\/\\\/schema.org\",\"@graph\":[{\"@type\":\"WebPage\",\"@id\":\"https:\\\/\\\/chemsxpress.com\\\/product\\\/4-aco-met\\\/\",\"url\":\"https:\\\/\\\/chemsxpress.com\\\/product\\\/4-aco-met\\\/\",\"name\":\"Buy 4-ACO-MET Online:Best Research Chemicals at chemsxpress\",\"isPartOf\":{\"@id\":\"https:\\\/\\\/chemsxpress.com\\\/#website\"},\"primaryImageOfPage\":{\"@id\":\"https:\\\/\\\/chemsxpress.com\\\/product\\\/4-aco-met\\\/#primaryimage\"},\"image\":{\"@id\":\"https:\\\/\\\/chemsxpress.com\\\/product\\\/4-aco-met\\\/#primaryimage\"},\"thumbnailUrl\":\"https:\\\/\\\/chemsxpress.com\\\/wp-content\\\/uploads\\\/2024\\\/04\\\/4-ACO-MET.jpg\",\"datePublished\":\"2024-04-29T13:21:43+00:00\",\"dateModified\":\"2026-02-03T09:53:32+00:00\",\"description\":\"Buy 4-ACO-MET Elevate your research with 4-ACO-MET. Explore our selection of A grade research chemicals. Trusted source, discreet packaging, fast shipping\",\"breadcrumb\":{\"@id\":\"https:\\\/\\\/chemsxpress.com\\\/product\\\/4-aco-met\\\/#breadcrumb\"},\"inLanguage\":\"it-IT\",\"potentialAction\":[{\"@type\":\"ReadAction\",\"target\":[\"https:\\\/\\\/chemsxpress.com\\\/product\\\/4-aco-met\\\/\"]}]},{\"@type\":\"ImageObject\",\"inLanguage\":\"it-IT\",\"@id\":\"https:\\\/\\\/chemsxpress.com\\\/product\\\/4-aco-met\\\/#primaryimage\",\"url\":\"https:\\\/\\\/chemsxpress.com\\\/wp-content\\\/uploads\\\/2024\\\/04\\\/4-ACO-MET.jpg\",\"contentUrl\":\"https:\\\/\\\/chemsxpress.com\\\/wp-content\\\/uploads\\\/2024\\\/04\\\/4-ACO-MET.jpg\",\"width\":600,\"height\":600,\"caption\":\"Buy 4-ACO-MET Online\"},{\"@type\":\"BreadcrumbList\",\"@id\":\"https:\\\/\\\/chemsxpress.com\\\/product\\\/4-aco-met\\\/#breadcrumb\",\"itemListElement\":[{\"@type\":\"ListItem\",\"position\":1,\"name\":\"Home\",\"item\":\"https:\\\/\\\/chemsxpress.com\\\/\"},{\"@type\":\"ListItem\",\"position\":2,\"name\":\"Shop\",\"item\":\"https:\\\/\\\/chemsxpress.com\\\/shop\\\/\"},{\"@type\":\"ListItem\",\"position\":3,\"name\":\"4-ACO-MET\"}]},{\"@type\":\"WebSite\",\"@id\":\"https:\\\/\\\/chemsxpress.com\\\/#website\",\"url\":\"https:\\\/\\\/chemsxpress.com\\\/\",\"name\":\"SHOP MDPHP\",\"description\":\"Buy MDPHP freebase from reliable supplier\",\"potentialAction\":[{\"@type\":\"SearchAction\",\"target\":{\"@type\":\"EntryPoint\",\"urlTemplate\":\"https:\\\/\\\/chemsxpress.com\\\/?s={search_term_string}\"},\"query-input\":{\"@type\":\"PropertyValueSpecification\",\"valueRequired\":true,\"valueName\":\"search_term_string\"}}],\"inLanguage\":\"it-IT\"}]}<\/script>\n<!-- \/ Yoast SEO Premium plugin. -->","yoast_head_json":{"title":"Acquista 4-ACO-MET online: i migliori prodotti chimici di ricerca su chemsxpress","description":"Acquista 4-ACO-MET Migliora la tua ricerca con 4-ACO-MET. Esplora la nostra selezione di prodotti chimici di ricerca di grado A. Fonte affidabile, imballaggio discreto, spedizione veloce","robots":{"index":"index","follow":"follow","max-snippet":"max-snippet:-1","max-image-preview":"max-image-preview:large","max-video-preview":"max-video-preview:-1"},"canonical":"https:\/\/chemsxpress.com\/it\/prodotto\/4-aco-met\/","og_locale":"it_IT","og_type":"article","og_title":"4-ACO-MET","og_description":"Buy 4-ACO-MET Elevate your research with 4-ACO-MET. Explore our selection of A grade research chemicals. Trusted source, discreet packaging, fast shipping","og_url":"https:\/\/chemsxpress.com\/it\/prodotto\/4-aco-met\/","og_site_name":"SHOP MDPHP","article_modified_time":"2026-02-03T09:53:32+00:00","og_image":[{"width":600,"height":600,"url":"https:\/\/chemsxpress.com\/wp-content\/uploads\/2024\/04\/4-ACO-MET.jpg","type":"image\/jpeg"}],"twitter_card":"summary_large_image","twitter_misc":{"Tempo di lettura stimato":"3 minuti"},"schema":{"@context":"https:\/\/schema.org","@graph":[{"@type":"WebPage","@id":"https:\/\/chemsxpress.com\/product\/4-aco-met\/","url":"https:\/\/chemsxpress.com\/product\/4-aco-met\/","name":"Acquista 4-ACO-MET online: i migliori prodotti chimici di ricerca su chemsxpress","isPartOf":{"@id":"https:\/\/chemsxpress.com\/#website"},"primaryImageOfPage":{"@id":"https:\/\/chemsxpress.com\/product\/4-aco-met\/#primaryimage"},"image":{"@id":"https:\/\/chemsxpress.com\/product\/4-aco-met\/#primaryimage"},"thumbnailUrl":"https:\/\/chemsxpress.com\/wp-content\/uploads\/2024\/04\/4-ACO-MET.jpg","datePublished":"2024-04-29T13:21:43+00:00","dateModified":"2026-02-03T09:53:32+00:00","description":"Acquista 4-ACO-MET Migliora la tua ricerca con 4-ACO-MET. Esplora la nostra selezione di prodotti chimici di ricerca di grado A. Fonte affidabile, imballaggio discreto, spedizione veloce","breadcrumb":{"@id":"https:\/\/chemsxpress.com\/product\/4-aco-met\/#breadcrumb"},"inLanguage":"it-IT","potentialAction":[{"@type":"ReadAction","target":["https:\/\/chemsxpress.com\/product\/4-aco-met\/"]}]},{"@type":"ImageObject","inLanguage":"it-IT","@id":"https:\/\/chemsxpress.com\/product\/4-aco-met\/#primaryimage","url":"https:\/\/chemsxpress.com\/wp-content\/uploads\/2024\/04\/4-ACO-MET.jpg","contentUrl":"https:\/\/chemsxpress.com\/wp-content\/uploads\/2024\/04\/4-ACO-MET.jpg","width":600,"height":600,"caption":"Buy 4-ACO-MET Online"},{"@type":"BreadcrumbList","@id":"https:\/\/chemsxpress.com\/product\/4-aco-met\/#breadcrumb","itemListElement":[{"@type":"ListItem","position":1,"name":"Home","item":"https:\/\/chemsxpress.com\/"},{"@type":"ListItem","position":2,"name":"Shop","item":"https:\/\/chemsxpress.com\/shop\/"},{"@type":"ListItem","position":3,"name":"4-ACO-MET"}]},{"@type":"WebSite","@id":"https:\/\/chemsxpress.com\/#website","url":"https:\/\/chemsxpress.com\/","name":"NEGOZIO MDP","description":"Acquistare MDPHP freebase da un fornitore affidabile","potentialAction":[{"@type":"SearchAction","target":{"@type":"EntryPoint","urlTemplate":"https:\/\/chemsxpress.com\/?s={search_term_string}"},"query-input":{"@type":"PropertyValueSpecification","valueRequired":true,"valueName":"search_term_string"}}],"inLanguage":"it-IT"}]}},"jetpack_sharing_enabled":true,"_links":{"self":[{"href":"https:\/\/chemsxpress.com\/it\/wp-json\/wp\/v2\/product\/29355","targetHints":{"allow":["GET"]}}],"collection":[{"href":"https:\/\/chemsxpress.com\/it\/wp-json\/wp\/v2\/product"}],"about":[{"href":"https:\/\/chemsxpress.com\/it\/wp-json\/wp\/v2\/types\/product"}],"replies":[{"embeddable":true,"href":"https:\/\/chemsxpress.com\/it\/wp-json\/wp\/v2\/comments?post=29355"}],"version-history":[{"count":5,"href":"https:\/\/chemsxpress.com\/it\/wp-json\/wp\/v2\/product\/29355\/revisions"}],"predecessor-version":[{"id":29546,"href":"https:\/\/chemsxpress.com\/it\/wp-json\/wp\/v2\/product\/29355\/revisions\/29546"}],"wp:featuredmedia":[{"embeddable":true,"href":"https:\/\/chemsxpress.com\/it\/wp-json\/wp\/v2\/media\/29389"}],"wp:attachment":[{"href":"https:\/\/chemsxpress.com\/it\/wp-json\/wp\/v2\/media?parent=29355"}],"wp:term":[{"taxonomy":"product_brand","embeddable":true,"href":"https:\/\/chemsxpress.com\/it\/wp-json\/wp\/v2\/product_brand?post=29355"},{"taxonomy":"product_cat","embeddable":true,"href":"https:\/\/chemsxpress.com\/it\/wp-json\/wp\/v2\/product_cat?post=29355"},{"taxonomy":"product_tag","embeddable":true,"href":"https:\/\/chemsxpress.com\/it\/wp-json\/wp\/v2\/product_tag?post=29355"}],"curies":[{"name":"wp","href":"https:\/\/api.w.org\/{rel}","templated":true}]}}