{"id":29356,"date":"2024-04-29T13:21:43","date_gmt":"2024-04-29T13:21:43","guid":{"rendered":"https:\/\/chemsxpress.com\/?post_type=product&#038;p=29356"},"modified":"2025-05-29T06:02:56","modified_gmt":"2025-05-29T06:02:56","slug":"acquistare-4-ho-met","status":"publish","type":"product","link":"https:\/\/chemsxpress.com\/it\/prodotto\/acquistare-4-ho-met\/","title":{"rendered":"4-HO-MET"},"content":{"rendered":"<h1>Comprare 4-HO-MET<\/h1>\n<p>Comprare 4-HO-MET Vuoi ordinare 4-HO-MET? Ordina oggi la migliore qualit\u00e0 di 4-HO-MET <a href=\"https:\/\/chemsxpress.com\/it\/\">chemsxpress<\/a>. 4-HO-MET \u00e8 un prodotto chimico di ricerca e non \u00e8 adatto al consumo umano. Ordinato prima delle 17:30 viene consegnato domani! Puoi pagare in modo semplice e sicuro con iDEAL, come sei gi\u00e0 abituato a fare. Acquista 4-HO-MET su rchemshop, il pi\u00f9 veloce, il migliore e il pi\u00f9 conveniente <a href=\"https:\/\/chemsxpress.com\/it\/categoria-di-prodotto\/ricerca-chimica\/\">Prodotti chimici per la ricerca<\/a> specialista in Europa! Offriamo anche cristalli di 3CMC, polvere di 3CMC e capsule di 3CMC. Non sapete quale sia il prodotto pi\u00f9 adatto a voi? Allora scegliete il 3CMC Doubt Pack.<\/p>\n<h2>Azione del 4-HO-MET<\/h2>\n<p>Il 4-HO-MET, noto anche come \"colore\" e \"metocina\", \u00e8 una sostanza psichedelica meno nota appartenente alla classe delle triptamine. Simile alla psilocina, la sostanza attiva dei \"funghi magici\", il 4-HO-MET si lega ai recettori della serotonina nel cervello per provocare i suoi effetti. Provoca allucinazioni visive, distorsione temporale e introspezione. \u00c8 considerato una variante ricreativa dei funghi psilocibinici per il suo stato mentale pi\u00f9 blando e l'enfasi sugli effetti visivi.<\/p>\n<p>Nota! Tuttavia, si sa poco delle propriet\u00e0 farmacologiche, del metabolismo e della tossicit\u00e0 del 4-HO-MET, ma si raccomanda di applicare le pratiche di riduzione del danno quando si conducono le ricerche. Dal punto di vista chimico, si tratta di un alcaloide indolico sintetico che agisce sul recettore 5-HT2A, provocando esperienze psichedeliche, anche se i meccanismi esatti sono ancora oggetto di indagine.<\/p>\n<p>Ordinato oggi = consegnato domani!<br \/>\nLa migliore qualit\u00e0 4-HO-MET domani! Ordina 4-HO-MET prima delle 17:30 per riceverlo il giorno successivo. \u00c8 possibile pagare in modo semplice e sicuro con bonifico bancario o bitcoin. Facciamo tutto il possibile per farvi avere i nostri prodotti il pi\u00f9 rapidamente possibile. Iniziate la vostra ricerca oggi stesso. Vendiamo solo 4-HO-MET della migliore qualit\u00e0, testato in laboratorio.<\/p>\n<p>ChemsXpress \u00e8 uno dei pi\u00f9 grandi e affidabili fornitori di prodotti chimici per la ricerca nei Paesi Bassi. rchemshop offre tariffe competitive per grandi quantit\u00e0. Non aspettate oltre e contattateci oggi stesso.<\/p>","protected":false},"excerpt":{"rendered":"<h6>Nome IUPAC:<\/h6>\n<p>3-(2-(etil(metil)ammino)etil)-1H-indolo-4-olo<\/p>","protected":false},"featured_media":29391,"comment_status":"open","ping_status":"closed","template":"","meta":[],"product_brand":[],"product_cat":[92],"product_tag":[],"class_list":{"0":"post-29356","1":"product","2":"type-product","3":"status-publish","4":"has-post-thumbnail","6":"product_cat-tryptamines","8":"first","9":"instock","10":"shipping-taxable","11":"purchasable","12":"product-type-variable"},"yoast_head":"<!-- This site is optimized with the Yoast SEO Premium plugin v24.1 (Yoast SEO v27.4) - https:\/\/yoast.com\/product\/yoast-seo-premium-wordpress\/ -->\n<title>Buy 4-HO-MET Online: Premium Psychedelic Research Chemicals<\/title>\n<meta name=\"description\" content=\"Buy 4-HO-MET . Shop now for premium-grade 4-HO-MET, a popular psychedelic research chemical known for its unique effects. Trusted source, fast shipping.\" \/>\n<meta name=\"robots\" content=\"index, follow, max-snippet:-1, max-image-preview:large, max-video-preview:-1\" \/>\n<link rel=\"canonical\" href=\"https:\/\/chemsxpress.com\/it\/prodotto\/acquistare-4-ho-met\/\" \/>\n<meta property=\"og:locale\" content=\"it_IT\" \/>\n<meta property=\"og:type\" content=\"article\" \/>\n<meta property=\"og:title\" content=\"4-HO-MET\" \/>\n<meta property=\"og:description\" content=\"Buy 4-HO-MET . Shop now for premium-grade 4-HO-MET, a popular psychedelic research chemical known for its unique effects. Trusted source, fast shipping.\" \/>\n<meta property=\"og:url\" content=\"https:\/\/chemsxpress.com\/it\/prodotto\/acquistare-4-ho-met\/\" \/>\n<meta property=\"og:site_name\" content=\"SHOP MDPHP\" \/>\n<meta property=\"article:modified_time\" content=\"2025-05-29T06:02:56+00:00\" \/>\n<meta property=\"og:image\" content=\"https:\/\/chemsxpress.com\/wp-content\/uploads\/2024\/04\/4-HO-MET.jpg\" \/>\n\t<meta property=\"og:image:width\" content=\"600\" \/>\n\t<meta property=\"og:image:height\" content=\"600\" \/>\n\t<meta property=\"og:image:type\" content=\"image\/jpeg\" \/>\n<meta name=\"twitter:card\" content=\"summary_large_image\" \/>\n<meta name=\"twitter:label1\" content=\"Tempo di lettura stimato\" \/>\n\t<meta name=\"twitter:data1\" content=\"2 minuti\" \/>\n<script type=\"application\/ld+json\" class=\"yoast-schema-graph\">{\"@context\":\"https:\\\/\\\/schema.org\",\"@graph\":[{\"@type\":\"WebPage\",\"@id\":\"https:\\\/\\\/chemsxpress.com\\\/product\\\/buy-4-ho-met\\\/\",\"url\":\"https:\\\/\\\/chemsxpress.com\\\/product\\\/buy-4-ho-met\\\/\",\"name\":\"Buy 4-HO-MET Online: Premium Psychedelic Research Chemicals\",\"isPartOf\":{\"@id\":\"https:\\\/\\\/chemsxpress.com\\\/#website\"},\"primaryImageOfPage\":{\"@id\":\"https:\\\/\\\/chemsxpress.com\\\/product\\\/buy-4-ho-met\\\/#primaryimage\"},\"image\":{\"@id\":\"https:\\\/\\\/chemsxpress.com\\\/product\\\/buy-4-ho-met\\\/#primaryimage\"},\"thumbnailUrl\":\"https:\\\/\\\/chemsxpress.com\\\/wp-content\\\/uploads\\\/2024\\\/04\\\/4-HO-MET.jpg\",\"datePublished\":\"2024-04-29T13:21:43+00:00\",\"dateModified\":\"2025-05-29T06:02:56+00:00\",\"description\":\"Buy 4-HO-MET . Shop now for premium-grade 4-HO-MET, a popular psychedelic research chemical known for its unique effects. Trusted source, fast shipping.\",\"breadcrumb\":{\"@id\":\"https:\\\/\\\/chemsxpress.com\\\/product\\\/buy-4-ho-met\\\/#breadcrumb\"},\"inLanguage\":\"it-IT\",\"potentialAction\":[{\"@type\":\"ReadAction\",\"target\":[\"https:\\\/\\\/chemsxpress.com\\\/product\\\/buy-4-ho-met\\\/\"]}]},{\"@type\":\"ImageObject\",\"inLanguage\":\"it-IT\",\"@id\":\"https:\\\/\\\/chemsxpress.com\\\/product\\\/buy-4-ho-met\\\/#primaryimage\",\"url\":\"https:\\\/\\\/chemsxpress.com\\\/wp-content\\\/uploads\\\/2024\\\/04\\\/4-HO-MET.jpg\",\"contentUrl\":\"https:\\\/\\\/chemsxpress.com\\\/wp-content\\\/uploads\\\/2024\\\/04\\\/4-HO-MET.jpg\",\"width\":600,\"height\":600,\"caption\":\"Buy 4-HO-MET\"},{\"@type\":\"BreadcrumbList\",\"@id\":\"https:\\\/\\\/chemsxpress.com\\\/product\\\/buy-4-ho-met\\\/#breadcrumb\",\"itemListElement\":[{\"@type\":\"ListItem\",\"position\":1,\"name\":\"Home\",\"item\":\"https:\\\/\\\/chemsxpress.com\\\/\"},{\"@type\":\"ListItem\",\"position\":2,\"name\":\"Shop\",\"item\":\"https:\\\/\\\/chemsxpress.com\\\/shop\\\/\"},{\"@type\":\"ListItem\",\"position\":3,\"name\":\"4-HO-MET\"}]},{\"@type\":\"WebSite\",\"@id\":\"https:\\\/\\\/chemsxpress.com\\\/#website\",\"url\":\"https:\\\/\\\/chemsxpress.com\\\/\",\"name\":\"SHOP MDPHP\",\"description\":\"Buy MDPHP freebase from reliable supplier\",\"potentialAction\":[{\"@type\":\"SearchAction\",\"target\":{\"@type\":\"EntryPoint\",\"urlTemplate\":\"https:\\\/\\\/chemsxpress.com\\\/?s={search_term_string}\"},\"query-input\":{\"@type\":\"PropertyValueSpecification\",\"valueRequired\":true,\"valueName\":\"search_term_string\"}}],\"inLanguage\":\"it-IT\"}]}<\/script>\n<!-- \/ Yoast SEO Premium plugin. -->","yoast_head_json":{"title":"Acquista 4-HO-MET online: prodotti chimici di ricerca psichedelica premium","description":"Acquista 4-HO-MET. Acquista ora il 4-HO-MET di prima qualit\u00e0, una popolare sostanza chimica di ricerca psichedelica nota per i suoi effetti unici. Fonte attendibile, spedizione veloce.","robots":{"index":"index","follow":"follow","max-snippet":"max-snippet:-1","max-image-preview":"max-image-preview:large","max-video-preview":"max-video-preview:-1"},"canonical":"https:\/\/chemsxpress.com\/it\/prodotto\/acquistare-4-ho-met\/","og_locale":"it_IT","og_type":"article","og_title":"4-HO-MET","og_description":"Buy 4-HO-MET . Shop now for premium-grade 4-HO-MET, a popular psychedelic research chemical known for its unique effects. Trusted source, fast shipping.","og_url":"https:\/\/chemsxpress.com\/it\/prodotto\/acquistare-4-ho-met\/","og_site_name":"SHOP MDPHP","article_modified_time":"2025-05-29T06:02:56+00:00","og_image":[{"width":600,"height":600,"url":"https:\/\/chemsxpress.com\/wp-content\/uploads\/2024\/04\/4-HO-MET.jpg","type":"image\/jpeg"}],"twitter_card":"summary_large_image","twitter_misc":{"Tempo di lettura stimato":"2 minuti"},"schema":{"@context":"https:\/\/schema.org","@graph":[{"@type":"WebPage","@id":"https:\/\/chemsxpress.com\/product\/buy-4-ho-met\/","url":"https:\/\/chemsxpress.com\/product\/buy-4-ho-met\/","name":"Acquista 4-HO-MET online: prodotti chimici di ricerca psichedelica premium","isPartOf":{"@id":"https:\/\/chemsxpress.com\/#website"},"primaryImageOfPage":{"@id":"https:\/\/chemsxpress.com\/product\/buy-4-ho-met\/#primaryimage"},"image":{"@id":"https:\/\/chemsxpress.com\/product\/buy-4-ho-met\/#primaryimage"},"thumbnailUrl":"https:\/\/chemsxpress.com\/wp-content\/uploads\/2024\/04\/4-HO-MET.jpg","datePublished":"2024-04-29T13:21:43+00:00","dateModified":"2025-05-29T06:02:56+00:00","description":"Acquista 4-HO-MET. Acquista ora il 4-HO-MET di prima qualit\u00e0, una popolare sostanza chimica di ricerca psichedelica nota per i suoi effetti unici. Fonte attendibile, spedizione veloce.","breadcrumb":{"@id":"https:\/\/chemsxpress.com\/product\/buy-4-ho-met\/#breadcrumb"},"inLanguage":"it-IT","potentialAction":[{"@type":"ReadAction","target":["https:\/\/chemsxpress.com\/product\/buy-4-ho-met\/"]}]},{"@type":"ImageObject","inLanguage":"it-IT","@id":"https:\/\/chemsxpress.com\/product\/buy-4-ho-met\/#primaryimage","url":"https:\/\/chemsxpress.com\/wp-content\/uploads\/2024\/04\/4-HO-MET.jpg","contentUrl":"https:\/\/chemsxpress.com\/wp-content\/uploads\/2024\/04\/4-HO-MET.jpg","width":600,"height":600,"caption":"Buy 4-HO-MET"},{"@type":"BreadcrumbList","@id":"https:\/\/chemsxpress.com\/product\/buy-4-ho-met\/#breadcrumb","itemListElement":[{"@type":"ListItem","position":1,"name":"Home","item":"https:\/\/chemsxpress.com\/"},{"@type":"ListItem","position":2,"name":"Shop","item":"https:\/\/chemsxpress.com\/shop\/"},{"@type":"ListItem","position":3,"name":"4-HO-MET"}]},{"@type":"WebSite","@id":"https:\/\/chemsxpress.com\/#website","url":"https:\/\/chemsxpress.com\/","name":"NEGOZIO MDP","description":"Acquistare MDPHP freebase da un fornitore affidabile","potentialAction":[{"@type":"SearchAction","target":{"@type":"EntryPoint","urlTemplate":"https:\/\/chemsxpress.com\/?s={search_term_string}"},"query-input":{"@type":"PropertyValueSpecification","valueRequired":true,"valueName":"search_term_string"}}],"inLanguage":"it-IT"}]}},"jetpack_sharing_enabled":true,"_links":{"self":[{"href":"https:\/\/chemsxpress.com\/it\/wp-json\/wp\/v2\/product\/29356","targetHints":{"allow":["GET"]}}],"collection":[{"href":"https:\/\/chemsxpress.com\/it\/wp-json\/wp\/v2\/product"}],"about":[{"href":"https:\/\/chemsxpress.com\/it\/wp-json\/wp\/v2\/types\/product"}],"replies":[{"embeddable":true,"href":"https:\/\/chemsxpress.com\/it\/wp-json\/wp\/v2\/comments?post=29356"}],"version-history":[{"count":5,"href":"https:\/\/chemsxpress.com\/it\/wp-json\/wp\/v2\/product\/29356\/revisions"}],"predecessor-version":[{"id":29981,"href":"https:\/\/chemsxpress.com\/it\/wp-json\/wp\/v2\/product\/29356\/revisions\/29981"}],"wp:featuredmedia":[{"embeddable":true,"href":"https:\/\/chemsxpress.com\/it\/wp-json\/wp\/v2\/media\/29391"}],"wp:attachment":[{"href":"https:\/\/chemsxpress.com\/it\/wp-json\/wp\/v2\/media?parent=29356"}],"wp:term":[{"taxonomy":"product_brand","embeddable":true,"href":"https:\/\/chemsxpress.com\/it\/wp-json\/wp\/v2\/product_brand?post=29356"},{"taxonomy":"product_cat","embeddable":true,"href":"https:\/\/chemsxpress.com\/it\/wp-json\/wp\/v2\/product_cat?post=29356"},{"taxonomy":"product_tag","embeddable":true,"href":"https:\/\/chemsxpress.com\/it\/wp-json\/wp\/v2\/product_tag?post=29356"}],"curies":[{"name":"wp","href":"https:\/\/api.w.org\/{rel}","templated":true}]}}