{"id":27925,"date":"2024-04-29T13:13:19","date_gmt":"2024-04-29T13:13:19","guid":{"rendered":"https:\/\/chemsxpress.com\/?post_type=product&#038;p=27925"},"modified":"2025-05-28T06:24:29","modified_gmt":"2025-05-28T06:24:29","slug":"paarse-diesel-kopen","status":"publish","type":"product","link":"https:\/\/chemsxpress.com\/nl\/product\/paarse-diesel-kopen\/","title":{"rendered":"Paars Diesel Kruid"},"content":{"rendered":"<h1>Paarse Diesel kopen<\/h1>\n<p>Purple Diesel Spice kopen, Op zoek naar een ontspannende mix van kruiden en<span style=\"color: #ffffff;\"><a style=\"color: #ffffff;\" href=\"https:\/\/spiru.nl\/categorie\/wierook\/?ppcprotect&amp;utm_source=bing&amp;utm_medium=cpc&amp;utm_campaign=Wierook&amp;utm_term=incense&amp;utm_content=Incense\">.<\/a><\/span> Kruiden om mee te ontspannen aan het eind van de dag? Purple Diesel kan de oplossing zijn. Het is gemaakt van een 100 {d99a1b8a56936da8dc95a057187ff2adc1ca2392c452472fda10a2857b15d4fc} natuurlijke Damiana combinatie met een unieke smaak die niet te evenaren is. Purple Diesel wordt geleverd in pakjes van 10 gram met de volgende disclaimer: Dit product is uitsluitend bedoeld voor gebruik als aromatische potpourri. Het is niet bedoeld of ontworpen voor menselijke consumptie. De fabrikanten en verkopers van dit product aanvaarden geen verantwoordelijkheid voor onjuist of oneigenlijk gebruik van het product. <span style=\"color: #ffffff;\">P<\/span><\/p>\n<p><span style=\"color: #ffffff;\">Kruiden<\/span><\/p>\n<p><a href=\"https:\/\/chemsxpress.com\/nl\/\">ChemsXpress<\/a> is trots om de komst van Purple Diesel Wierook aan te kondigen. Het is een product waar al onze klanten (en medewerkers) naar hebben uitgekeken. We kunnen nu allemaal ontspannen en Purple Diesel in de meneer stoppen. Heb je Purple Diesel wierook nog niet geroken? Dan moet je meteen een pakje Purple Diesel wierook pakken. Klanten die het geprobeerd hebben weten hoe snel het uitverkocht is! We hebben ook andere producten die je kunt bekijken. Neem contact met ons op voor meer informatie.<\/p>\n<p>Purple Diesel Spice\" is een term die lijkt te verwijzen naar een specifiek mengsel van synthetische cannabino\u00efden, vaak verkocht als kruidenmengsel of wierook. Synthetische cannabino\u00efden zijn door mensen gemaakte chemicali\u00ebn die ontworpen zijn om de effecten van THC, de actieve stof in marihuana, na te bootsen. Ze kunnen echter veel krachtiger en onvoorspelbaarder zijn, wat leidt tot een reeks potenti\u00eble gezondheidsrisico's.<\/p>","protected":false},"excerpt":{"rendered":"<p>Koop Purple Diesel Spice Koop Purple Diesel Spice, Op zoek naar een ontspannende mix van kruiden en. specerijen om te ontspannen met<\/p>","protected":false},"featured_media":27952,"comment_status":"open","ping_status":"closed","template":"","meta":[],"product_brand":[],"product_cat":[73],"product_tag":[],"class_list":{"0":"post-27925","1":"product","2":"type-product","3":"status-publish","4":"has-post-thumbnail","6":"product_cat-herbal-incense","8":"first","9":"instock","10":"shipping-taxable","11":"purchasable","12":"product-type-variable"},"yoast_head":"<!-- This site is optimized with the Yoast SEO Premium plugin v24.1 (Yoast SEO v27.4) - https:\/\/yoast.com\/product\/yoast-seo-premium-wordpress\/ -->\n<title>Buy Purple Diesel Spice Premium Quality RC&#039;s | ChemsXpress<\/title>\n<meta name=\"description\" content=\"Buy Purple Diesel Spice at ChemsXpress. Premium research chemicals, fast shipping. Trust our quality assurance for all your research needs. Order now\" \/>\n<meta name=\"robots\" content=\"index, follow, max-snippet:-1, max-image-preview:large, max-video-preview:-1\" \/>\n<link rel=\"canonical\" href=\"https:\/\/chemsxpress.com\/nl\/product\/paarse-diesel-kopen\/\" \/>\n<meta property=\"og:locale\" content=\"nl_NL\" \/>\n<meta property=\"og:type\" content=\"article\" \/>\n<meta property=\"og:title\" content=\"Purple Diesel Spice\" \/>\n<meta property=\"og:description\" content=\"Buy Purple Diesel Spice at ChemsXpress. Premium research chemicals, fast shipping. Trust our quality assurance for all your research needs. Order now\" \/>\n<meta property=\"og:url\" content=\"https:\/\/chemsxpress.com\/nl\/product\/paarse-diesel-kopen\/\" \/>\n<meta property=\"og:site_name\" content=\"SHOP MDPHP\" \/>\n<meta property=\"article:modified_time\" content=\"2025-05-28T06:24:29+00:00\" \/>\n<meta property=\"og:image\" content=\"https:\/\/chemsxpress.com\/wp-content\/uploads\/2024\/04\/Purple-Diesel-Spice.jpg\" \/>\n\t<meta property=\"og:image:width\" content=\"800\" \/>\n\t<meta property=\"og:image:height\" content=\"800\" \/>\n\t<meta property=\"og:image:type\" content=\"image\/jpeg\" \/>\n<meta name=\"twitter:card\" content=\"summary_large_image\" \/>\n<meta name=\"twitter:label1\" content=\"Geschatte leestijd\" \/>\n\t<meta name=\"twitter:data1\" content=\"2 minuten\" \/>\n<script type=\"application\/ld+json\" class=\"yoast-schema-graph\">{\"@context\":\"https:\\\/\\\/schema.org\",\"@graph\":[{\"@type\":\"WebPage\",\"@id\":\"https:\\\/\\\/chemsxpress.com\\\/product\\\/buy-purple-diesel-spice\\\/\",\"url\":\"https:\\\/\\\/chemsxpress.com\\\/product\\\/buy-purple-diesel-spice\\\/\",\"name\":\"Buy Purple Diesel Spice Premium Quality RC's | ChemsXpress\",\"isPartOf\":{\"@id\":\"https:\\\/\\\/chemsxpress.com\\\/#website\"},\"primaryImageOfPage\":{\"@id\":\"https:\\\/\\\/chemsxpress.com\\\/product\\\/buy-purple-diesel-spice\\\/#primaryimage\"},\"image\":{\"@id\":\"https:\\\/\\\/chemsxpress.com\\\/product\\\/buy-purple-diesel-spice\\\/#primaryimage\"},\"thumbnailUrl\":\"https:\\\/\\\/chemsxpress.com\\\/wp-content\\\/uploads\\\/2024\\\/04\\\/Purple-Diesel-Spice.jpg\",\"datePublished\":\"2024-04-29T13:13:19+00:00\",\"dateModified\":\"2025-05-28T06:24:29+00:00\",\"description\":\"Buy Purple Diesel Spice at ChemsXpress. Premium research chemicals, fast shipping. Trust our quality assurance for all your research needs. Order now\",\"breadcrumb\":{\"@id\":\"https:\\\/\\\/chemsxpress.com\\\/product\\\/buy-purple-diesel-spice\\\/#breadcrumb\"},\"inLanguage\":\"nl-NL\",\"potentialAction\":[{\"@type\":\"ReadAction\",\"target\":[\"https:\\\/\\\/chemsxpress.com\\\/product\\\/buy-purple-diesel-spice\\\/\"]}]},{\"@type\":\"ImageObject\",\"inLanguage\":\"nl-NL\",\"@id\":\"https:\\\/\\\/chemsxpress.com\\\/product\\\/buy-purple-diesel-spice\\\/#primaryimage\",\"url\":\"https:\\\/\\\/chemsxpress.com\\\/wp-content\\\/uploads\\\/2024\\\/04\\\/Purple-Diesel-Spice.jpg\",\"contentUrl\":\"https:\\\/\\\/chemsxpress.com\\\/wp-content\\\/uploads\\\/2024\\\/04\\\/Purple-Diesel-Spice.jpg\",\"width\":800,\"height\":800,\"caption\":\"buy Purple Diesel Spice\"},{\"@type\":\"BreadcrumbList\",\"@id\":\"https:\\\/\\\/chemsxpress.com\\\/product\\\/buy-purple-diesel-spice\\\/#breadcrumb\",\"itemListElement\":[{\"@type\":\"ListItem\",\"position\":1,\"name\":\"Home\",\"item\":\"https:\\\/\\\/chemsxpress.com\\\/\"},{\"@type\":\"ListItem\",\"position\":2,\"name\":\"Shop\",\"item\":\"https:\\\/\\\/chemsxpress.com\\\/shop\\\/\"},{\"@type\":\"ListItem\",\"position\":3,\"name\":\"Purple Diesel Spice\"}]},{\"@type\":\"WebSite\",\"@id\":\"https:\\\/\\\/chemsxpress.com\\\/#website\",\"url\":\"https:\\\/\\\/chemsxpress.com\\\/\",\"name\":\"SHOP MDPHP\",\"description\":\"Buy MDPHP freebase from reliable supplier\",\"potentialAction\":[{\"@type\":\"SearchAction\",\"target\":{\"@type\":\"EntryPoint\",\"urlTemplate\":\"https:\\\/\\\/chemsxpress.com\\\/?s={search_term_string}\"},\"query-input\":{\"@type\":\"PropertyValueSpecification\",\"valueRequired\":true,\"valueName\":\"search_term_string\"}}],\"inLanguage\":\"nl-NL\"}]}<\/script>\n<!-- \/ Yoast SEO Premium plugin. -->","yoast_head_json":{"title":"Koop Purple Diesel Spice RC's van topkwaliteit | ChemsXpress","description":"Koop 4F PHP Crystal Online: bij ChemsXpress. Eersteklas onderzoekschemicali\u00ebn, snelle verzending. Vertrouw op onze kwaliteitsgarantie voor al je onderzoeksbehoeften. Bestel nu.","robots":{"index":"index","follow":"follow","max-snippet":"max-snippet:-1","max-image-preview":"max-image-preview:large","max-video-preview":"max-video-preview:-1"},"canonical":"https:\/\/chemsxpress.com\/nl\/product\/paarse-diesel-kopen\/","og_locale":"nl_NL","og_type":"article","og_title":"Purple Diesel Spice","og_description":"Buy Purple Diesel Spice at ChemsXpress. Premium research chemicals, fast shipping. Trust our quality assurance for all your research needs. Order now","og_url":"https:\/\/chemsxpress.com\/nl\/product\/paarse-diesel-kopen\/","og_site_name":"SHOP MDPHP","article_modified_time":"2025-05-28T06:24:29+00:00","og_image":[{"width":800,"height":800,"url":"https:\/\/chemsxpress.com\/wp-content\/uploads\/2024\/04\/Purple-Diesel-Spice.jpg","type":"image\/jpeg"}],"twitter_card":"summary_large_image","twitter_misc":{"Geschatte leestijd":"2 minuten"},"schema":{"@context":"https:\/\/schema.org","@graph":[{"@type":"WebPage","@id":"https:\/\/chemsxpress.com\/product\/buy-purple-diesel-spice\/","url":"https:\/\/chemsxpress.com\/product\/buy-purple-diesel-spice\/","name":"Koop Purple Diesel Spice RC's van topkwaliteit | ChemsXpress","isPartOf":{"@id":"https:\/\/chemsxpress.com\/#website"},"primaryImageOfPage":{"@id":"https:\/\/chemsxpress.com\/product\/buy-purple-diesel-spice\/#primaryimage"},"image":{"@id":"https:\/\/chemsxpress.com\/product\/buy-purple-diesel-spice\/#primaryimage"},"thumbnailUrl":"https:\/\/chemsxpress.com\/wp-content\/uploads\/2024\/04\/Purple-Diesel-Spice.jpg","datePublished":"2024-04-29T13:13:19+00:00","dateModified":"2025-05-28T06:24:29+00:00","description":"Koop 4F PHP Crystal Online: bij ChemsXpress. Eersteklas onderzoekschemicali\u00ebn, snelle verzending. Vertrouw op onze kwaliteitsgarantie voor al je onderzoeksbehoeften. Bestel nu.","breadcrumb":{"@id":"https:\/\/chemsxpress.com\/product\/buy-purple-diesel-spice\/#breadcrumb"},"inLanguage":"nl-NL","potentialAction":[{"@type":"ReadAction","target":["https:\/\/chemsxpress.com\/product\/buy-purple-diesel-spice\/"]}]},{"@type":"ImageObject","inLanguage":"nl-NL","@id":"https:\/\/chemsxpress.com\/product\/buy-purple-diesel-spice\/#primaryimage","url":"https:\/\/chemsxpress.com\/wp-content\/uploads\/2024\/04\/Purple-Diesel-Spice.jpg","contentUrl":"https:\/\/chemsxpress.com\/wp-content\/uploads\/2024\/04\/Purple-Diesel-Spice.jpg","width":800,"height":800,"caption":"buy Purple Diesel Spice"},{"@type":"BreadcrumbList","@id":"https:\/\/chemsxpress.com\/product\/buy-purple-diesel-spice\/#breadcrumb","itemListElement":[{"@type":"ListItem","position":1,"name":"Home","item":"https:\/\/chemsxpress.com\/"},{"@type":"ListItem","position":2,"name":"Shop","item":"https:\/\/chemsxpress.com\/shop\/"},{"@type":"ListItem","position":3,"name":"Purple Diesel Spice"}]},{"@type":"WebSite","@id":"https:\/\/chemsxpress.com\/#website","url":"https:\/\/chemsxpress.com\/","name":"WINKELEN MDPHP","description":"MDPHP freebase kopen bij betrouwbare leverancier","potentialAction":[{"@type":"SearchAction","target":{"@type":"EntryPoint","urlTemplate":"https:\/\/chemsxpress.com\/?s={search_term_string}"},"query-input":{"@type":"PropertyValueSpecification","valueRequired":true,"valueName":"search_term_string"}}],"inLanguage":"nl-NL"}]}},"jetpack_sharing_enabled":true,"_links":{"self":[{"href":"https:\/\/chemsxpress.com\/nl\/wp-json\/wp\/v2\/product\/27925","targetHints":{"allow":["GET"]}}],"collection":[{"href":"https:\/\/chemsxpress.com\/nl\/wp-json\/wp\/v2\/product"}],"about":[{"href":"https:\/\/chemsxpress.com\/nl\/wp-json\/wp\/v2\/types\/product"}],"replies":[{"embeddable":true,"href":"https:\/\/chemsxpress.com\/nl\/wp-json\/wp\/v2\/comments?post=27925"}],"version-history":[{"count":3,"href":"https:\/\/chemsxpress.com\/nl\/wp-json\/wp\/v2\/product\/27925\/revisions"}],"predecessor-version":[{"id":29889,"href":"https:\/\/chemsxpress.com\/nl\/wp-json\/wp\/v2\/product\/27925\/revisions\/29889"}],"wp:featuredmedia":[{"embeddable":true,"href":"https:\/\/chemsxpress.com\/nl\/wp-json\/wp\/v2\/media\/27952"}],"wp:attachment":[{"href":"https:\/\/chemsxpress.com\/nl\/wp-json\/wp\/v2\/media?parent=27925"}],"wp:term":[{"taxonomy":"product_brand","embeddable":true,"href":"https:\/\/chemsxpress.com\/nl\/wp-json\/wp\/v2\/product_brand?post=27925"},{"taxonomy":"product_cat","embeddable":true,"href":"https:\/\/chemsxpress.com\/nl\/wp-json\/wp\/v2\/product_cat?post=27925"},{"taxonomy":"product_tag","embeddable":true,"href":"https:\/\/chemsxpress.com\/nl\/wp-json\/wp\/v2\/product_tag?post=27925"}],"curies":[{"name":"wp","href":"https:\/\/api.w.org\/{rel}","templated":true}]}}