{"id":27935,"date":"2024-04-29T13:13:20","date_gmt":"2024-04-29T13:13:20","guid":{"rendered":"https:\/\/chemsxpress.com\/?post_type=product&#038;p=27935"},"modified":"2025-05-24T02:48:36","modified_gmt":"2025-05-24T02:48:36","slug":"7h-kruidenwierook-kopen","status":"publish","type":"product","link":"https:\/\/chemsxpress.com\/nl\/product\/7h-kruidenwierook-kopen\/","title":{"rendered":"7u Kruidenwierook"},"content":{"rendered":"<h1>7h Kruidenwierook kopen<\/h1>\n<p>Kruidenwierook 7h kopen. 7H Herbal Incense met een sterk aroma lonkt naar degenen die de beste kruidenmix willen. Als je de uitdaging aangaat van een echt sterk aromatisch product van Incense Supreme, dan moet je dit hoogwaardige product proberen. Deze populaire potpourri wierook van 7H<span style=\"color: #ffffff;\"><a style=\"color: #ffffff;\" href=\"https:\/\/bigweedmarket.com\/product\/7h-herbal-incense\/\">.<\/a><\/span><\/p>\n<p>De 7H wierook is gemaakt van hoogwaardige ingredi\u00ebnten die zeker je verlangen zullen bevredigen. Echter, deze aromatische wierook mag niet worden geconsumeerd door mensen en mag alleen worden gebruikt zoals voorgeschreven. Wij van Supreme Incense garanderen de kwaliteit van onze aromatische producten en onze trouwe klanten kunnen instaan voor onze consistentie als het gaat om kwaliteit. We hebben ook andere\u00a0<a href=\"https:\/\/chemsxpress.com\/nl\/\">producten<\/a>\u00a0kunt u bekijken.\u00a0<a href=\"https:\/\/chemsxpress.com\/nl\/\">Neem contact met ons op<\/a>\u00a0voor meer informatie.<\/p>\n<p><a href=\"https:\/\/chemsxpress.com\/nl\/\">ChemsXpress<\/a> is toegewijd aan het ondersteunen van wetenschappelijk onderzoek en innovatie door onderzoekers toegang te bieden tot onderzoekschemicali\u00ebn van topkwaliteit. Verken onze uitgebreide catalogus van kruideninciden en begin uw wetenschappelijke reis met vertrouwen in ChemsXpress.<\/p>\n<ol>\n<li><strong>Ingredi\u00ebnten:<\/strong> Kruidenwierookproducten kunnen een breed scala aan ingredi\u00ebnten bevatten, waaronder gedroogde kruiden, bloemen, specerijen en harsen. Deze natuurlijke ingredi\u00ebnten worden vaak gecombineerd met etherische oli\u00ebn of geurstoffen om het aroma bij verbranding te versterken. Sommige kruidenwierookproducten kunnen echter ook synthetische cannabino\u00efden of andere psychoactieve stoffen bevatten, die onvoorspelbare effecten kunnen hebben.<\/li>\n<li><strong>Gebruikt:<\/strong> Kruidenwierook wordt vaak gebruikt voor aromatherapie, meditatie, ontspanning en spirituele praktijken. Het branden van kruidenwierook kan een rustgevende sfeer cre\u00ebren en een gevoel van kalmte en welzijn bevorderen. Verschillende kruiden en essenti\u00eble oli\u00ebn kunnen worden gekozen vanwege hun specifieke therapeutische eigenschappen, zoals lavendel voor ontspanning of pepermunt voor mentale helderheid.<\/li>\n<li><strong>Soorten:<\/strong> Er zijn veel verschillende soorten kruidenwierook verkrijgbaar, elk met zijn eigen unieke mix van ingredi\u00ebnten en geuren. Veel gebruikte kruiden in kruidenwierook zijn salie, lavendel, rozemarijn en wierook. Sommige kruidenwierook mengsels kunnen ook exotische of zeldzame ingredi\u00ebnten bevatten, afkomstig uit de hele wereld.<\/li>\n<\/ol>","protected":false},"excerpt":{"rendered":"<p>7h Kruidenwierook kopen 7h Kruidenwierook kopen. 7H Kruidenwierook met een sterk aroma lonkt naar degenen die willen<\/p>","protected":false},"featured_media":27956,"comment_status":"open","ping_status":"closed","template":"","meta":[],"product_brand":[],"product_cat":[73],"product_tag":[],"class_list":{"0":"post-27935","1":"product","2":"type-product","3":"status-publish","4":"has-post-thumbnail","6":"product_cat-herbal-incense","8":"first","9":"instock","10":"shipping-taxable","11":"purchasable","12":"product-type-variable"},"yoast_head":"<!-- This site is optimized with the Yoast SEO Premium plugin v24.1 (Yoast SEO v27.5) - https:\/\/yoast.com\/product\/yoast-seo-premium-wordpress\/ -->\n<title>Buy 7h Herbal Incense Premium Herbal Incense | ChemsXpress<\/title>\n<meta name=\"description\" content=\"Buy 7h Herbal Incense at ChemsXpress. Premium Herbal Incense, fast shipping. Trust our quality assurance for all your research needs. Order now\" \/>\n<meta name=\"robots\" content=\"index, follow, max-snippet:-1, max-image-preview:large, max-video-preview:-1\" \/>\n<link rel=\"canonical\" href=\"https:\/\/chemsxpress.com\/nl\/product\/7h-kruidenwierook-kopen\/\" \/>\n<meta property=\"og:locale\" content=\"nl_NL\" \/>\n<meta property=\"og:type\" content=\"article\" \/>\n<meta property=\"og:title\" content=\"7h Herbal Incense\" \/>\n<meta property=\"og:description\" content=\"Buy 7h Herbal Incense at ChemsXpress. Premium Herbal Incense, fast shipping. Trust our quality assurance for all your research needs. Order now\" \/>\n<meta property=\"og:url\" content=\"https:\/\/chemsxpress.com\/nl\/product\/7h-kruidenwierook-kopen\/\" \/>\n<meta property=\"og:site_name\" content=\"SHOP MDPHP\" \/>\n<meta property=\"article:modified_time\" content=\"2025-05-24T02:48:36+00:00\" \/>\n<meta property=\"og:image\" content=\"https:\/\/chemsxpress.com\/wp-content\/uploads\/2024\/04\/7h-herbal-incense.jpg\" \/>\n\t<meta property=\"og:image:width\" content=\"600\" \/>\n\t<meta property=\"og:image:height\" content=\"600\" \/>\n\t<meta property=\"og:image:type\" content=\"image\/jpeg\" \/>\n<meta name=\"twitter:card\" content=\"summary_large_image\" \/>\n<meta name=\"twitter:label1\" content=\"Geschatte leestijd\" \/>\n\t<meta name=\"twitter:data1\" content=\"2 minuten\" \/>\n<script type=\"application\/ld+json\" class=\"yoast-schema-graph\">{\"@context\":\"https:\\\/\\\/schema.org\",\"@graph\":[{\"@type\":\"WebPage\",\"@id\":\"https:\\\/\\\/chemsxpress.com\\\/product\\\/buy-7h-herbal-incense\\\/\",\"url\":\"https:\\\/\\\/chemsxpress.com\\\/product\\\/buy-7h-herbal-incense\\\/\",\"name\":\"Buy 7h Herbal Incense Premium Herbal Incense | ChemsXpress\",\"isPartOf\":{\"@id\":\"https:\\\/\\\/chemsxpress.com\\\/#website\"},\"primaryImageOfPage\":{\"@id\":\"https:\\\/\\\/chemsxpress.com\\\/product\\\/buy-7h-herbal-incense\\\/#primaryimage\"},\"image\":{\"@id\":\"https:\\\/\\\/chemsxpress.com\\\/product\\\/buy-7h-herbal-incense\\\/#primaryimage\"},\"thumbnailUrl\":\"https:\\\/\\\/chemsxpress.com\\\/wp-content\\\/uploads\\\/2024\\\/04\\\/7h-herbal-incense.jpg\",\"datePublished\":\"2024-04-29T13:13:20+00:00\",\"dateModified\":\"2025-05-24T02:48:36+00:00\",\"description\":\"Buy 7h Herbal Incense at ChemsXpress. Premium Herbal Incense, fast shipping. Trust our quality assurance for all your research needs. Order now\",\"breadcrumb\":{\"@id\":\"https:\\\/\\\/chemsxpress.com\\\/product\\\/buy-7h-herbal-incense\\\/#breadcrumb\"},\"inLanguage\":\"nl-NL\",\"potentialAction\":[{\"@type\":\"ReadAction\",\"target\":[\"https:\\\/\\\/chemsxpress.com\\\/product\\\/buy-7h-herbal-incense\\\/\"]}]},{\"@type\":\"ImageObject\",\"inLanguage\":\"nl-NL\",\"@id\":\"https:\\\/\\\/chemsxpress.com\\\/product\\\/buy-7h-herbal-incense\\\/#primaryimage\",\"url\":\"https:\\\/\\\/chemsxpress.com\\\/wp-content\\\/uploads\\\/2024\\\/04\\\/7h-herbal-incense.jpg\",\"contentUrl\":\"https:\\\/\\\/chemsxpress.com\\\/wp-content\\\/uploads\\\/2024\\\/04\\\/7h-herbal-incense.jpg\",\"width\":600,\"height\":600,\"caption\":\"Buy 7h Herbal Incense\"},{\"@type\":\"BreadcrumbList\",\"@id\":\"https:\\\/\\\/chemsxpress.com\\\/product\\\/buy-7h-herbal-incense\\\/#breadcrumb\",\"itemListElement\":[{\"@type\":\"ListItem\",\"position\":1,\"name\":\"Home\",\"item\":\"https:\\\/\\\/chemsxpress.com\\\/\"},{\"@type\":\"ListItem\",\"position\":2,\"name\":\"Shop\",\"item\":\"https:\\\/\\\/chemsxpress.com\\\/shop\\\/\"},{\"@type\":\"ListItem\",\"position\":3,\"name\":\"7h Herbal Incense\"}]},{\"@type\":\"WebSite\",\"@id\":\"https:\\\/\\\/chemsxpress.com\\\/#website\",\"url\":\"https:\\\/\\\/chemsxpress.com\\\/\",\"name\":\"SHOP MDPHP\",\"description\":\"Buy MDPHP freebase from reliable supplier\",\"potentialAction\":[{\"@type\":\"SearchAction\",\"target\":{\"@type\":\"EntryPoint\",\"urlTemplate\":\"https:\\\/\\\/chemsxpress.com\\\/?s={search_term_string}\"},\"query-input\":{\"@type\":\"PropertyValueSpecification\",\"valueRequired\":true,\"valueName\":\"search_term_string\"}}],\"inLanguage\":\"nl-NL\"}]}<\/script>\n<!-- \/ Yoast SEO Premium plugin. -->","yoast_head_json":{"title":"7h Kruidenwierook kopen Premium Kruidenwierook | ChemsXpress","description":"Koop 7h Kruidenwierook bij ChemsXpress. Kruidenwierook van topkwaliteit, snelle verzending. Vertrouw op onze kwaliteitsgarantie voor al je onderzoeksbehoeften. Bestel nu","robots":{"index":"index","follow":"follow","max-snippet":"max-snippet:-1","max-image-preview":"max-image-preview:large","max-video-preview":"max-video-preview:-1"},"canonical":"https:\/\/chemsxpress.com\/nl\/product\/7h-kruidenwierook-kopen\/","og_locale":"nl_NL","og_type":"article","og_title":"7h Herbal Incense","og_description":"Buy 7h Herbal Incense at ChemsXpress. Premium Herbal Incense, fast shipping. Trust our quality assurance for all your research needs. Order now","og_url":"https:\/\/chemsxpress.com\/nl\/product\/7h-kruidenwierook-kopen\/","og_site_name":"SHOP MDPHP","article_modified_time":"2025-05-24T02:48:36+00:00","og_image":[{"width":600,"height":600,"url":"https:\/\/chemsxpress.com\/wp-content\/uploads\/2024\/04\/7h-herbal-incense.jpg","type":"image\/jpeg"}],"twitter_card":"summary_large_image","twitter_misc":{"Geschatte leestijd":"2 minuten"},"schema":{"@context":"https:\/\/schema.org","@graph":[{"@type":"WebPage","@id":"https:\/\/chemsxpress.com\/product\/buy-7h-herbal-incense\/","url":"https:\/\/chemsxpress.com\/product\/buy-7h-herbal-incense\/","name":"7h Kruidenwierook kopen Premium Kruidenwierook | ChemsXpress","isPartOf":{"@id":"https:\/\/chemsxpress.com\/#website"},"primaryImageOfPage":{"@id":"https:\/\/chemsxpress.com\/product\/buy-7h-herbal-incense\/#primaryimage"},"image":{"@id":"https:\/\/chemsxpress.com\/product\/buy-7h-herbal-incense\/#primaryimage"},"thumbnailUrl":"https:\/\/chemsxpress.com\/wp-content\/uploads\/2024\/04\/7h-herbal-incense.jpg","datePublished":"2024-04-29T13:13:20+00:00","dateModified":"2025-05-24T02:48:36+00:00","description":"Koop 7h Kruidenwierook bij ChemsXpress. Kruidenwierook van topkwaliteit, snelle verzending. Vertrouw op onze kwaliteitsgarantie voor al je onderzoeksbehoeften. Bestel nu","breadcrumb":{"@id":"https:\/\/chemsxpress.com\/product\/buy-7h-herbal-incense\/#breadcrumb"},"inLanguage":"nl-NL","potentialAction":[{"@type":"ReadAction","target":["https:\/\/chemsxpress.com\/product\/buy-7h-herbal-incense\/"]}]},{"@type":"ImageObject","inLanguage":"nl-NL","@id":"https:\/\/chemsxpress.com\/product\/buy-7h-herbal-incense\/#primaryimage","url":"https:\/\/chemsxpress.com\/wp-content\/uploads\/2024\/04\/7h-herbal-incense.jpg","contentUrl":"https:\/\/chemsxpress.com\/wp-content\/uploads\/2024\/04\/7h-herbal-incense.jpg","width":600,"height":600,"caption":"Buy 7h Herbal Incense"},{"@type":"BreadcrumbList","@id":"https:\/\/chemsxpress.com\/product\/buy-7h-herbal-incense\/#breadcrumb","itemListElement":[{"@type":"ListItem","position":1,"name":"Home","item":"https:\/\/chemsxpress.com\/"},{"@type":"ListItem","position":2,"name":"Shop","item":"https:\/\/chemsxpress.com\/shop\/"},{"@type":"ListItem","position":3,"name":"7h Herbal Incense"}]},{"@type":"WebSite","@id":"https:\/\/chemsxpress.com\/#website","url":"https:\/\/chemsxpress.com\/","name":"WINKELEN MDPHP","description":"MDPHP freebase kopen bij betrouwbare leverancier","potentialAction":[{"@type":"SearchAction","target":{"@type":"EntryPoint","urlTemplate":"https:\/\/chemsxpress.com\/?s={search_term_string}"},"query-input":{"@type":"PropertyValueSpecification","valueRequired":true,"valueName":"search_term_string"}}],"inLanguage":"nl-NL"}]}},"jetpack_sharing_enabled":true,"_links":{"self":[{"href":"https:\/\/chemsxpress.com\/nl\/wp-json\/wp\/v2\/product\/27935","targetHints":{"allow":["GET"]}}],"collection":[{"href":"https:\/\/chemsxpress.com\/nl\/wp-json\/wp\/v2\/product"}],"about":[{"href":"https:\/\/chemsxpress.com\/nl\/wp-json\/wp\/v2\/types\/product"}],"replies":[{"embeddable":true,"href":"https:\/\/chemsxpress.com\/nl\/wp-json\/wp\/v2\/comments?post=27935"}],"version-history":[{"count":3,"href":"https:\/\/chemsxpress.com\/nl\/wp-json\/wp\/v2\/product\/27935\/revisions"}],"predecessor-version":[{"id":29914,"href":"https:\/\/chemsxpress.com\/nl\/wp-json\/wp\/v2\/product\/27935\/revisions\/29914"}],"wp:featuredmedia":[{"embeddable":true,"href":"https:\/\/chemsxpress.com\/nl\/wp-json\/wp\/v2\/media\/27956"}],"wp:attachment":[{"href":"https:\/\/chemsxpress.com\/nl\/wp-json\/wp\/v2\/media?parent=27935"}],"wp:term":[{"taxonomy":"product_brand","embeddable":true,"href":"https:\/\/chemsxpress.com\/nl\/wp-json\/wp\/v2\/product_brand?post=27935"},{"taxonomy":"product_cat","embeddable":true,"href":"https:\/\/chemsxpress.com\/nl\/wp-json\/wp\/v2\/product_cat?post=27935"},{"taxonomy":"product_tag","embeddable":true,"href":"https:\/\/chemsxpress.com\/nl\/wp-json\/wp\/v2\/product_tag?post=27935"}],"curies":[{"name":"wp","href":"https:\/\/api.w.org\/{rel}","templated":true}]}}