{"id":27940,"date":"2024-04-29T13:13:20","date_gmt":"2024-04-29T13:13:20","guid":{"rendered":"https:\/\/chemsxpress.com\/?post_type=product&#038;p=27940"},"modified":"2025-05-18T23:31:10","modified_gmt":"2025-05-18T23:31:10","slug":"wierook-kopen-jungle-juice-liquid","status":"publish","type":"product","link":"https:\/\/chemsxpress.com\/nl\/product\/wierook-kopen-jungle-juice-liquid\/","title":{"rendered":"Jungle Sap Vloeibaar Wierook"},"content":{"rendered":"<h1>Vloeibare Jungle Juice wierook kopen<\/h1>\n<div><\/div>\n<div>Koop Jungle Juice Vloeibare Wierook .The Original Room Odorizer Leather Cleaner 10ml. Het is zeer helder met een eigen mengsel van oli\u00ebn en aroma. <span style=\"color: #ffffff;\">Vloeibare Kruiden Wierook te koop<\/span><\/div>\n<div><\/div>\n<div>Dit is wat je hebt gemist. Het is extreem krachtig. Het heeft het rustgevende aroma dat je zoekt. Als je op zoek bent naar Liquid wierook met een hoge potentie, zoek dan niet verder. De Vloeibare kruidenwierook die je op deze website ziet, is dezelfde zak die we op je adres afleveren. De best verkopende merken Vloeibare kruiden wierook. Jungle Juice Vloeibare Wierook 10ml is Niet voor gebruik door personen onder de 18 jaar. <span class=\"___SText_17rlk-ko_\" style=\"color: #ffffff;\" data-ui-name=\"Link.Text\">jungle platina<\/span><\/div>\n<div><\/div>\n<div>Dit product is alleen bedoeld voor gebruik als aromatische potpourri. Het is niet ontworpen of bedoeld voor menselijke consumptie. Zowel de fabrikanten als de verkopers van dit product nemen geen verantwoordelijkheid voor onjuist gebruik of misbruik van dit product.<\/div>\n<div>We hebben ook andere\u00a0<a href=\"https:\/\/chemsxpress.com\/nl\/\">producten<\/a>\u00a0kunt u bekijken.\u00a0<a href=\"https:\/\/chemsxpress.com\/nl\/\">Neem contact met ons op<\/a> voor meer informatie. <span class=\"___SText_17rlk-ko_\" style=\"color: #ffffff;\" data-ui-name=\"Link.Text\">ju<\/span><\/div>\n<div>\n<ol>\n<li><strong>Ingredi\u00ebnten:<\/strong> Kruidenwierookproducten kunnen een breed scala aan ingredi\u00ebnten bevatten, waaronder gedroogde kruiden, bloemen, specerijen en harsen. Deze natuurlijke ingredi\u00ebnten worden vaak gecombineerd met etherische oli\u00ebn of geurstoffen om het aroma bij verbranding te versterken. Sommige kruidenwierookproducten kunnen echter ook synthetische cannabino\u00efden of andere psychoactieve stoffen bevatten, die onvoorspelbare effecten kunnen hebben.<\/li>\n<li><strong>Gebruikt:<\/strong> Kruidenwierook wordt vaak gebruikt voor aromatherapie, meditatie, ontspanning en spirituele praktijken. Het branden van kruidenwierook kan een rustgevende sfeer cre\u00ebren en een gevoel van kalmte en welzijn bevorderen. Verschillende kruiden en essenti\u00eble oli\u00ebn kunnen worden gekozen vanwege hun specifieke therapeutische eigenschappen, zoals lavendel voor ontspanning of pepermunt voor mentale helderheid.<\/li>\n<li><strong>Soorten:<\/strong> Er zijn veel verschillende soorten kruidenwierook verkrijgbaar, elk met zijn eigen unieke mix van ingredi\u00ebnten en geuren. Veel gebruikte kruiden in kruidenwierook zijn salie, lavendel, rozemarijn en wierook. Sommige kruidenwierook mengsels kunnen ook exotische of zeldzame ingredi\u00ebnten bevatten, afkomstig uit de hele wereld.<\/li>\n<\/ol>\n<p><span class=\"___SText_17rlk-ko_\" style=\"color: #ffffff;\" data-ui-name=\"Link.Text\">ngle platina.<\/span><\/div>","protected":false},"excerpt":{"rendered":"<p>Jungle Juice Vloeibare Wierook Kopen Jungle Juice Vloeibare Wierook .The Original Room Odorizer Leather Cleaner 10ml. Het is zeer<\/p>","protected":false},"featured_media":27958,"comment_status":"open","ping_status":"closed","template":"","meta":[],"product_brand":[],"product_cat":[73],"product_tag":[],"class_list":{"0":"post-27940","1":"product","2":"type-product","3":"status-publish","4":"has-post-thumbnail","6":"product_cat-herbal-incense","8":"first","9":"instock","10":"shipping-taxable","11":"purchasable","12":"product-type-variable"},"yoast_head":"<!-- This site is optimized with the Yoast SEO Premium plugin v24.1 (Yoast SEO v27.4) - https:\/\/yoast.com\/product\/yoast-seo-premium-wordpress\/ -->\n<title>Buy Jungle Juice Liquid Incense Premium Quality | ChemsXpress<\/title>\n<meta name=\"description\" content=\"Buy Jungle Juice Liquid Incense at ChemsXpress. Premium , fast shipping. Trust our quality assurance for all your research needs. Order now\" \/>\n<meta name=\"robots\" content=\"index, follow, max-snippet:-1, max-image-preview:large, max-video-preview:-1\" \/>\n<link rel=\"canonical\" href=\"https:\/\/chemsxpress.com\/nl\/product\/wierook-kopen-jungle-juice-liquid\/\" \/>\n<meta property=\"og:locale\" content=\"nl_NL\" \/>\n<meta property=\"og:type\" content=\"article\" \/>\n<meta property=\"og:title\" content=\"Jungle Juice Liquid Incense\" \/>\n<meta property=\"og:description\" content=\"Buy Jungle Juice Liquid Incense at ChemsXpress. Premium , fast shipping. Trust our quality assurance for all your research needs. Order now\" \/>\n<meta property=\"og:url\" content=\"https:\/\/chemsxpress.com\/nl\/product\/wierook-kopen-jungle-juice-liquid\/\" \/>\n<meta property=\"og:site_name\" content=\"SHOP MDPHP\" \/>\n<meta property=\"article:modified_time\" content=\"2025-05-18T23:31:10+00:00\" \/>\n<meta property=\"og:image\" content=\"https:\/\/chemsxpress.com\/wp-content\/uploads\/2024\/04\/jungle-juice-liquid-incense.jpg\" \/>\n\t<meta property=\"og:image:width\" content=\"800\" \/>\n\t<meta property=\"og:image:height\" content=\"800\" \/>\n\t<meta property=\"og:image:type\" content=\"image\/jpeg\" \/>\n<meta name=\"twitter:card\" content=\"summary_large_image\" \/>\n<meta name=\"twitter:label1\" content=\"Geschatte leestijd\" \/>\n\t<meta name=\"twitter:data1\" content=\"2 minuten\" \/>\n<script type=\"application\/ld+json\" class=\"yoast-schema-graph\">{\"@context\":\"https:\\\/\\\/schema.org\",\"@graph\":[{\"@type\":\"WebPage\",\"@id\":\"https:\\\/\\\/chemsxpress.com\\\/product\\\/buy-jungle-juice-liquid-incense\\\/\",\"url\":\"https:\\\/\\\/chemsxpress.com\\\/product\\\/buy-jungle-juice-liquid-incense\\\/\",\"name\":\"Buy Jungle Juice Liquid Incense Premium Quality | ChemsXpress\",\"isPartOf\":{\"@id\":\"https:\\\/\\\/chemsxpress.com\\\/#website\"},\"primaryImageOfPage\":{\"@id\":\"https:\\\/\\\/chemsxpress.com\\\/product\\\/buy-jungle-juice-liquid-incense\\\/#primaryimage\"},\"image\":{\"@id\":\"https:\\\/\\\/chemsxpress.com\\\/product\\\/buy-jungle-juice-liquid-incense\\\/#primaryimage\"},\"thumbnailUrl\":\"https:\\\/\\\/chemsxpress.com\\\/wp-content\\\/uploads\\\/2024\\\/04\\\/jungle-juice-liquid-incense.jpg\",\"datePublished\":\"2024-04-29T13:13:20+00:00\",\"dateModified\":\"2025-05-18T23:31:10+00:00\",\"description\":\"Buy Jungle Juice Liquid Incense at ChemsXpress. Premium , fast shipping. Trust our quality assurance for all your research needs. Order now\",\"breadcrumb\":{\"@id\":\"https:\\\/\\\/chemsxpress.com\\\/product\\\/buy-jungle-juice-liquid-incense\\\/#breadcrumb\"},\"inLanguage\":\"nl-NL\",\"potentialAction\":[{\"@type\":\"ReadAction\",\"target\":[\"https:\\\/\\\/chemsxpress.com\\\/product\\\/buy-jungle-juice-liquid-incense\\\/\"]}]},{\"@type\":\"ImageObject\",\"inLanguage\":\"nl-NL\",\"@id\":\"https:\\\/\\\/chemsxpress.com\\\/product\\\/buy-jungle-juice-liquid-incense\\\/#primaryimage\",\"url\":\"https:\\\/\\\/chemsxpress.com\\\/wp-content\\\/uploads\\\/2024\\\/04\\\/jungle-juice-liquid-incense.jpg\",\"contentUrl\":\"https:\\\/\\\/chemsxpress.com\\\/wp-content\\\/uploads\\\/2024\\\/04\\\/jungle-juice-liquid-incense.jpg\",\"width\":800,\"height\":800,\"caption\":\"Buy Jungle Juice Liquid Incense\"},{\"@type\":\"BreadcrumbList\",\"@id\":\"https:\\\/\\\/chemsxpress.com\\\/product\\\/buy-jungle-juice-liquid-incense\\\/#breadcrumb\",\"itemListElement\":[{\"@type\":\"ListItem\",\"position\":1,\"name\":\"Home\",\"item\":\"https:\\\/\\\/chemsxpress.com\\\/\"},{\"@type\":\"ListItem\",\"position\":2,\"name\":\"Shop\",\"item\":\"https:\\\/\\\/chemsxpress.com\\\/shop\\\/\"},{\"@type\":\"ListItem\",\"position\":3,\"name\":\"Jungle Juice Liquid Incense\"}]},{\"@type\":\"WebSite\",\"@id\":\"https:\\\/\\\/chemsxpress.com\\\/#website\",\"url\":\"https:\\\/\\\/chemsxpress.com\\\/\",\"name\":\"SHOP MDPHP\",\"description\":\"Buy MDPHP freebase from reliable supplier\",\"potentialAction\":[{\"@type\":\"SearchAction\",\"target\":{\"@type\":\"EntryPoint\",\"urlTemplate\":\"https:\\\/\\\/chemsxpress.com\\\/?s={search_term_string}\"},\"query-input\":{\"@type\":\"PropertyValueSpecification\",\"valueRequired\":true,\"valueName\":\"search_term_string\"}}],\"inLanguage\":\"nl-NL\"}]}<\/script>\n<!-- \/ Yoast SEO Premium plugin. -->","yoast_head_json":{"title":"Koop Jungle Juice Vloeibare Wierook Premium Kwaliteit | ChemsXpress","description":"Koop 7h Kruidenwierook bij ChemsXpress. Kruidenwierook van topkwaliteit, snelle verzending. Vertrouw op onze kwaliteitsgarantie voor al je onderzoeksbehoeften. Bestel nu","robots":{"index":"index","follow":"follow","max-snippet":"max-snippet:-1","max-image-preview":"max-image-preview:large","max-video-preview":"max-video-preview:-1"},"canonical":"https:\/\/chemsxpress.com\/nl\/product\/wierook-kopen-jungle-juice-liquid\/","og_locale":"nl_NL","og_type":"article","og_title":"Jungle Juice Liquid Incense","og_description":"Buy Jungle Juice Liquid Incense at ChemsXpress. Premium , fast shipping. Trust our quality assurance for all your research needs. Order now","og_url":"https:\/\/chemsxpress.com\/nl\/product\/wierook-kopen-jungle-juice-liquid\/","og_site_name":"SHOP MDPHP","article_modified_time":"2025-05-18T23:31:10+00:00","og_image":[{"width":800,"height":800,"url":"https:\/\/chemsxpress.com\/wp-content\/uploads\/2024\/04\/jungle-juice-liquid-incense.jpg","type":"image\/jpeg"}],"twitter_card":"summary_large_image","twitter_misc":{"Geschatte leestijd":"2 minuten"},"schema":{"@context":"https:\/\/schema.org","@graph":[{"@type":"WebPage","@id":"https:\/\/chemsxpress.com\/product\/buy-jungle-juice-liquid-incense\/","url":"https:\/\/chemsxpress.com\/product\/buy-jungle-juice-liquid-incense\/","name":"Koop Jungle Juice Vloeibare Wierook Premium Kwaliteit | ChemsXpress","isPartOf":{"@id":"https:\/\/chemsxpress.com\/#website"},"primaryImageOfPage":{"@id":"https:\/\/chemsxpress.com\/product\/buy-jungle-juice-liquid-incense\/#primaryimage"},"image":{"@id":"https:\/\/chemsxpress.com\/product\/buy-jungle-juice-liquid-incense\/#primaryimage"},"thumbnailUrl":"https:\/\/chemsxpress.com\/wp-content\/uploads\/2024\/04\/jungle-juice-liquid-incense.jpg","datePublished":"2024-04-29T13:13:20+00:00","dateModified":"2025-05-18T23:31:10+00:00","description":"Koop 7h Kruidenwierook bij ChemsXpress. Kruidenwierook van topkwaliteit, snelle verzending. Vertrouw op onze kwaliteitsgarantie voor al je onderzoeksbehoeften. Bestel nu","breadcrumb":{"@id":"https:\/\/chemsxpress.com\/product\/buy-jungle-juice-liquid-incense\/#breadcrumb"},"inLanguage":"nl-NL","potentialAction":[{"@type":"ReadAction","target":["https:\/\/chemsxpress.com\/product\/buy-jungle-juice-liquid-incense\/"]}]},{"@type":"ImageObject","inLanguage":"nl-NL","@id":"https:\/\/chemsxpress.com\/product\/buy-jungle-juice-liquid-incense\/#primaryimage","url":"https:\/\/chemsxpress.com\/wp-content\/uploads\/2024\/04\/jungle-juice-liquid-incense.jpg","contentUrl":"https:\/\/chemsxpress.com\/wp-content\/uploads\/2024\/04\/jungle-juice-liquid-incense.jpg","width":800,"height":800,"caption":"Buy Jungle Juice Liquid Incense"},{"@type":"BreadcrumbList","@id":"https:\/\/chemsxpress.com\/product\/buy-jungle-juice-liquid-incense\/#breadcrumb","itemListElement":[{"@type":"ListItem","position":1,"name":"Home","item":"https:\/\/chemsxpress.com\/"},{"@type":"ListItem","position":2,"name":"Shop","item":"https:\/\/chemsxpress.com\/shop\/"},{"@type":"ListItem","position":3,"name":"Jungle Juice Liquid Incense"}]},{"@type":"WebSite","@id":"https:\/\/chemsxpress.com\/#website","url":"https:\/\/chemsxpress.com\/","name":"WINKELEN MDPHP","description":"MDPHP freebase kopen bij betrouwbare leverancier","potentialAction":[{"@type":"SearchAction","target":{"@type":"EntryPoint","urlTemplate":"https:\/\/chemsxpress.com\/?s={search_term_string}"},"query-input":{"@type":"PropertyValueSpecification","valueRequired":true,"valueName":"search_term_string"}}],"inLanguage":"nl-NL"}]}},"jetpack_sharing_enabled":true,"_links":{"self":[{"href":"https:\/\/chemsxpress.com\/nl\/wp-json\/wp\/v2\/product\/27940","targetHints":{"allow":["GET"]}}],"collection":[{"href":"https:\/\/chemsxpress.com\/nl\/wp-json\/wp\/v2\/product"}],"about":[{"href":"https:\/\/chemsxpress.com\/nl\/wp-json\/wp\/v2\/types\/product"}],"replies":[{"embeddable":true,"href":"https:\/\/chemsxpress.com\/nl\/wp-json\/wp\/v2\/comments?post=27940"}],"version-history":[{"count":3,"href":"https:\/\/chemsxpress.com\/nl\/wp-json\/wp\/v2\/product\/27940\/revisions"}],"predecessor-version":[{"id":29916,"href":"https:\/\/chemsxpress.com\/nl\/wp-json\/wp\/v2\/product\/27940\/revisions\/29916"}],"wp:featuredmedia":[{"embeddable":true,"href":"https:\/\/chemsxpress.com\/nl\/wp-json\/wp\/v2\/media\/27958"}],"wp:attachment":[{"href":"https:\/\/chemsxpress.com\/nl\/wp-json\/wp\/v2\/media?parent=27940"}],"wp:term":[{"taxonomy":"product_brand","embeddable":true,"href":"https:\/\/chemsxpress.com\/nl\/wp-json\/wp\/v2\/product_brand?post=27940"},{"taxonomy":"product_cat","embeddable":true,"href":"https:\/\/chemsxpress.com\/nl\/wp-json\/wp\/v2\/product_cat?post=27940"},{"taxonomy":"product_tag","embeddable":true,"href":"https:\/\/chemsxpress.com\/nl\/wp-json\/wp\/v2\/product_tag?post=27940"}],"curies":[{"name":"wp","href":"https:\/\/api.w.org\/{rel}","templated":true}]}}