{"id":28593,"date":"2024-04-29T13:17:39","date_gmt":"2024-04-29T13:17:39","guid":{"rendered":"https:\/\/chemsxpress.com\/?post_type=product&#038;p=28593"},"modified":"2026-02-01T22:29:39","modified_gmt":"2026-02-01T22:29:39","slug":"dsmt-hcl-kopen-2","status":"publish","type":"product","link":"https:\/\/chemsxpress.com\/nl\/product\/dsmt-hcl-kopen-2\/","title":{"rendered":"O-DSMT HCL"},"content":{"rendered":"<h1>O-DSMT HCL kopen<\/h1>\n<h2><strong>Algemene informatie over O-DSMT HCL<\/strong><\/h2>\n<p>O-DSMT HCL kopen, O-Desmethyltramadolhydrochloride (O-DSMT HCl) is een chemische stof voor onderzoek die structureel verwant is aan tramadol. Het is algemeen bekend onder andere namen, zoals desmetramadol of O-dsmt. O-DSMT is een metaboliet van tramadol.<\/p>\n<p><strong>O-DSMT poeder\u00a0<\/strong>is onderzocht op zijn specifieke eigenschappen en er is aangetoond dat het vergelijkbare effecten heeft als tramadol. Het werkt fundamenteel als een mu-opio\u00efde receptoragonist, die de mu-opio\u00efde receptoren bindt en activeert.<\/p>\n<p>Als chemisch onderzoek<strong>O-DSMT HCl<\/strong>\u00a0kan worden verkregen via gespecialiseerde verkopers of leveranciers die zich richten op de onderzoeksgemeenschap. Onderzoekers kunnen het gebruiken om de farmacologische eigenschappen te onderzoeken, de effecten te analyseren of de potenti\u00eble toepassingen op verschillende gebieden te verkennen.<\/p>\n<p>Opgemerkt moet worden dat de specifieke farmacologische eigenschappen en mechanismen van O-DSMT nog steeds onderzocht worden en dat verder onderzoek nodig is om de werking en mogelijke effecten volledig te begrijpen. Bovendien kunnen de farmacokinetiek, het metabolisme en het veiligheidsprofiel van O-DSMT per onderzoek verschillen.<\/p>\n<h3><strong>Chemische samenstelling van O-DSMT HCL<\/strong><\/h3>\n<p>De chemische samenstelling van O-Desmethyltramadolhydrochloride (O-DSMT HCl) is als volgt:<\/p>\n<p>&nbsp;<\/p>\n<ol>\n<li>O-Desmethyltramadol (O-DSMT): Het belangrijkste werkzame bestanddeel van O-DSMT HCl is O-Desmethyltramadol, de belangrijkste metaboliet van tramadol. O-DSMT is structureel verwant aan tramadol, maar mist de N-methylgroep van de ouderverbinding.<\/li>\n<\/ol>\n<p>&nbsp;<\/p>\n<ol start=\"2\">\n<li>Hydrochloride (HCl): O-DSMT wordt gewoonlijk toegediend als een hydrochloridezout, bekend als O-DSMT HCl. Het toevoegen van hydrochloride aan O-DSMT verbetert de stabiliteit en oplosbaarheid, waardoor het geschikt is voor onderzoek.<\/li>\n<\/ol>\n<p>&nbsp;<\/p>\n<p>De chemische structuur van O-Desmethyltramadol (O-DSMT) lijkt op die van tramadol, maar de N-methylgroep ontbreekt. Het kan worden weergegeven als:<\/p>\n<p>&nbsp;<\/p>\n<p>O-Desmethyltramadol (O-DSMT):<\/p>\n<p><strong>Chemische formule<\/strong>: C15H23NO2<\/p>\n<p>Deze formule geeft aan dat O-DSMT HCL bestaat uit vijftien koolstofatomen (C15), drie\u00ebntwintig waterstofatomen (H23), \u00e9\u00e9n stikstofatoom (N) en twee zuurstofatomen (O2).<\/p>\n<p>Molecuulgewicht: Ongeveer 249,35 g\/mol<\/p>\n<p>Molecuulgewicht: Varieert (Het gewicht van het HCl-deel wordt toegevoegd aan het gewicht van O-DSMT om O-DSMT HCl te vormen)<\/p>\n<p>&nbsp;<\/p>\n<p>&nbsp;<\/p>\n<h3><strong>O-DSMT HCL van hoge kwaliteit kopen.<\/strong><\/h3>\n<p><strong>ChemsXpress <\/strong>heeft vele jaren ervaring in de chemische ontwerpindustrie, waardoor we de beste onderzoekschemicali\u00ebn kunnen garanderen.\u00a0<strong>O-DSMT HCL kopen<\/strong>\u00a0is eenvoudig en heeft topkwaliteit. De kosten van O-DSMT HCL zijn lager dan die van andere organisaties. Onderzoekschemicali\u00ebn, waaronder O-DSMT HCL, voldoen aan alle veiligheidseisen. Synthetische stoffen voor onderzoek worden zorgvuldig gedistribueerd en opgeslagen op een koele, droge plaats.<\/p>\n<p>.<\/p>\n<p>Alle chemicali\u00ebn worden consequent beoordeeld op kwaliteit, veiligheid en zuiverheid. Bewaar O-DSMT HCL bij kamertemperatuur. Het is als het ware voor onderzoeksdoeleinden.<\/p>\n<p>Onze items hebben een eerlijke prijs, en u kunt O-DSMT HCL onderzoek stof online te kopen tegen uitzonderlijk bescheiden tarieven<strong>.<\/strong><\/p>\n<p>&nbsp;<\/p>\n<h3><strong>In het laboratorium getest op O-DSMT HCL met resultaten.<\/strong><\/h3>\n<p>Remakes streeft naar de algemene tevredenheid van zijn klanten. Verschillende onderzoeken hebben aangetoond dat klanten om zoveel mogelijk gegevens vragen voordat ze synthetische onderzoekschemicali\u00ebn kopen. Bovendien publiceren we alle labgevolgen van elke onderzoeksverbinding in een PDF-bestand.<\/p>\n<p>Onze\u00a0<strong>O-DSMT HCL\u00a0<\/strong>voldoet consequent aan de actieve ingredi\u00ebnten en is voor iedereen zichtbaar.<\/p>\n<p>We verspreiden alle labgevolgen van elk chemisch onderzoek in een PDF-document.<\/p>\n<p>&nbsp;<\/p>\n<h3><strong>Bestel veilig bij O-DSMT poeder.<\/strong><\/h3>\n<p>Chems Xpress designer research chemicals zijn van uitstekende kwaliteit en hebben een eerlijke prijs. Daarom, wanneer u uw <a href=\"https:\/\/chemsxpress.com\/nl\/productcategorie\/onderzoekschemicalien\/\">onderzoekschemicali\u00ebn<\/a> Bij ChemsXpress garanderen we dat we uw aanvraag snel en veilig naar uw onderzoekslaboratorium zullen brengen, omdat de verkoop van chemische stoffen voor onderzoek altijd beschikbaar is bij Chems Xpress.<\/p>\n<p>Het aanvragen van synthetische onderzoeksverbindingen met Bitcoin of bankoverschrijving is eenvoudig bij Panacea Chems.<\/p>\n<p>We verzenden onderzoekschemicali\u00ebn op dezelfde werkdag als de betaling voor 15:00 PM CEST is ontvangen.<\/p>\n<p>We leveren geen artikelen aan mensen jonger dan 18!<\/p>\n<p><strong>O-DSMT te koop<\/strong>\u00a0is alleen voor onderzoeksdoeleinden.<\/p>\n<p>&nbsp;<\/p>\n<h3><strong>Discreet verzenden van onderzoekschemicali\u00ebn.<\/strong><\/h3>\n<p>Panacea Chems zal uw bestelling veilig verpakken om een goed transport te garanderen. Bovendien verpakken we perfect onzichtbaar en is er aan de buitenkant niets te zien van wat erin zou kunnen zitten.<\/p>","protected":false},"excerpt":{"rendered":"<p><strong>IUPAC-naam: <\/strong>3-(2-(dimethylamino)methyl)-1-hydroxycyclohexyl)fenol<\/p>\n<p><strong>CAS # <\/strong>80456-81-1<\/p>\n<p><strong>Andere naam: <\/strong>O-Desmethyltramadol<\/p>\n<p><strong>Uiterlijk: <\/strong>poeder<\/p>\n<p><strong>NMR analyse: <\/strong>C15H23NO2<\/p>","protected":false},"featured_media":28676,"comment_status":"open","ping_status":"closed","template":"","meta":[],"product_brand":[],"product_cat":[82],"product_tag":[],"class_list":{"0":"post-28593","1":"product","2":"type-product","3":"status-publish","4":"has-post-thumbnail","6":"product_cat-others","8":"first","9":"instock","10":"shipping-taxable","11":"purchasable","12":"product-type-variable"},"yoast_head":"<!-- This site is optimized with the Yoast SEO Premium plugin v24.1 (Yoast SEO v27.4) - https:\/\/yoast.com\/product\/yoast-seo-premium-wordpress\/ -->\n<title>Buy O-DSMT HCL Online: Premium Quality RC&#039;s at ChemsXpress<\/title>\n<meta name=\"description\" content=\"Discover O-DSMT HCL at ChemsXpress. Premium research chemicals, fast shipping. Trust our quality assurance for all your research needs. Order now\" \/>\n<meta name=\"robots\" content=\"index, follow, max-snippet:-1, max-image-preview:large, max-video-preview:-1\" \/>\n<link rel=\"canonical\" href=\"https:\/\/chemsxpress.com\/nl\/product\/dsmt-hcl-kopen-2\/\" \/>\n<meta property=\"og:locale\" content=\"nl_NL\" \/>\n<meta property=\"og:type\" content=\"article\" \/>\n<meta property=\"og:title\" content=\"O-DSMT HCL\" \/>\n<meta property=\"og:description\" content=\"Discover O-DSMT HCL at ChemsXpress. Premium research chemicals, fast shipping. Trust our quality assurance for all your research needs. Order now\" \/>\n<meta property=\"og:url\" content=\"https:\/\/chemsxpress.com\/nl\/product\/dsmt-hcl-kopen-2\/\" \/>\n<meta property=\"og:site_name\" content=\"SHOP MDPHP\" \/>\n<meta property=\"article:modified_time\" content=\"2026-02-01T22:29:39+00:00\" \/>\n<meta property=\"og:image\" content=\"https:\/\/chemsxpress.com\/wp-content\/uploads\/2024\/04\/O-DSMT-HCL.jpg\" \/>\n\t<meta property=\"og:image:width\" content=\"600\" \/>\n\t<meta property=\"og:image:height\" content=\"600\" \/>\n\t<meta property=\"og:image:type\" content=\"image\/jpeg\" \/>\n<meta name=\"twitter:card\" content=\"summary_large_image\" \/>\n<meta name=\"twitter:label1\" content=\"Geschatte leestijd\" \/>\n\t<meta name=\"twitter:data1\" content=\"3 minuten\" \/>\n<script type=\"application\/ld+json\" class=\"yoast-schema-graph\">{\"@context\":\"https:\\\/\\\/schema.org\",\"@graph\":[{\"@type\":\"WebPage\",\"@id\":\"https:\\\/\\\/chemsxpress.com\\\/product\\\/buy-o-dsmt-hcl\\\/\",\"url\":\"https:\\\/\\\/chemsxpress.com\\\/product\\\/buy-o-dsmt-hcl\\\/\",\"name\":\"Buy O-DSMT HCL Online: Premium Quality RC's at ChemsXpress\",\"isPartOf\":{\"@id\":\"https:\\\/\\\/chemsxpress.com\\\/#website\"},\"primaryImageOfPage\":{\"@id\":\"https:\\\/\\\/chemsxpress.com\\\/product\\\/buy-o-dsmt-hcl\\\/#primaryimage\"},\"image\":{\"@id\":\"https:\\\/\\\/chemsxpress.com\\\/product\\\/buy-o-dsmt-hcl\\\/#primaryimage\"},\"thumbnailUrl\":\"https:\\\/\\\/chemsxpress.com\\\/wp-content\\\/uploads\\\/2024\\\/04\\\/O-DSMT-HCL.jpg\",\"datePublished\":\"2024-04-29T13:17:39+00:00\",\"dateModified\":\"2026-02-01T22:29:39+00:00\",\"description\":\"Discover O-DSMT HCL at ChemsXpress. Premium research chemicals, fast shipping. Trust our quality assurance for all your research needs. Order now\",\"breadcrumb\":{\"@id\":\"https:\\\/\\\/chemsxpress.com\\\/product\\\/buy-o-dsmt-hcl\\\/#breadcrumb\"},\"inLanguage\":\"nl-NL\",\"potentialAction\":[{\"@type\":\"ReadAction\",\"target\":[\"https:\\\/\\\/chemsxpress.com\\\/product\\\/buy-o-dsmt-hcl\\\/\"]}]},{\"@type\":\"ImageObject\",\"inLanguage\":\"nl-NL\",\"@id\":\"https:\\\/\\\/chemsxpress.com\\\/product\\\/buy-o-dsmt-hcl\\\/#primaryimage\",\"url\":\"https:\\\/\\\/chemsxpress.com\\\/wp-content\\\/uploads\\\/2024\\\/04\\\/O-DSMT-HCL.jpg\",\"contentUrl\":\"https:\\\/\\\/chemsxpress.com\\\/wp-content\\\/uploads\\\/2024\\\/04\\\/O-DSMT-HCL.jpg\",\"width\":600,\"height\":600,\"caption\":\"Buy O-DSMT HCL\"},{\"@type\":\"BreadcrumbList\",\"@id\":\"https:\\\/\\\/chemsxpress.com\\\/product\\\/buy-o-dsmt-hcl\\\/#breadcrumb\",\"itemListElement\":[{\"@type\":\"ListItem\",\"position\":1,\"name\":\"Home\",\"item\":\"https:\\\/\\\/chemsxpress.com\\\/\"},{\"@type\":\"ListItem\",\"position\":2,\"name\":\"Shop\",\"item\":\"https:\\\/\\\/chemsxpress.com\\\/shop\\\/\"},{\"@type\":\"ListItem\",\"position\":3,\"name\":\"O-DSMT HCL\"}]},{\"@type\":\"WebSite\",\"@id\":\"https:\\\/\\\/chemsxpress.com\\\/#website\",\"url\":\"https:\\\/\\\/chemsxpress.com\\\/\",\"name\":\"SHOP MDPHP\",\"description\":\"Buy MDPHP freebase from reliable supplier\",\"potentialAction\":[{\"@type\":\"SearchAction\",\"target\":{\"@type\":\"EntryPoint\",\"urlTemplate\":\"https:\\\/\\\/chemsxpress.com\\\/?s={search_term_string}\"},\"query-input\":{\"@type\":\"PropertyValueSpecification\",\"valueRequired\":true,\"valueName\":\"search_term_string\"}}],\"inLanguage\":\"nl-NL\"}]}<\/script>\n<!-- \/ Yoast SEO Premium plugin. -->","yoast_head_json":{"title":"Koop O-DSMT HCL online: RC's van topkwaliteit bij ChemsXpress","description":"Ontdek Deschloroetizolam bij ChemsXpress. Eersteklas onderzoekschemicali\u00ebn, snelle verzending. Vertrouw op onze kwaliteitsgarantie voor al uw onderzoeksbehoeften. Bestel nu","robots":{"index":"index","follow":"follow","max-snippet":"max-snippet:-1","max-image-preview":"max-image-preview:large","max-video-preview":"max-video-preview:-1"},"canonical":"https:\/\/chemsxpress.com\/nl\/product\/dsmt-hcl-kopen-2\/","og_locale":"nl_NL","og_type":"article","og_title":"O-DSMT HCL","og_description":"Discover O-DSMT HCL at ChemsXpress. Premium research chemicals, fast shipping. Trust our quality assurance for all your research needs. Order now","og_url":"https:\/\/chemsxpress.com\/nl\/product\/dsmt-hcl-kopen-2\/","og_site_name":"SHOP MDPHP","article_modified_time":"2026-02-01T22:29:39+00:00","og_image":[{"width":600,"height":600,"url":"https:\/\/chemsxpress.com\/wp-content\/uploads\/2024\/04\/O-DSMT-HCL.jpg","type":"image\/jpeg"}],"twitter_card":"summary_large_image","twitter_misc":{"Geschatte leestijd":"3 minuten"},"schema":{"@context":"https:\/\/schema.org","@graph":[{"@type":"WebPage","@id":"https:\/\/chemsxpress.com\/product\/buy-o-dsmt-hcl\/","url":"https:\/\/chemsxpress.com\/product\/buy-o-dsmt-hcl\/","name":"Koop O-DSMT HCL online: RC's van topkwaliteit bij ChemsXpress","isPartOf":{"@id":"https:\/\/chemsxpress.com\/#website"},"primaryImageOfPage":{"@id":"https:\/\/chemsxpress.com\/product\/buy-o-dsmt-hcl\/#primaryimage"},"image":{"@id":"https:\/\/chemsxpress.com\/product\/buy-o-dsmt-hcl\/#primaryimage"},"thumbnailUrl":"https:\/\/chemsxpress.com\/wp-content\/uploads\/2024\/04\/O-DSMT-HCL.jpg","datePublished":"2024-04-29T13:17:39+00:00","dateModified":"2026-02-01T22:29:39+00:00","description":"Ontdek Deschloroetizolam bij ChemsXpress. Eersteklas onderzoekschemicali\u00ebn, snelle verzending. Vertrouw op onze kwaliteitsgarantie voor al uw onderzoeksbehoeften. Bestel nu","breadcrumb":{"@id":"https:\/\/chemsxpress.com\/product\/buy-o-dsmt-hcl\/#breadcrumb"},"inLanguage":"nl-NL","potentialAction":[{"@type":"ReadAction","target":["https:\/\/chemsxpress.com\/product\/buy-o-dsmt-hcl\/"]}]},{"@type":"ImageObject","inLanguage":"nl-NL","@id":"https:\/\/chemsxpress.com\/product\/buy-o-dsmt-hcl\/#primaryimage","url":"https:\/\/chemsxpress.com\/wp-content\/uploads\/2024\/04\/O-DSMT-HCL.jpg","contentUrl":"https:\/\/chemsxpress.com\/wp-content\/uploads\/2024\/04\/O-DSMT-HCL.jpg","width":600,"height":600,"caption":"Buy O-DSMT HCL"},{"@type":"BreadcrumbList","@id":"https:\/\/chemsxpress.com\/product\/buy-o-dsmt-hcl\/#breadcrumb","itemListElement":[{"@type":"ListItem","position":1,"name":"Home","item":"https:\/\/chemsxpress.com\/"},{"@type":"ListItem","position":2,"name":"Shop","item":"https:\/\/chemsxpress.com\/shop\/"},{"@type":"ListItem","position":3,"name":"O-DSMT HCL"}]},{"@type":"WebSite","@id":"https:\/\/chemsxpress.com\/#website","url":"https:\/\/chemsxpress.com\/","name":"WINKELEN MDPHP","description":"MDPHP freebase kopen bij betrouwbare leverancier","potentialAction":[{"@type":"SearchAction","target":{"@type":"EntryPoint","urlTemplate":"https:\/\/chemsxpress.com\/?s={search_term_string}"},"query-input":{"@type":"PropertyValueSpecification","valueRequired":true,"valueName":"search_term_string"}}],"inLanguage":"nl-NL"}]}},"jetpack_sharing_enabled":true,"_links":{"self":[{"href":"https:\/\/chemsxpress.com\/nl\/wp-json\/wp\/v2\/product\/28593","targetHints":{"allow":["GET"]}}],"collection":[{"href":"https:\/\/chemsxpress.com\/nl\/wp-json\/wp\/v2\/product"}],"about":[{"href":"https:\/\/chemsxpress.com\/nl\/wp-json\/wp\/v2\/types\/product"}],"replies":[{"embeddable":true,"href":"https:\/\/chemsxpress.com\/nl\/wp-json\/wp\/v2\/comments?post=28593"}],"version-history":[{"count":4,"href":"https:\/\/chemsxpress.com\/nl\/wp-json\/wp\/v2\/product\/28593\/revisions"}],"predecessor-version":[{"id":30045,"href":"https:\/\/chemsxpress.com\/nl\/wp-json\/wp\/v2\/product\/28593\/revisions\/30045"}],"wp:featuredmedia":[{"embeddable":true,"href":"https:\/\/chemsxpress.com\/nl\/wp-json\/wp\/v2\/media\/28676"}],"wp:attachment":[{"href":"https:\/\/chemsxpress.com\/nl\/wp-json\/wp\/v2\/media?parent=28593"}],"wp:term":[{"taxonomy":"product_brand","embeddable":true,"href":"https:\/\/chemsxpress.com\/nl\/wp-json\/wp\/v2\/product_brand?post=28593"},{"taxonomy":"product_cat","embeddable":true,"href":"https:\/\/chemsxpress.com\/nl\/wp-json\/wp\/v2\/product_cat?post=28593"},{"taxonomy":"product_tag","embeddable":true,"href":"https:\/\/chemsxpress.com\/nl\/wp-json\/wp\/v2\/product_tag?post=28593"}],"curies":[{"name":"wp","href":"https:\/\/api.w.org\/{rel}","templated":true}]}}