{"id":29010,"date":"2024-04-29T13:20:19","date_gmt":"2024-04-29T13:20:19","guid":{"rendered":"https:\/\/chemsxpress.com\/?post_type=product&#038;p=29010"},"modified":"2024-07-04T22:02:16","modified_gmt":"2024-07-04T22:02:16","slug":"5-meo-dmt-freebase-kopen","status":"publish","type":"product","link":"https:\/\/chemsxpress.com\/nl\/product\/5-meo-dmt-freebase-kopen\/","title":{"rendered":"5-MeO-DMT vrije base"},"content":{"rendered":"<h2><strong>Algemene informatie over 5-MeO-DMT vrije base kopen<\/strong><\/h2>\n<p>5-Meo-DMT freebase kopen is een chemisch psychedelicum van de tryptamine klasse, vier tot meerdere malen indrukwekkender dan zijn bekendere neef, DMT (N, N-dimethyltryptamine).<\/p>\n<p>Het lijkt te worden opgespoord in een grote verscheidenheid aan bomen en struiken, vaak in de buurt van DMT en bufotenine (5-HO-DMT), evenals een soort kikker. 5-Meo-DMT freebase kan ook synthetisch geproduceerd worden.<\/p>\n<p>In Midden- en Zuid-Amerika wordt 5-MeO-DMT freebase het vaakst verkregen uit Anadenanthera peregrine en Virola theiodora - die twee worden over het algemeen verzameld om psychoactieve snuiftabak van te maken.<\/p>\n<p>Het wordt ook gevonden in het gladde witte gif van de Sonorawoestijnkikker, die voorkomt in het zuidwesten van de VS en het noordwesten van Mexico. Het oogsten van gif heeft de populatie van bewoners van deze van nature kwetsbare soort onder druk gezet. Het is nu geregistreerd als bedreigd of plaatselijk waargenomen in een paar staten in de VS. Het zoeken naar mogelijke bronnen van 5-MeO DMT, bijvoorbeeld synthetische of van planten afgeleide versies, wordt voorgesteld.<\/p>\n<h3><strong>Chemische samenstelling van 5-MeO-DMT vrije base<\/strong><\/h3>\n<p>2-(5-methoxy-1H-indol-3-yl)-N,N-dimethylethanamine (5-methoxy-N,N-dimethyltryptamine, afgekort 5-MeO-DMT) is een tryptaminealkalo\u00efde, een zoetgeurende ether en een tertiair amine met een subatomaire lading van 218,298 g\/mol en de chemische formule C<sub>13<\/sub>H<sub>18<\/sub>N<sub>2<\/sub>O. Als vrije base is 5-MeO-DMT een witte sterke stof met een vloeibaar wordend punt van 69,5 \u00b0C. De oplosbaarheid in water is &gt;32,7 \u03bcg\/mL.<\/p>\n<h3><strong>Farmacologie 5-MeO-DMT chemisch onderzoek<\/strong><\/h3>\n<p>Net als de andere tryptaminen heeft 5-MeO-DMT freebase kopen een basisstructuur die lijkt op die van DMT, maar het heeft een methoxystreng in de R5 positie. Het werkt in principe als serotonine (5-HT) receptor agonist, met een specifieke beperkende voorliefde voor het 5-HT1A receptor subtype. Het bindt zich aan 5-HT2A en volgt aminereceptoren, mogelijk hallucinogene effecten medi\u00ebrend met behulp van de laatste. Heropname remming van neurotransmitters, bijvoorbeeld noradrenaline en dopamine, worden ook betrokken bij het vermogen van 5-MeO-DMT.<\/p>\n<h3><strong>Hoogwaardige 5-MeO-DMT kopen<\/strong><\/h3>\n<p>TRRCSHOP heeft vele jaren ervaring in de <a href=\"https:\/\/chemsxpress.com\/nl\/productcategorie\/onderzoekschemicalien\/\">chemisch onderzoek<\/a> ontwerper industrie, waardoor we de hoogste kwaliteit van deze onderzoekschemicali\u00ebn kunnen garanderen. Het onderzoekschemicali\u00ebnteam verkoopt 5-MeO-DMT freebase kopen. Onderzoekschemicali\u00ebn, waaronder 5-MeO-DMT freebases, voldoen aan alle veiligheidseisen. Onderzoekschemicali\u00ebn worden zorgvuldig gedistribueerd en opgeslagen op een koele, droge plaats.<\/p>\n<p>Alle producten worden regelmatig gecontroleerd op kwaliteit, zuiverheid en veiligheid. Bewaar 5-MeO-DMT freebase altijd op kamertemperatuur en buiten bereik van kinderen en huisdieren. Onze 5-MeO-DMT freebase is niet bedoeld voor persoonlijk gebruik. Het is alleen voor onderzoeksdoeleinden.<\/p>\n<p>Het mag niet worden gemengd met alcohol of onderzoekschemicali\u00ebn tijdens het onderzoek naar deze chemische stof!<\/p>\n<p>Al onze producten hebben een eerlijke prijs!<\/p>\n<h3><strong>In het laboratorium geteste 5-MeO-DMT freebase met resultaten.<\/strong><\/h3>\n<p>Remakes streeft naar de algemene tevredenheid van zijn klanten. Verschillende onderzoeken hebben aangetoond dat klanten om zoveel mogelijk gegevens vragen voordat ze synthetische onderzoekschemicali\u00ebn kopen. Bovendien publiceren we alle labgevolgen van elke onderzoeksverbinding in een PDF-bestand.<\/p>\n<p>Onze 5-MeO-DMT freebase voldoet consequent aan de werkzame bestanddelen en is voor iedereen direct zichtbaar.<\/p>\n<p>We verspreiden alle labgevolgen van elk chemisch onderzoek in een PDF-document.<\/p>\n<h3><strong>Veilig bestellen bij 5-MeO-DMT freebase.<\/strong><\/h3>\n<p>TRRCSHOP designer research chemicals zijn van uitstekende kwaliteit en hebben een eerlijke prijs. Daarom, wanneer u uw\u00a0<strong>5-MeO-DMT vrije base\u00a0<\/strong>Bij TRRCSHOP garanderen we dat we uw aanvraag snel en veilig bij u thuis afleveren.<\/p>\n<p>Het aanvragen van synthetische onderzoeksverbindingen met Bitcoin of bankoverschrijving is eenvoudig bij de TRRCSHOP.<\/p>\n<p>We verzenden 5-MeO-DMT freebase op dezelfde werkdag als de betaling is ontvangen voor 14:00 PM CEST. We verzenden meestal niet op zaterdag, zondag of nationale\/internationale feestdagen.<strong>.<\/strong><\/p>\n<h3><strong>Discreet verzenden van onderzoekschemicali\u00ebn.<\/strong><\/h3>\n<p>Hoewel designer onderzoekschemicali\u00ebn legaal online verkrijgbaar zijn, leveren wij bij Rchemshop het veiligst en redelijkst. Bovendien verpakken we de verpakking perfect onzichtbaar, zodat er aan de buitenkant niets te zien is van wat er in de verpakking zou kunnen zitten.<\/p>\n<p>We verzenden bestellingen van meer dan 500 euro met track and follow zodat je je bundel progressief kunt volgen. We verzenden bestellingen van meer dan 500 euro met de toegankelijke route.<\/p>\n<p>We leveren geen artikelen aan mensen jonger dan 18!<\/p>\n<h3><strong>Voorzorgsmaatregelen<\/strong><\/h3>\n<ul>\n<li>Koop 5-MeO-DMT research chemical de juiste individuele beschermingsmiddelen zoals een veiligheidsbril en handschoenen. Reinig en verzorg ze op de juiste manier. Volg veilige systemen wanneer je omgaat met chemische stoffen voor onderzoek en neem geen kortere weg.<\/li>\n<li>Als de chemische stof uit het onderzoek in contact komt met de ogen, spoel dan goed en verwijder contactlenzen als dit van fundamenteel belang is.<\/li>\n<li>Probeer een masker te gebruiken tijdens het gebruik van deze chemicali\u00ebn, zodat ze niet in je kunnen komen terwijl je ademt.<\/li>\n<li>Zoals de ondersteunde methodes aangeven, moet je gevaarlijke materialen veilig behandelen, opslaan en afvoeren. Giet ze nooit in riolen of kanalen.<\/li>\n<li>Bewaar chemische stoffen voor onderzoek op de juiste manier, zoals aangegeven op de naam. Brandbare chemicali\u00ebn moeten worden opgeborgen in uitstekende, droge cannabis uit de buurt van intensiteit en daglicht. Enkele synthetische stoffen, zoals zuren, moeten onafhankelijk van elkaar worden opgeborgen.<\/li>\n<li><a href=\"https:\/\/chemsxpress.com\/nl\/\">ChemsXpres<\/a>wordt aangeboden voor onderzoeksdoeleinden; menselijke consumptie is ten strengste verboden.<\/li>\n<\/ul>","protected":false},"excerpt":{"rendered":"<p><strong>IUPAC-naam: <\/strong>2-(5-methoxy-1H-indol-3-yl)-N,N-dimethylethaanamine<\/p>\n<p><strong>CAS # <\/strong>1019-45-0<\/p>\n<p><strong>Andere naam: <\/strong>5-methoxy-N,N-dimethyltryptamine<\/p>\n<p><strong>Uiterlijk: <\/strong>poeder<\/p>\n<p><strong>Vorm: <\/strong>freebase<\/p>\n<p><strong>NMR analyse: <\/strong>C13H18N2O<\/p>","protected":false},"featured_media":29078,"comment_status":"open","ping_status":"closed","template":"","meta":[],"product_brand":[],"product_cat":[92],"product_tag":[],"class_list":{"0":"post-29010","1":"product","2":"type-product","3":"status-publish","4":"has-post-thumbnail","6":"product_cat-tryptamines","8":"first","9":"instock","10":"shipping-taxable","11":"purchasable","12":"product-type-variable"},"yoast_head":"<!-- This site is optimized with the Yoast SEO Premium plugin v24.1 (Yoast SEO v27.4) - https:\/\/yoast.com\/product\/yoast-seo-premium-wordpress\/ -->\n<title>Buy 5-MEO-DMT Freebase: Premium Quality RC&#039;s | ChemsXpress<\/title>\n<meta name=\"description\" content=\"Explore 5-MEO-DMT freebase at ChemsXpress. Premium research chemicals, fast shipping. Trust our quality assurance for all your research needs. Order now\" \/>\n<meta name=\"robots\" content=\"index, follow, max-snippet:-1, max-image-preview:large, max-video-preview:-1\" \/>\n<link rel=\"canonical\" href=\"https:\/\/chemsxpress.com\/nl\/product\/5-meo-dmt-freebase-kopen\/\" \/>\n<meta property=\"og:locale\" content=\"nl_NL\" \/>\n<meta property=\"og:type\" content=\"article\" \/>\n<meta property=\"og:title\" content=\"5-MeO-DMT freebase\" \/>\n<meta property=\"og:description\" content=\"Explore 5-MEO-DMT freebase at ChemsXpress. Premium research chemicals, fast shipping. Trust our quality assurance for all your research needs. Order now\" \/>\n<meta property=\"og:url\" content=\"https:\/\/chemsxpress.com\/nl\/product\/5-meo-dmt-freebase-kopen\/\" \/>\n<meta property=\"og:site_name\" content=\"SHOP MDPHP\" \/>\n<meta property=\"article:modified_time\" content=\"2024-07-04T22:02:16+00:00\" \/>\n<meta property=\"og:image\" content=\"https:\/\/chemsxpress.com\/wp-content\/uploads\/2024\/04\/5-MeO-DMT-freebase.jpg\" \/>\n\t<meta property=\"og:image:width\" content=\"600\" \/>\n\t<meta property=\"og:image:height\" content=\"600\" \/>\n\t<meta property=\"og:image:type\" content=\"image\/jpeg\" \/>\n<meta name=\"twitter:card\" content=\"summary_large_image\" \/>\n<meta name=\"twitter:label1\" content=\"Geschatte leestijd\" \/>\n\t<meta name=\"twitter:data1\" content=\"4 minuten\" \/>\n<script type=\"application\/ld+json\" class=\"yoast-schema-graph\">{\"@context\":\"https:\\\/\\\/schema.org\",\"@graph\":[{\"@type\":\"WebPage\",\"@id\":\"https:\\\/\\\/chemsxpress.com\\\/product\\\/buy-5-meo-dmt-freebase\\\/\",\"url\":\"https:\\\/\\\/chemsxpress.com\\\/product\\\/buy-5-meo-dmt-freebase\\\/\",\"name\":\"Buy 5-MEO-DMT Freebase: Premium Quality RC's | ChemsXpress\",\"isPartOf\":{\"@id\":\"https:\\\/\\\/chemsxpress.com\\\/#website\"},\"primaryImageOfPage\":{\"@id\":\"https:\\\/\\\/chemsxpress.com\\\/product\\\/buy-5-meo-dmt-freebase\\\/#primaryimage\"},\"image\":{\"@id\":\"https:\\\/\\\/chemsxpress.com\\\/product\\\/buy-5-meo-dmt-freebase\\\/#primaryimage\"},\"thumbnailUrl\":\"https:\\\/\\\/chemsxpress.com\\\/wp-content\\\/uploads\\\/2024\\\/04\\\/5-MeO-DMT-freebase.jpg\",\"datePublished\":\"2024-04-29T13:20:19+00:00\",\"dateModified\":\"2024-07-04T22:02:16+00:00\",\"description\":\"Explore 5-MEO-DMT freebase at ChemsXpress. Premium research chemicals, fast shipping. Trust our quality assurance for all your research needs. Order now\",\"breadcrumb\":{\"@id\":\"https:\\\/\\\/chemsxpress.com\\\/product\\\/buy-5-meo-dmt-freebase\\\/#breadcrumb\"},\"inLanguage\":\"nl-NL\",\"potentialAction\":[{\"@type\":\"ReadAction\",\"target\":[\"https:\\\/\\\/chemsxpress.com\\\/product\\\/buy-5-meo-dmt-freebase\\\/\"]}]},{\"@type\":\"ImageObject\",\"inLanguage\":\"nl-NL\",\"@id\":\"https:\\\/\\\/chemsxpress.com\\\/product\\\/buy-5-meo-dmt-freebase\\\/#primaryimage\",\"url\":\"https:\\\/\\\/chemsxpress.com\\\/wp-content\\\/uploads\\\/2024\\\/04\\\/5-MeO-DMT-freebase.jpg\",\"contentUrl\":\"https:\\\/\\\/chemsxpress.com\\\/wp-content\\\/uploads\\\/2024\\\/04\\\/5-MeO-DMT-freebase.jpg\",\"width\":600,\"height\":600,\"caption\":\"Buy 5-Meo-DMT freebase\"},{\"@type\":\"BreadcrumbList\",\"@id\":\"https:\\\/\\\/chemsxpress.com\\\/product\\\/buy-5-meo-dmt-freebase\\\/#breadcrumb\",\"itemListElement\":[{\"@type\":\"ListItem\",\"position\":1,\"name\":\"Home\",\"item\":\"https:\\\/\\\/chemsxpress.com\\\/\"},{\"@type\":\"ListItem\",\"position\":2,\"name\":\"Shop\",\"item\":\"https:\\\/\\\/chemsxpress.com\\\/shop\\\/\"},{\"@type\":\"ListItem\",\"position\":3,\"name\":\"5-MeO-DMT freebase\"}]},{\"@type\":\"WebSite\",\"@id\":\"https:\\\/\\\/chemsxpress.com\\\/#website\",\"url\":\"https:\\\/\\\/chemsxpress.com\\\/\",\"name\":\"SHOP MDPHP\",\"description\":\"Buy MDPHP freebase from reliable supplier\",\"potentialAction\":[{\"@type\":\"SearchAction\",\"target\":{\"@type\":\"EntryPoint\",\"urlTemplate\":\"https:\\\/\\\/chemsxpress.com\\\/?s={search_term_string}\"},\"query-input\":{\"@type\":\"PropertyValueSpecification\",\"valueRequired\":true,\"valueName\":\"search_term_string\"}}],\"inLanguage\":\"nl-NL\"}]}<\/script>\n<!-- \/ Yoast SEO Premium plugin. -->","yoast_head_json":{"title":"5-MEO-DMT Freebase kopen: Topkwaliteit RC's | ChemsXpress","description":"Ontdek 5-MEO-DMT freebase bij ChemsXpress. Eersteklas onderzoekschemicali\u00ebn, snelle verzending. Vertrouw op onze kwaliteitsgarantie voor al uw onderzoeksbehoeften. Bestel nu","robots":{"index":"index","follow":"follow","max-snippet":"max-snippet:-1","max-image-preview":"max-image-preview:large","max-video-preview":"max-video-preview:-1"},"canonical":"https:\/\/chemsxpress.com\/nl\/product\/5-meo-dmt-freebase-kopen\/","og_locale":"nl_NL","og_type":"article","og_title":"5-MeO-DMT freebase","og_description":"Explore 5-MEO-DMT freebase at ChemsXpress. Premium research chemicals, fast shipping. Trust our quality assurance for all your research needs. Order now","og_url":"https:\/\/chemsxpress.com\/nl\/product\/5-meo-dmt-freebase-kopen\/","og_site_name":"SHOP MDPHP","article_modified_time":"2024-07-04T22:02:16+00:00","og_image":[{"width":600,"height":600,"url":"https:\/\/chemsxpress.com\/wp-content\/uploads\/2024\/04\/5-MeO-DMT-freebase.jpg","type":"image\/jpeg"}],"twitter_card":"summary_large_image","twitter_misc":{"Geschatte leestijd":"4 minuten"},"schema":{"@context":"https:\/\/schema.org","@graph":[{"@type":"WebPage","@id":"https:\/\/chemsxpress.com\/product\/buy-5-meo-dmt-freebase\/","url":"https:\/\/chemsxpress.com\/product\/buy-5-meo-dmt-freebase\/","name":"5-MEO-DMT Freebase kopen: Topkwaliteit RC's | ChemsXpress","isPartOf":{"@id":"https:\/\/chemsxpress.com\/#website"},"primaryImageOfPage":{"@id":"https:\/\/chemsxpress.com\/product\/buy-5-meo-dmt-freebase\/#primaryimage"},"image":{"@id":"https:\/\/chemsxpress.com\/product\/buy-5-meo-dmt-freebase\/#primaryimage"},"thumbnailUrl":"https:\/\/chemsxpress.com\/wp-content\/uploads\/2024\/04\/5-MeO-DMT-freebase.jpg","datePublished":"2024-04-29T13:20:19+00:00","dateModified":"2024-07-04T22:02:16+00:00","description":"Ontdek 5-MEO-DMT freebase bij ChemsXpress. Eersteklas onderzoekschemicali\u00ebn, snelle verzending. Vertrouw op onze kwaliteitsgarantie voor al uw onderzoeksbehoeften. Bestel nu","breadcrumb":{"@id":"https:\/\/chemsxpress.com\/product\/buy-5-meo-dmt-freebase\/#breadcrumb"},"inLanguage":"nl-NL","potentialAction":[{"@type":"ReadAction","target":["https:\/\/chemsxpress.com\/product\/buy-5-meo-dmt-freebase\/"]}]},{"@type":"ImageObject","inLanguage":"nl-NL","@id":"https:\/\/chemsxpress.com\/product\/buy-5-meo-dmt-freebase\/#primaryimage","url":"https:\/\/chemsxpress.com\/wp-content\/uploads\/2024\/04\/5-MeO-DMT-freebase.jpg","contentUrl":"https:\/\/chemsxpress.com\/wp-content\/uploads\/2024\/04\/5-MeO-DMT-freebase.jpg","width":600,"height":600,"caption":"Buy 5-Meo-DMT freebase"},{"@type":"BreadcrumbList","@id":"https:\/\/chemsxpress.com\/product\/buy-5-meo-dmt-freebase\/#breadcrumb","itemListElement":[{"@type":"ListItem","position":1,"name":"Home","item":"https:\/\/chemsxpress.com\/"},{"@type":"ListItem","position":2,"name":"Shop","item":"https:\/\/chemsxpress.com\/shop\/"},{"@type":"ListItem","position":3,"name":"5-MeO-DMT freebase"}]},{"@type":"WebSite","@id":"https:\/\/chemsxpress.com\/#website","url":"https:\/\/chemsxpress.com\/","name":"WINKELEN MDPHP","description":"MDPHP freebase kopen bij betrouwbare leverancier","potentialAction":[{"@type":"SearchAction","target":{"@type":"EntryPoint","urlTemplate":"https:\/\/chemsxpress.com\/?s={search_term_string}"},"query-input":{"@type":"PropertyValueSpecification","valueRequired":true,"valueName":"search_term_string"}}],"inLanguage":"nl-NL"}]}},"jetpack_sharing_enabled":true,"_links":{"self":[{"href":"https:\/\/chemsxpress.com\/nl\/wp-json\/wp\/v2\/product\/29010","targetHints":{"allow":["GET"]}}],"collection":[{"href":"https:\/\/chemsxpress.com\/nl\/wp-json\/wp\/v2\/product"}],"about":[{"href":"https:\/\/chemsxpress.com\/nl\/wp-json\/wp\/v2\/types\/product"}],"replies":[{"embeddable":true,"href":"https:\/\/chemsxpress.com\/nl\/wp-json\/wp\/v2\/comments?post=29010"}],"version-history":[{"count":4,"href":"https:\/\/chemsxpress.com\/nl\/wp-json\/wp\/v2\/product\/29010\/revisions"}],"predecessor-version":[{"id":30001,"href":"https:\/\/chemsxpress.com\/nl\/wp-json\/wp\/v2\/product\/29010\/revisions\/30001"}],"wp:featuredmedia":[{"embeddable":true,"href":"https:\/\/chemsxpress.com\/nl\/wp-json\/wp\/v2\/media\/29078"}],"wp:attachment":[{"href":"https:\/\/chemsxpress.com\/nl\/wp-json\/wp\/v2\/media?parent=29010"}],"wp:term":[{"taxonomy":"product_brand","embeddable":true,"href":"https:\/\/chemsxpress.com\/nl\/wp-json\/wp\/v2\/product_brand?post=29010"},{"taxonomy":"product_cat","embeddable":true,"href":"https:\/\/chemsxpress.com\/nl\/wp-json\/wp\/v2\/product_cat?post=29010"},{"taxonomy":"product_tag","embeddable":true,"href":"https:\/\/chemsxpress.com\/nl\/wp-json\/wp\/v2\/product_tag?post=29010"}],"curies":[{"name":"wp","href":"https:\/\/api.w.org\/{rel}","templated":true}]}}